{"id":3021,"date":"2022-02-24T05:03:32","date_gmt":"2022-02-24T05:03:32","guid":{"rendered":"https:\/\/paraguaytransfers.com\/sobre-nos\/"},"modified":"2025-10-10T12:25:25","modified_gmt":"2025-10-10T12:25:25","slug":"sobre-nos","status":"publish","type":"page","link":"https:\/\/paraguaytransfers.com\/pt-br\/sobre-nos\/","title":{"rendered":"Sobre n\u00f3s"},"content":{"rendered":"\n<div class=\"wp-block-uagb-container uagb-block-47366506 alignfull uagb-is-root-container\"><div class=\"uagb-container-inner-blocks-wrap\">\n<div class=\"wp-block-uagb-advanced-heading uagb-block-d97bb5be\"><h2 class=\"uagb-heading-text\"><strong>Somos especializados em <strong>traslados particulares de Assun\u00e7\u00e3o para os principais destinos tur\u00edsticos do Paraguai<\/strong>,<\/strong> <strong>combinando <strong>seguran\u00e7a, pontualidade, conforto e atendimento personalizado<\/strong>.<\/strong><\/h2><\/div>\n\n\n\n<p><\/p>\n\n\n\n<p class=\"has-black-color has-text-color has-link-color wp-elements-8baf021c592173a3322326732e327f1c\">Nascemos com um objetivo claro: fazer de cada viagem uma experi\u00eancia tranquila e sem estresse, totalmente adaptada \u00e0s necessidades de cada viajante. Acreditamos que o traslado \u00e9 a primeira etapa de sua aventura e garantimos que ela comece da melhor maneira poss\u00edvel. <\/p>\n\n\n\n<p class=\"has-black-color has-text-color has-link-color wp-elements-25c39ec23beb9915de3e4f437d2b79bf\">Nossos <strong>motoristas profissionais, ve\u00edculos confort\u00e1veis e pre\u00e7os transparentes<\/strong> garantem um servi\u00e7o confi\u00e1vel. Quer voc\u00ea esteja viajando a neg\u00f3cios, turismo ou lazer, nossa equipe cuida de tudo para que voc\u00ea possa simplesmente relaxar e aproveitar a viagem. <\/p>\n\n\n\n<p class=\"has-black-color has-text-color has-link-color wp-elements-edd0967a28e66f26911bfc42a3c7a095\">Porque, para n\u00f3s, <strong>n\u00e3o se trata apenas de levar voc\u00ea de um lugar para outro &#8211; trata-se de proporcionar confian\u00e7a, conforto e cuidado genu\u00edno.<\/strong><\/p>\n\n\n\n<p><\/p>\n<\/div><\/div>\n","protected":false},"excerpt":{"rendered":"<p>Somos especializados em traslados particulares de Assun\u00e7\u00e3o para os principais destinos tur\u00edsticos do Paraguai, combinando seguran\u00e7a, pontualidade, conforto e atendimento personalizado. Nascemos com um objetivo claro: fazer de cada viagem uma experi\u00eancia tranquila e sem estresse, totalmente adaptada \u00e0s necessidades de cada viajante. Acreditamos que o traslado \u00e9 a primeira etapa de sua aventura e &hellip;<\/p>\n<p class=\"read-more\"> <a class=\"\" href=\"https:\/\/paraguaytransfers.com\/pt-br\/sobre-nos\/\"> <span class=\"screen-reader-text\">Sobre n\u00f3s<\/span> Read More \u00bb<\/a><\/p>\n","protected":false},"author":1,"featured_media":3552,"parent":0,"menu_order":0,"comment_status":"closed","ping_status":"closed","template":"","meta":{"_uag_custom_page_level_css":"","site-sidebar-layout":"no-sidebar","site-content-layout":"page-builder","ast-global-header-display":"","ast-main-header-display":"","ast-hfb-above-header-display":"","ast-hfb-below-header-display":"","ast-hfb-mobile-header-display":"","site-post-title":"disabled","ast-breadcrumbs-content":"","ast-featured-img":"disabled","footer-sml-layout":"","theme-transparent-header-meta":"enabled","adv-header-id-meta":"","stick-header-meta":"","header-above-stick-meta":"","header-main-stick-meta":"","header-below-stick-meta":"","footnotes":""},"class_list":["post-3021","page","type-page","status-publish","has-post-thumbnail","hentry"],"yoast_head":"<!-- This site is optimized with the Yoast SEO plugin v27.2 - https:\/\/yoast.com\/product\/yoast-seo-wordpress\/ -->\n<title>Sobre n\u00f3s - Paraguay Transfers<\/title>\n<meta name=\"robots\" content=\"index, follow, max-snippet:-1, max-image-preview:large, max-video-preview:-1\" \/>\n<link rel=\"canonical\" href=\"https:\/\/paraguaytransfers.com\/pt-br\/sobre-nos\/\" \/>\n<meta property=\"og:locale\" content=\"pt_BR\" \/>\n<meta property=\"og:type\" content=\"article\" \/>\n<meta property=\"og:title\" content=\"Sobre n\u00f3s - Paraguay Transfers\" \/>\n<meta property=\"og:description\" content=\"Somos especializados em traslados particulares de Assun\u00e7\u00e3o para os principais destinos tur\u00edsticos do Paraguai, combinando seguran\u00e7a, pontualidade, conforto e atendimento personalizado. Nascemos com um objetivo claro: fazer de cada viagem uma experi\u00eancia tranquila e sem estresse, totalmente adaptada \u00e0s necessidades de cada viajante. Acreditamos que o traslado \u00e9 a primeira etapa de sua aventura e &hellip; Sobre n\u00f3s Read More \u00bb\" \/>\n<meta property=\"og:url\" content=\"https:\/\/paraguaytransfers.com\/pt-br\/sobre-nos\/\" \/>\n<meta property=\"og:site_name\" content=\"Paraguay Transfers\" \/>\n<meta property=\"article:publisher\" content=\"https:\/\/www.facebook.com\/quebrachoexport\" \/>\n<meta property=\"article:modified_time\" content=\"2025-10-10T12:25:25+00:00\" \/>\n<meta property=\"og:image\" content=\"https:\/\/paraguaytransfers.com\/wp-content\/uploads\/2025\/10\/paraguay-transfer-1.webp\" \/>\n\t<meta property=\"og:image:width\" content=\"1536\" \/>\n\t<meta property=\"og:image:height\" content=\"1024\" \/>\n\t<meta property=\"og:image:type\" content=\"image\/webp\" \/>\n<meta name=\"twitter:card\" content=\"summary_large_image\" \/>\n<meta name=\"twitter:label1\" content=\"Est. tempo de leitura\" \/>\n\t<meta name=\"twitter:data1\" content=\"1 minuto\" \/>\n<script type=\"application\/ld+json\" class=\"yoast-schema-graph\">{\"@context\":\"https:\/\/schema.org\",\"@graph\":[{\"@type\":\"WebPage\",\"@id\":\"https:\/\/paraguaytransfers.com\/pt-br\/sobre-nos\/\",\"url\":\"https:\/\/paraguaytransfers.com\/pt-br\/sobre-nos\/\",\"name\":\"Sobre n\u00f3s - Paraguay Transfers\",\"isPartOf\":{\"@id\":\"https:\/\/paraguaytransfers.com\/pt-br\/#website\"},\"primaryImageOfPage\":{\"@id\":\"https:\/\/paraguaytransfers.com\/pt-br\/sobre-nos\/#primaryimage\"},\"image\":{\"@id\":\"https:\/\/paraguaytransfers.com\/pt-br\/sobre-nos\/#primaryimage\"},\"thumbnailUrl\":\"https:\/\/paraguaytransfers.com\/wp-content\/uploads\/2025\/10\/paraguay-transfer-1.webp\",\"datePublished\":\"2022-02-24T05:03:32+00:00\",\"dateModified\":\"2025-10-10T12:25:25+00:00\",\"breadcrumb\":{\"@id\":\"https:\/\/paraguaytransfers.com\/pt-br\/sobre-nos\/#breadcrumb\"},\"inLanguage\":\"pt-BR\",\"potentialAction\":[{\"@type\":\"ReadAction\",\"target\":[\"https:\/\/paraguaytransfers.com\/pt-br\/sobre-nos\/\"]}]},{\"@type\":\"ImageObject\",\"inLanguage\":\"pt-BR\",\"@id\":\"https:\/\/paraguaytransfers.com\/pt-br\/sobre-nos\/#primaryimage\",\"url\":\"https:\/\/paraguaytransfers.com\/wp-content\/uploads\/2025\/10\/paraguay-transfer-1.webp\",\"contentUrl\":\"https:\/\/paraguaytransfers.com\/wp-content\/uploads\/2025\/10\/paraguay-transfer-1.webp\",\"width\":1536,\"height\":1024},{\"@type\":\"BreadcrumbList\",\"@id\":\"https:\/\/paraguaytransfers.com\/pt-br\/sobre-nos\/#breadcrumb\",\"itemListElement\":[{\"@type\":\"ListItem\",\"position\":1,\"name\":\"Home\",\"item\":\"https:\/\/paraguaytransfers.com\/pt-br\/\"},{\"@type\":\"ListItem\",\"position\":2,\"name\":\"Sobre n\u00f3s\"}]},{\"@type\":\"WebSite\",\"@id\":\"https:\/\/paraguaytransfers.com\/pt-br\/#website\",\"url\":\"https:\/\/paraguaytransfers.com\/pt-br\/\",\"name\":\"Paraguay Transfers\",\"description\":\"\",\"publisher\":{\"@id\":\"https:\/\/paraguaytransfers.com\/pt-br\/#organization\"},\"potentialAction\":[{\"@type\":\"SearchAction\",\"target\":{\"@type\":\"EntryPoint\",\"urlTemplate\":\"https:\/\/paraguaytransfers.com\/pt-br\/?s={search_term_string}\"},\"query-input\":{\"@type\":\"PropertyValueSpecification\",\"valueRequired\":true,\"valueName\":\"search_term_string\"}}],\"inLanguage\":\"pt-BR\"},{\"@type\":\"Organization\",\"@id\":\"https:\/\/paraguaytransfers.com\/pt-br\/#organization\",\"name\":\"Paraguay Transfers\",\"url\":\"https:\/\/paraguaytransfers.com\/pt-br\/\",\"logo\":{\"@type\":\"ImageObject\",\"inLanguage\":\"pt-BR\",\"@id\":\"https:\/\/paraguaytransfers.com\/pt-br\/#\/schema\/logo\/image\/\",\"url\":\"https:\/\/paraguaytransfers.com\/wp-content\/uploads\/2025\/10\/cropped-logoPT_4.png\",\"contentUrl\":\"https:\/\/paraguaytransfers.com\/wp-content\/uploads\/2025\/10\/cropped-logoPT_4.png\",\"width\":416,\"height\":143,\"caption\":\"Paraguay Transfers\"},\"image\":{\"@id\":\"https:\/\/paraguaytransfers.com\/pt-br\/#\/schema\/logo\/image\/\"},\"sameAs\":[\"https:\/\/www.facebook.com\/quebrachoexport\",\"https:\/\/www.linkedin.com\/company\/93223467\"]}]}<\/script>\n<!-- \/ Yoast SEO plugin. -->","yoast_head_json":{"title":"Sobre n\u00f3s - Paraguay Transfers","robots":{"index":"index","follow":"follow","max-snippet":"max-snippet:-1","max-image-preview":"max-image-preview:large","max-video-preview":"max-video-preview:-1"},"canonical":"https:\/\/paraguaytransfers.com\/pt-br\/sobre-nos\/","og_locale":"pt_BR","og_type":"article","og_title":"Sobre n\u00f3s - Paraguay Transfers","og_description":"Somos especializados em traslados particulares de Assun\u00e7\u00e3o para os principais destinos tur\u00edsticos do Paraguai, combinando seguran\u00e7a, pontualidade, conforto e atendimento personalizado. Nascemos com um objetivo claro: fazer de cada viagem uma experi\u00eancia tranquila e sem estresse, totalmente adaptada \u00e0s necessidades de cada viajante. Acreditamos que o traslado \u00e9 a primeira etapa de sua aventura e &hellip; Sobre n\u00f3s Read More \u00bb","og_url":"https:\/\/paraguaytransfers.com\/pt-br\/sobre-nos\/","og_site_name":"Paraguay Transfers","article_publisher":"https:\/\/www.facebook.com\/quebrachoexport","article_modified_time":"2025-10-10T12:25:25+00:00","og_image":[{"width":1536,"height":1024,"url":"https:\/\/paraguaytransfers.com\/wp-content\/uploads\/2025\/10\/paraguay-transfer-1.webp","type":"image\/webp"}],"twitter_card":"summary_large_image","twitter_misc":{"Est. tempo de leitura":"1 minuto"},"schema":{"@context":"https:\/\/schema.org","@graph":[{"@type":"WebPage","@id":"https:\/\/paraguaytransfers.com\/pt-br\/sobre-nos\/","url":"https:\/\/paraguaytransfers.com\/pt-br\/sobre-nos\/","name":"Sobre n\u00f3s - Paraguay Transfers","isPartOf":{"@id":"https:\/\/paraguaytransfers.com\/pt-br\/#website"},"primaryImageOfPage":{"@id":"https:\/\/paraguaytransfers.com\/pt-br\/sobre-nos\/#primaryimage"},"image":{"@id":"https:\/\/paraguaytransfers.com\/pt-br\/sobre-nos\/#primaryimage"},"thumbnailUrl":"https:\/\/paraguaytransfers.com\/wp-content\/uploads\/2025\/10\/paraguay-transfer-1.webp","datePublished":"2022-02-24T05:03:32+00:00","dateModified":"2025-10-10T12:25:25+00:00","breadcrumb":{"@id":"https:\/\/paraguaytransfers.com\/pt-br\/sobre-nos\/#breadcrumb"},"inLanguage":"pt-BR","potentialAction":[{"@type":"ReadAction","target":["https:\/\/paraguaytransfers.com\/pt-br\/sobre-nos\/"]}]},{"@type":"ImageObject","inLanguage":"pt-BR","@id":"https:\/\/paraguaytransfers.com\/pt-br\/sobre-nos\/#primaryimage","url":"https:\/\/paraguaytransfers.com\/wp-content\/uploads\/2025\/10\/paraguay-transfer-1.webp","contentUrl":"https:\/\/paraguaytransfers.com\/wp-content\/uploads\/2025\/10\/paraguay-transfer-1.webp","width":1536,"height":1024},{"@type":"BreadcrumbList","@id":"https:\/\/paraguaytransfers.com\/pt-br\/sobre-nos\/#breadcrumb","itemListElement":[{"@type":"ListItem","position":1,"name":"Home","item":"https:\/\/paraguaytransfers.com\/pt-br\/"},{"@type":"ListItem","position":2,"name":"Sobre n\u00f3s"}]},{"@type":"WebSite","@id":"https:\/\/paraguaytransfers.com\/pt-br\/#website","url":"https:\/\/paraguaytransfers.com\/pt-br\/","name":"Paraguay Transfers","description":"","publisher":{"@id":"https:\/\/paraguaytransfers.com\/pt-br\/#organization"},"potentialAction":[{"@type":"SearchAction","target":{"@type":"EntryPoint","urlTemplate":"https:\/\/paraguaytransfers.com\/pt-br\/?s={search_term_string}"},"query-input":{"@type":"PropertyValueSpecification","valueRequired":true,"valueName":"search_term_string"}}],"inLanguage":"pt-BR"},{"@type":"Organization","@id":"https:\/\/paraguaytransfers.com\/pt-br\/#organization","name":"Paraguay Transfers","url":"https:\/\/paraguaytransfers.com\/pt-br\/","logo":{"@type":"ImageObject","inLanguage":"pt-BR","@id":"https:\/\/paraguaytransfers.com\/pt-br\/#\/schema\/logo\/image\/","url":"https:\/\/paraguaytransfers.com\/wp-content\/uploads\/2025\/10\/cropped-logoPT_4.png","contentUrl":"https:\/\/paraguaytransfers.com\/wp-content\/uploads\/2025\/10\/cropped-logoPT_4.png","width":416,"height":143,"caption":"Paraguay Transfers"},"image":{"@id":"https:\/\/paraguaytransfers.com\/pt-br\/#\/schema\/logo\/image\/"},"sameAs":["https:\/\/www.facebook.com\/quebrachoexport","https:\/\/www.linkedin.com\/company\/93223467"]}]}},"uagb_featured_image_src":{"full":["https:\/\/paraguaytransfers.com\/wp-content\/uploads\/2025\/10\/paraguay-transfer-1.webp",1536,1024,false],"thumbnail":["https:\/\/paraguaytransfers.com\/wp-content\/uploads\/2025\/10\/paraguay-transfer-1-150x150.webp",150,150,true],"medium":["https:\/\/paraguaytransfers.com\/wp-content\/uploads\/2025\/10\/paraguay-transfer-1-300x200.webp",300,200,true],"medium_large":["https:\/\/paraguaytransfers.com\/wp-content\/uploads\/2025\/10\/paraguay-transfer-1-768x512.webp",768,512,true],"large":["https:\/\/paraguaytransfers.com\/wp-content\/uploads\/2025\/10\/paraguay-transfer-1-1024x683.webp",1024,683,true],"1536x1536":["https:\/\/paraguaytransfers.com\/wp-content\/uploads\/2025\/10\/paraguay-transfer-1.webp",1536,1024,false],"2048x2048":["https:\/\/paraguaytransfers.com\/wp-content\/uploads\/2025\/10\/paraguay-transfer-1.webp",1536,1024,false]},"uagb_author_info":{"display_name":"admin","author_link":"https:\/\/paraguaytransfers.com\/pt-br\/author\/admin\/"},"uagb_comment_info":0,"uagb_excerpt":"Somos especializados em traslados particulares de Assun\u00e7\u00e3o para os principais destinos tur\u00edsticos do Paraguai, combinando seguran\u00e7a, pontualidade, conforto e atendimento personalizado. Nascemos com um objetivo claro: fazer de cada viagem uma experi\u00eancia tranquila e sem estresse, totalmente adaptada \u00e0s necessidades de cada viajante. Acreditamos que o traslado \u00e9 a primeira etapa de sua aventura e&hellip;","_links":{"self":[{"href":"https:\/\/paraguaytransfers.com\/pt-br\/wp-json\/wp\/v2\/pages\/3021","targetHints":{"allow":["GET"]}}],"collection":[{"href":"https:\/\/paraguaytransfers.com\/pt-br\/wp-json\/wp\/v2\/pages"}],"about":[{"href":"https:\/\/paraguaytransfers.com\/pt-br\/wp-json\/wp\/v2\/types\/page"}],"author":[{"embeddable":true,"href":"https:\/\/paraguaytransfers.com\/pt-br\/wp-json\/wp\/v2\/users\/1"}],"replies":[{"embeddable":true,"href":"https:\/\/paraguaytransfers.com\/pt-br\/wp-json\/wp\/v2\/comments?post=3021"}],"version-history":[{"count":4,"href":"https:\/\/paraguaytransfers.com\/pt-br\/wp-json\/wp\/v2\/pages\/3021\/revisions"}],"predecessor-version":[{"id":3453,"href":"https:\/\/paraguaytransfers.com\/pt-br\/wp-json\/wp\/v2\/pages\/3021\/revisions\/3453"}],"wp:featuredmedia":[{"embeddable":true,"href":"https:\/\/paraguaytransfers.com\/pt-br\/wp-json\/wp\/v2\/media\/3552"}],"wp:attachment":[{"href":"https:\/\/paraguaytransfers.com\/pt-br\/wp-json\/wp\/v2\/media?parent=3021"}],"curies":[{"name":"wp","href":"https:\/\/api.w.org\/{rel}","templated":true}]}}