{"id":3025,"date":"2023-05-02T04:47:54","date_gmt":"2023-05-02T04:47:54","guid":{"rendered":"https:\/\/paraguaytransfers.com\/politica-de-privacidade\/"},"modified":"2024-10-09T14:22:58","modified_gmt":"2024-10-09T14:22:58","slug":"politica-de-privacidade","status":"publish","type":"page","link":"https:\/\/paraguaytransfers.com\/pt-br\/politica-de-privacidade\/","title":{"rendered":"Pol\u00edtica de privacidade"},"content":{"rendered":"\n<p>\u00daltima atualiza\u00e7\u00e3o: 6\/5\/2023<\/p>\n\n<p><\/p>\n\n<p>No QuebrachoExport.com, temos o compromisso de proteger a sua privacidade. Esta Pol\u00edtica de Privacidade explica como coletamos, usamos e protegemos suas informa\u00e7\u00f5es pessoais quando voc\u00ea acessa nosso site, <a href=\"https:\/\/paraguaytransfers.com\/pt-br\/\">https:\/\/paraguaytransfers.com<\/a> (o &#8220;Site&#8221;). <\/p>\n\n<p>Ao usar nosso Site, voc\u00ea concorda com as pr\u00e1ticas de dados descritas nesta Pol\u00edtica de Privacidade. Se voc\u00ea n\u00e3o concordar com os termos descritos nesta Pol\u00edtica de Privacidade, n\u00e3o acesse nem use nosso Site. <\/p>\n\n<ol class=\"wp-block-list\">\n<li>Coleta e uso de informa\u00e7\u00f5es<\/li>\n<\/ol>\n\n<p>Quando voc\u00ea visita nosso Site, podemos coletar informa\u00e7\u00f5es pessoais, como seu nome, endere\u00e7o de e-mail, n\u00famero de telefone e endere\u00e7o de entrega. Essas informa\u00e7\u00f5es s\u00e3o usadas para fornecer a voc\u00ea os produtos ou servi\u00e7os solicitados, responder a consultas e comunicar-se com voc\u00ea sobre seus pedidos ou qualquer informa\u00e7\u00e3o relevante. <\/p>\n\n<p>Tamb\u00e9m coletamos informa\u00e7\u00f5es n\u00e3o pessoais sobre o hardware e o software do seu computador, inclusive seu endere\u00e7o IP, tipo de navegador, nomes de dom\u00ednio, hor\u00e1rios de acesso e endere\u00e7os de sites de refer\u00eancia. Essas informa\u00e7\u00f5es nos ajudam a manter a qualidade do nosso servi\u00e7o, entender as prefer\u00eancias do usu\u00e1rio e analisar os padr\u00f5es gerais de uso do nosso Site. <\/p>\n\n<ol class=\"wp-block-list\" start=\"2\">\n<li>Uso de cookies<\/li>\n<\/ol>\n\n<p>Nosso site usa &#8220;cookies&#8221; para personalizar sua experi\u00eancia on-line. Um cookie \u00e9 um pequeno arquivo de texto que \u00e9 armazenado no seu computador ou dispositivo m\u00f3vel quando voc\u00ea visita determinadas p\u00e1ginas da Web. Os cookies nos ajudam a entender suas prefer\u00eancias com base em sua atividade anterior ou atual no site, o que nos permite oferecer a voc\u00ea servi\u00e7os aprimorados. Voc\u00ea tem a op\u00e7\u00e3o de aceitar ou recusar cookies. A maioria dos navegadores da Web aceita cookies automaticamente, mas voc\u00ea pode modificar as configura\u00e7\u00f5es do navegador para recusar cookies, se preferir.    <\/p>\n\n<ol class=\"wp-block-list\" start=\"3\">\n<li>Compartilhamento e divulga\u00e7\u00e3o de informa\u00e7\u00f5es<\/li>\n<\/ol>\n\n<p>N\u00e3o vendemos, alugamos ou cedemos nossas listas de clientes ou informa\u00e7\u00f5es pessoais a terceiros. Podemos compartilhar suas informa\u00e7\u00f5es pessoais com prestadores de servi\u00e7os terceirizados de confian\u00e7a para nos ajudar a realizar an\u00e1lises estat\u00edsticas, enviar e-mails ou correspond\u00eancias, fornecer suporte ao cliente ou providenciar entregas. Todos esses terceiros est\u00e3o proibidos de usar suas informa\u00e7\u00f5es pessoais, exceto para fornecer esses servi\u00e7os, e s\u00e3o obrigados a manter a confidencialidade de suas informa\u00e7\u00f5es.  <\/p>\n\n<p>Tamb\u00e9m poderemos divulgar suas informa\u00e7\u00f5es pessoais se formos obrigados a faz\u00ea-lo por lei ou se acreditarmos de boa f\u00e9 que tal a\u00e7\u00e3o \u00e9 necess\u00e1ria para: (a) cumprir requisitos legais ou processos legais movidos pelo QuebrachoExport.com; (b) proteger e defender os direitos ou a propriedade do QuebrachoExport.com; ou (c) agir sob circunst\u00e2ncias exigentes para proteger a seguran\u00e7a pessoal dos usu\u00e1rios do QuebrachoExport.com ou do p\u00fablico.   <\/p>\n\n<ol class=\"wp-block-list\" start=\"4\">\n<li>Seguran\u00e7a<\/li>\n<\/ol>\n\n<p>Levamos a seguran\u00e7a de suas informa\u00e7\u00f5es pessoais a s\u00e9rio e implementamos medidas de seguran\u00e7a razo\u00e1veis para proteger suas informa\u00e7\u00f5es contra acesso, uso ou divulga\u00e7\u00e3o n\u00e3o autorizados. Entretanto, nenhum m\u00e9todo de transmiss\u00e3o de dados ou armazenamento eletr\u00f4nico \u00e9 100% seguro. Portanto, embora nos esforcemos para proteger suas informa\u00e7\u00f5es pessoais, n\u00e3o podemos garantir sua seguran\u00e7a absoluta.  <\/p>\n\n<ol class=\"wp-block-list\" start=\"5\">\n<li>Links para outros sites<\/li>\n<\/ol>\n\n<p>Nosso Site pode conter links para outros sites. N\u00e3o somos respons\u00e1veis pelo conte\u00fado, pol\u00edticas de privacidade ou pr\u00e1ticas desses sites externos. Recomendamos que voc\u00ea analise as pol\u00edticas de privacidade de qualquer site que visitar.  <\/p>\n\n<ol class=\"wp-block-list\" start=\"6\">\n<li>Altera\u00e7\u00f5es a esta Pol\u00edtica de Privacidade<\/li>\n<\/ol>\n\n<p>Ocasionalmente, poderemos atualizar esta Pol\u00edtica de Privacidade para refletir o feedback da empresa e dos clientes ou altera\u00e7\u00f5es na legisla\u00e7\u00e3o sobre privacidade. Recomendamos que voc\u00ea revise periodicamente esta Pol\u00edtica de Privacidade para se manter informado sobre como estamos protegendo suas informa\u00e7\u00f5es. <\/p>\n\n<ol class=\"wp-block-list\" start=\"7\">\n<li>Informa\u00e7\u00f5es de contato<\/li>\n<\/ol>\n\n<p>Se voc\u00ea tiver alguma d\u00favida ou preocupa\u00e7\u00e3o sobre esta Pol\u00edtica de Privacidade ou sobre nossas pr\u00e1ticas de tratamento de dados, entre em contato conosco:<\/p>\n\n<p>QuebrachoExport.com  <\/p>\n\n<p>Moises Bertoni 2749  <\/p>\n\n<p>E-mail: info@paraguaytransfers.com  <\/p>\n\n<p>Telefone: +595991850766<\/p>\n\n<p>Responderemos \u00e0s suas perguntas e faremos todo o poss\u00edvel para resolver quaisquer preocupa\u00e7\u00f5es que voc\u00ea possa ter.<\/p>\n","protected":false},"excerpt":{"rendered":"<p>\u00daltima atualiza\u00e7\u00e3o: 6\/5\/2023 No QuebrachoExport.com, temos o compromisso de proteger a sua privacidade. Esta Pol\u00edtica de Privacidade explica como coletamos, usamos e protegemos suas informa\u00e7\u00f5es pessoais quando voc\u00ea acessa nosso site, https:\/\/paraguaytransfers.com (o &#8220;Site&#8221;). Ao usar nosso Site, voc\u00ea concorda com as pr\u00e1ticas de dados descritas nesta Pol\u00edtica de Privacidade. Se voc\u00ea n\u00e3o concordar com &hellip;<\/p>\n<p class=\"read-more\"> <a class=\"\" href=\"https:\/\/paraguaytransfers.com\/pt-br\/politica-de-privacidade\/\"> <span class=\"screen-reader-text\">Pol\u00edtica de privacidade<\/span> Read More \u00bb<\/a><\/p>\n","protected":false},"author":1,"featured_media":0,"parent":0,"menu_order":0,"comment_status":"closed","ping_status":"open","template":"","meta":{"_uag_custom_page_level_css":"","site-sidebar-layout":"default","site-content-layout":"default","ast-global-header-display":"","ast-main-header-display":"","ast-hfb-above-header-display":"","ast-hfb-below-header-display":"","ast-hfb-mobile-header-display":"","site-post-title":"","ast-breadcrumbs-content":"","ast-featured-img":"","footer-sml-layout":"","theme-transparent-header-meta":"","adv-header-id-meta":"","stick-header-meta":"","header-above-stick-meta":"","header-main-stick-meta":"","header-below-stick-meta":"","footnotes":""},"class_list":["post-3025","page","type-page","status-publish","hentry"],"yoast_head":"<!-- This site is optimized with the Yoast SEO plugin v27.2 - https:\/\/yoast.com\/product\/yoast-seo-wordpress\/ -->\n<title>Pol\u00edtica de privacidade - Paraguay Transfers<\/title>\n<meta name=\"robots\" content=\"index, follow, max-snippet:-1, max-image-preview:large, max-video-preview:-1\" \/>\n<link rel=\"canonical\" href=\"https:\/\/paraguaytransfers.com\/pt-br\/politica-de-privacidade\/\" \/>\n<meta property=\"og:locale\" content=\"pt_BR\" \/>\n<meta property=\"og:type\" content=\"article\" \/>\n<meta property=\"og:title\" content=\"Pol\u00edtica de privacidade - Paraguay Transfers\" \/>\n<meta property=\"og:description\" content=\"\u00daltima atualiza\u00e7\u00e3o: 6\/5\/2023 No QuebrachoExport.com, temos o compromisso de proteger a sua privacidade. Esta Pol\u00edtica de Privacidade explica como coletamos, usamos e protegemos suas informa\u00e7\u00f5es pessoais quando voc\u00ea acessa nosso site, https:\/\/paraguaytransfers.com (o &#8220;Site&#8221;). Ao usar nosso Site, voc\u00ea concorda com as pr\u00e1ticas de dados descritas nesta Pol\u00edtica de Privacidade. Se voc\u00ea n\u00e3o concordar com &hellip; Pol\u00edtica de privacidade Read More \u00bb\" \/>\n<meta property=\"og:url\" content=\"https:\/\/paraguaytransfers.com\/pt-br\/politica-de-privacidade\/\" \/>\n<meta property=\"og:site_name\" content=\"Paraguay Transfers\" \/>\n<meta property=\"article:publisher\" content=\"https:\/\/www.facebook.com\/quebrachoexport\" \/>\n<meta property=\"article:modified_time\" content=\"2024-10-09T14:22:58+00:00\" \/>\n<meta name=\"twitter:card\" content=\"summary_large_image\" \/>\n<meta name=\"twitter:label1\" content=\"Est. tempo de leitura\" \/>\n\t<meta name=\"twitter:data1\" content=\"4 minutos\" \/>\n<script type=\"application\/ld+json\" class=\"yoast-schema-graph\">{\"@context\":\"https:\/\/schema.org\",\"@graph\":[{\"@type\":\"WebPage\",\"@id\":\"https:\/\/paraguaytransfers.com\/pt-br\/politica-de-privacidade\/\",\"url\":\"https:\/\/paraguaytransfers.com\/pt-br\/politica-de-privacidade\/\",\"name\":\"Pol\u00edtica de privacidade - Paraguay Transfers\",\"isPartOf\":{\"@id\":\"https:\/\/paraguaytransfers.com\/pt-br\/#website\"},\"datePublished\":\"2023-05-02T04:47:54+00:00\",\"dateModified\":\"2024-10-09T14:22:58+00:00\",\"breadcrumb\":{\"@id\":\"https:\/\/paraguaytransfers.com\/pt-br\/politica-de-privacidade\/#breadcrumb\"},\"inLanguage\":\"pt-BR\",\"potentialAction\":[{\"@type\":\"ReadAction\",\"target\":[\"https:\/\/paraguaytransfers.com\/pt-br\/politica-de-privacidade\/\"]}]},{\"@type\":\"BreadcrumbList\",\"@id\":\"https:\/\/paraguaytransfers.com\/pt-br\/politica-de-privacidade\/#breadcrumb\",\"itemListElement\":[{\"@type\":\"ListItem\",\"position\":1,\"name\":\"Home\",\"item\":\"https:\/\/paraguaytransfers.com\/pt-br\/\"},{\"@type\":\"ListItem\",\"position\":2,\"name\":\"Pol\u00edtica de privacidade\"}]},{\"@type\":\"WebSite\",\"@id\":\"https:\/\/paraguaytransfers.com\/pt-br\/#website\",\"url\":\"https:\/\/paraguaytransfers.com\/pt-br\/\",\"name\":\"Paraguay Transfers\",\"description\":\"\",\"publisher\":{\"@id\":\"https:\/\/paraguaytransfers.com\/pt-br\/#organization\"},\"potentialAction\":[{\"@type\":\"SearchAction\",\"target\":{\"@type\":\"EntryPoint\",\"urlTemplate\":\"https:\/\/paraguaytransfers.com\/pt-br\/?s={search_term_string}\"},\"query-input\":{\"@type\":\"PropertyValueSpecification\",\"valueRequired\":true,\"valueName\":\"search_term_string\"}}],\"inLanguage\":\"pt-BR\"},{\"@type\":\"Organization\",\"@id\":\"https:\/\/paraguaytransfers.com\/pt-br\/#organization\",\"name\":\"Paraguay Transfers\",\"url\":\"https:\/\/paraguaytransfers.com\/pt-br\/\",\"logo\":{\"@type\":\"ImageObject\",\"inLanguage\":\"pt-BR\",\"@id\":\"https:\/\/paraguaytransfers.com\/pt-br\/#\/schema\/logo\/image\/\",\"url\":\"https:\/\/paraguaytransfers.com\/wp-content\/uploads\/2025\/10\/cropped-logoPT_4.png\",\"contentUrl\":\"https:\/\/paraguaytransfers.com\/wp-content\/uploads\/2025\/10\/cropped-logoPT_4.png\",\"width\":416,\"height\":143,\"caption\":\"Paraguay Transfers\"},\"image\":{\"@id\":\"https:\/\/paraguaytransfers.com\/pt-br\/#\/schema\/logo\/image\/\"},\"sameAs\":[\"https:\/\/www.facebook.com\/quebrachoexport\",\"https:\/\/www.linkedin.com\/company\/93223467\"]}]}<\/script>\n<!-- \/ Yoast SEO plugin. -->","yoast_head_json":{"title":"Pol\u00edtica de privacidade - Paraguay Transfers","robots":{"index":"index","follow":"follow","max-snippet":"max-snippet:-1","max-image-preview":"max-image-preview:large","max-video-preview":"max-video-preview:-1"},"canonical":"https:\/\/paraguaytransfers.com\/pt-br\/politica-de-privacidade\/","og_locale":"pt_BR","og_type":"article","og_title":"Pol\u00edtica de privacidade - Paraguay Transfers","og_description":"\u00daltima atualiza\u00e7\u00e3o: 6\/5\/2023 No QuebrachoExport.com, temos o compromisso de proteger a sua privacidade. Esta Pol\u00edtica de Privacidade explica como coletamos, usamos e protegemos suas informa\u00e7\u00f5es pessoais quando voc\u00ea acessa nosso site, https:\/\/paraguaytransfers.com (o &#8220;Site&#8221;). Ao usar nosso Site, voc\u00ea concorda com as pr\u00e1ticas de dados descritas nesta Pol\u00edtica de Privacidade. Se voc\u00ea n\u00e3o concordar com &hellip; Pol\u00edtica de privacidade Read More \u00bb","og_url":"https:\/\/paraguaytransfers.com\/pt-br\/politica-de-privacidade\/","og_site_name":"Paraguay Transfers","article_publisher":"https:\/\/www.facebook.com\/quebrachoexport","article_modified_time":"2024-10-09T14:22:58+00:00","twitter_card":"summary_large_image","twitter_misc":{"Est. tempo de leitura":"4 minutos"},"schema":{"@context":"https:\/\/schema.org","@graph":[{"@type":"WebPage","@id":"https:\/\/paraguaytransfers.com\/pt-br\/politica-de-privacidade\/","url":"https:\/\/paraguaytransfers.com\/pt-br\/politica-de-privacidade\/","name":"Pol\u00edtica de privacidade - Paraguay Transfers","isPartOf":{"@id":"https:\/\/paraguaytransfers.com\/pt-br\/#website"},"datePublished":"2023-05-02T04:47:54+00:00","dateModified":"2024-10-09T14:22:58+00:00","breadcrumb":{"@id":"https:\/\/paraguaytransfers.com\/pt-br\/politica-de-privacidade\/#breadcrumb"},"inLanguage":"pt-BR","potentialAction":[{"@type":"ReadAction","target":["https:\/\/paraguaytransfers.com\/pt-br\/politica-de-privacidade\/"]}]},{"@type":"BreadcrumbList","@id":"https:\/\/paraguaytransfers.com\/pt-br\/politica-de-privacidade\/#breadcrumb","itemListElement":[{"@type":"ListItem","position":1,"name":"Home","item":"https:\/\/paraguaytransfers.com\/pt-br\/"},{"@type":"ListItem","position":2,"name":"Pol\u00edtica de privacidade"}]},{"@type":"WebSite","@id":"https:\/\/paraguaytransfers.com\/pt-br\/#website","url":"https:\/\/paraguaytransfers.com\/pt-br\/","name":"Paraguay Transfers","description":"","publisher":{"@id":"https:\/\/paraguaytransfers.com\/pt-br\/#organization"},"potentialAction":[{"@type":"SearchAction","target":{"@type":"EntryPoint","urlTemplate":"https:\/\/paraguaytransfers.com\/pt-br\/?s={search_term_string}"},"query-input":{"@type":"PropertyValueSpecification","valueRequired":true,"valueName":"search_term_string"}}],"inLanguage":"pt-BR"},{"@type":"Organization","@id":"https:\/\/paraguaytransfers.com\/pt-br\/#organization","name":"Paraguay Transfers","url":"https:\/\/paraguaytransfers.com\/pt-br\/","logo":{"@type":"ImageObject","inLanguage":"pt-BR","@id":"https:\/\/paraguaytransfers.com\/pt-br\/#\/schema\/logo\/image\/","url":"https:\/\/paraguaytransfers.com\/wp-content\/uploads\/2025\/10\/cropped-logoPT_4.png","contentUrl":"https:\/\/paraguaytransfers.com\/wp-content\/uploads\/2025\/10\/cropped-logoPT_4.png","width":416,"height":143,"caption":"Paraguay Transfers"},"image":{"@id":"https:\/\/paraguaytransfers.com\/pt-br\/#\/schema\/logo\/image\/"},"sameAs":["https:\/\/www.facebook.com\/quebrachoexport","https:\/\/www.linkedin.com\/company\/93223467"]}]}},"uagb_featured_image_src":{"full":false,"thumbnail":false,"medium":false,"medium_large":false,"large":false,"1536x1536":false,"2048x2048":false},"uagb_author_info":{"display_name":"admin","author_link":"https:\/\/paraguaytransfers.com\/pt-br\/author\/admin\/"},"uagb_comment_info":0,"uagb_excerpt":"\u00daltima atualiza\u00e7\u00e3o: 6\/5\/2023 No QuebrachoExport.com, temos o compromisso de proteger a sua privacidade. Esta Pol\u00edtica de Privacidade explica como coletamos, usamos e protegemos suas informa\u00e7\u00f5es pessoais quando voc\u00ea acessa nosso site, https:\/\/paraguaytransfers.com (o &#8220;Site&#8221;). Ao usar nosso Site, voc\u00ea concorda com as pr\u00e1ticas de dados descritas nesta Pol\u00edtica de Privacidade. Se voc\u00ea n\u00e3o concordar com&hellip;","_links":{"self":[{"href":"https:\/\/paraguaytransfers.com\/pt-br\/wp-json\/wp\/v2\/pages\/3025","targetHints":{"allow":["GET"]}}],"collection":[{"href":"https:\/\/paraguaytransfers.com\/pt-br\/wp-json\/wp\/v2\/pages"}],"about":[{"href":"https:\/\/paraguaytransfers.com\/pt-br\/wp-json\/wp\/v2\/types\/page"}],"author":[{"embeddable":true,"href":"https:\/\/paraguaytransfers.com\/pt-br\/wp-json\/wp\/v2\/users\/1"}],"replies":[{"embeddable":true,"href":"https:\/\/paraguaytransfers.com\/pt-br\/wp-json\/wp\/v2\/comments?post=3025"}],"version-history":[{"count":1,"href":"https:\/\/paraguaytransfers.com\/pt-br\/wp-json\/wp\/v2\/pages\/3025\/revisions"}],"predecessor-version":[{"id":3026,"href":"https:\/\/paraguaytransfers.com\/pt-br\/wp-json\/wp\/v2\/pages\/3025\/revisions\/3026"}],"wp:attachment":[{"href":"https:\/\/paraguaytransfers.com\/pt-br\/wp-json\/wp\/v2\/media?parent=3025"}],"curies":[{"name":"wp","href":"https:\/\/api.w.org\/{rel}","templated":true}]}}