{"id":3124,"date":"2025-10-07T17:25:37","date_gmt":"2025-10-07T17:25:37","guid":{"rendered":"https:\/\/paraguaytransfers.com\/?page_id=3124"},"modified":"2026-01-13T17:29:15","modified_gmt":"2026-01-13T17:29:15","slug":"transfers-de-longa-distancia","status":"publish","type":"page","link":"https:\/\/paraguaytransfers.com\/pt-br\/transfers-de-longa-distancia\/","title":{"rendered":"Transfers de longa dist\u00e2ncia"},"content":{"rendered":"\n<div class=\"wp-block-uagb-container uagb-block-1f87dc6d alignfull uagb-is-root-container\"><div class=\"uagb-container-inner-blocks-wrap\">\n<div class=\"wp-block-uagb-info-box uagb-block-67c67dbc uagb-infobox__content-wrap  uagb-infobox-icon-above-title uagb-infobox-image-valign-top\"><div class=\"uagb-ifb-content\"><div class=\"uagb-ifb-title-wrap\"><h1 class=\"uagb-ifb-title\">Transfers de longa dist\u00e2ncia seguras e confi\u00e1veis<\/h1><\/div><p class=\"uagb-ifb-desc\">Transfers particulares de longa dist\u00e2ncia &#8211; confort\u00e1veis, pontuais,<br>e feitos sob medida para voc\u00ea.<\/p><div class=\"uagb-ifb-button-wrapper wp-block-button\"><a href=\"https:\/\/api.whatsapp.com\/send\/?phone=595991850766&amp;text=Ol%C3%A1%2C+gostaria+de+reservar+um+transfer&amp;type=phone_number&amp;app_absent=0\" class=\"uagb-infobox-cta-link wp-block-button__link\" target=\"_blank\" rel=\"noopener noreferrer\" onclick=\"return true;\"><span class=\"uagb-inline-editing\">RESERVE SEU\u00a0TRANSFER<\/span><\/a><\/div><\/div><\/div>\n<\/div><\/div>\n\n\n\n<div class=\"wp-block-uagb-container uagb-block-be8c9955 alignfull uagb-is-root-container\"><div class=\"uagb-container-inner-blocks-wrap\">\n<div class=\"wp-block-uagb-advanced-heading uagb-block-b6eb6c32\"><h2 class=\"uagb-heading-text\">Transfers privadas confi\u00e1veis que conectam Assun\u00e7\u00e3o com os principais destinos e cidades fronteiri\u00e7as do Paraguai.<\/h2><\/div>\n\n\n\n<p class=\"has-black-color has-text-color has-link-color wp-elements-e36a3cb3a8d341dfed124692bbe7f528\">Descubra o Paraguai e seus destinos vizinhos com nossos <strong>transfers privados de longa dist\u00e2ncia<\/strong>, projetados para viajantes que valorizam <strong>seguran\u00e7a, conforto e flexibilidade<\/strong>.<\/p>\n\n\n\n<p class=\"has-black-color has-text-color has-link-color wp-elements-75c816eaba9de9b6364fa57888a7ef26\">Conectamos Assun\u00e7\u00e3o com os destinos mais populares da regi\u00e3o &#8211; se voc\u00ea estiver indo para <strong>Ciudad del Este, Encarnaci\u00f3n, Puerto Iguaz\u00fa (Argentina) ou Foz do Igua\u00e7u (Brasil)<\/strong>, faremos com que sua viagem seja tranquila, particular e sem estresse.<\/p>\n\n\n\n<p class=\"has-black-color has-text-color has-link-color wp-elements-9316e2b4c04248e4c0874c8872e3e6a9\">Aproveite cada quil\u00f4metro com nossos motoristas profissionais e ve\u00edculos modernos com ar-condicionado &#8211; perfeitos para casais, fam\u00edlias ou pequenos grupos que desejam viajar com conforto e seguran\u00e7a.<\/p>\n<\/div><\/div>\n\n\n\n<div class=\"wp-block-uagb-container uagb-block-bb041ae5 alignfull uagb-is-root-container\"><div class=\"uagb-container-inner-blocks-wrap\">\n<div class=\"wp-block-uagb-info-box uagb-block-467524e0 uagb-infobox__content-wrap  uagb-infobox-icon-above-title uagb-infobox-image-valign-top\"><div class=\"uagb-ifb-content\"><div class=\"uagb-ifb-title-wrap\"><h5 class=\"uagb-ifb-title\">NOSSOS DESTINOS DE LONGA DIST\u00c2NCIA<\/h5><\/div><p class=\"uagb-ifb-desc\">Assun\u00e7\u00e3o \u2194 <strong>Ciudad del Este<\/strong><br>Assun\u00e7\u00e3o \u2194 <strong>Encarnaci\u00f3n<\/strong><br>Assun\u00e7\u00e3o \u2194 <strong>Puerto Iguaz\u00fa (Argentina)<\/strong><br>Assun\u00e7\u00e3o \u2194 <strong>Foz do Igua\u00e7u (Brasil)<\/strong><br>Rotas personalizadas dispon\u00edveis mediante solicita\u00e7\u00e3o<br><br>Se voc\u00ea estiver viajando a <strong>lazer, neg\u00f3cios ou aventura<\/strong>, garantimos que sua viagem seja t\u00e3o agrad\u00e1vel quanto seu destino.<br>Relaxe, aprecie a paisagem e deixe que n\u00f3s cuidemos do resto!<\/p><div class=\"uagb-ifb-button-wrapper wp-block-button\"><a href=\"https:\/\/api.whatsapp.com\/send\/?phone=595991850766&amp;text=Ol%C3%A1%2C+gostaria+de+reservar+um+transfer&amp;type=phone_number&amp;app_absent=0\" class=\"uagb-infobox-cta-link wp-block-button__link\" target=\"_blank\" rel=\"noopener noreferrer\" onclick=\"return true;\"><span class=\"uagb-inline-editing\">RESERVE SEU\u00a0TRANSFER<\/span><\/a><\/div><\/div><\/div>\n<\/div><\/div>\n\n\n\n<p><\/p>\n","protected":false},"excerpt":{"rendered":"<p>Transfers privadas confi\u00e1veis que conectam Assun\u00e7\u00e3o com os principais destinos e cidades fronteiri\u00e7as do Paraguai. Descubra o Paraguai e seus destinos vizinhos com nossos transfers privados de longa dist\u00e2ncia, projetados para viajantes que valorizam seguran\u00e7a, conforto e flexibilidade. Conectamos Assun\u00e7\u00e3o com os destinos mais populares da regi\u00e3o &#8211; se voc\u00ea estiver indo para Ciudad del &hellip;<\/p>\n<p class=\"read-more\"> <a class=\"\" href=\"https:\/\/paraguaytransfers.com\/pt-br\/transfers-de-longa-distancia\/\"> <span class=\"screen-reader-text\">Transfers de longa dist\u00e2ncia<\/span> Read More \u00bb<\/a><\/p>\n","protected":false},"author":1,"featured_media":3088,"parent":0,"menu_order":0,"comment_status":"closed","ping_status":"closed","template":"","meta":{"_uag_custom_page_level_css":"","site-sidebar-layout":"no-sidebar","site-content-layout":"page-builder","ast-global-header-display":"","ast-main-header-display":"","ast-hfb-above-header-display":"","ast-hfb-below-header-display":"","ast-hfb-mobile-header-display":"","site-post-title":"disabled","ast-breadcrumbs-content":"","ast-featured-img":"disabled","footer-sml-layout":"","theme-transparent-header-meta":"disabled","adv-header-id-meta":"","stick-header-meta":"","header-above-stick-meta":"","header-main-stick-meta":"","header-below-stick-meta":"","footnotes":""},"class_list":["post-3124","page","type-page","status-publish","has-post-thumbnail","hentry"],"yoast_head":"<!-- This site is optimized with the Yoast SEO plugin v27.2 - https:\/\/yoast.com\/product\/yoast-seo-wordpress\/ -->\n<title>Transfers de longa dist\u00e2ncia<\/title>\n<meta name=\"description\" content=\"Oferecemos transfers particulares de longa dist\u00e2ncia com motoristas profissionais, ve\u00edculos modernos e servi\u00e7o personalizado.\" \/>\n<meta name=\"robots\" content=\"index, follow, max-snippet:-1, max-image-preview:large, max-video-preview:-1\" \/>\n<link rel=\"canonical\" href=\"https:\/\/paraguaytransfers.com\/pt-br\/transfers-de-longa-distancia\/\" \/>\n<meta property=\"og:locale\" content=\"pt_BR\" \/>\n<meta property=\"og:type\" content=\"article\" \/>\n<meta property=\"og:title\" content=\"Transfers de longa dist\u00e2ncia\" \/>\n<meta property=\"og:description\" content=\"Oferecemos transfers particulares de longa dist\u00e2ncia com motoristas profissionais, ve\u00edculos modernos e servi\u00e7o personalizado.\" \/>\n<meta property=\"og:url\" content=\"https:\/\/paraguaytransfers.com\/pt-br\/transfers-de-longa-distancia\/\" \/>\n<meta property=\"og:site_name\" content=\"Paraguay Transfers\" \/>\n<meta property=\"article:publisher\" content=\"https:\/\/www.facebook.com\/quebrachoexport\" \/>\n<meta property=\"article:modified_time\" content=\"2026-01-13T17:29:15+00:00\" \/>\n<meta property=\"og:image\" content=\"https:\/\/paraguaytransfers.com\/wp-content\/uploads\/2025\/10\/paraguay-transfer-1-1024x683.png\" \/>\n\t<meta property=\"og:image:width\" content=\"1024\" \/>\n\t<meta property=\"og:image:height\" content=\"683\" \/>\n\t<meta property=\"og:image:type\" content=\"image\/png\" \/>\n<meta name=\"twitter:card\" content=\"summary_large_image\" \/>\n<meta name=\"twitter:label1\" content=\"Est. tempo de leitura\" \/>\n\t<meta name=\"twitter:data1\" content=\"2 minutos\" \/>\n<script type=\"application\/ld+json\" class=\"yoast-schema-graph\">{\"@context\":\"https:\/\/schema.org\",\"@graph\":[{\"@type\":\"WebPage\",\"@id\":\"https:\/\/paraguaytransfers.com\/pt-br\/transfers-de-longa-distancia\/\",\"url\":\"https:\/\/paraguaytransfers.com\/pt-br\/transfers-de-longa-distancia\/\",\"name\":\"Transfers de longa dist\u00e2ncia\",\"isPartOf\":{\"@id\":\"https:\/\/paraguaytransfers.com\/pt-br\/#website\"},\"primaryImageOfPage\":{\"@id\":\"https:\/\/paraguaytransfers.com\/pt-br\/transfers-de-longa-distancia\/#primaryimage\"},\"image\":{\"@id\":\"https:\/\/paraguaytransfers.com\/pt-br\/transfers-de-longa-distancia\/#primaryimage\"},\"thumbnailUrl\":\"https:\/\/paraguaytransfers.com\/wp-content\/uploads\/2025\/10\/paraguay-transfer-1.png\",\"datePublished\":\"2025-10-07T17:25:37+00:00\",\"dateModified\":\"2026-01-13T17:29:15+00:00\",\"description\":\"Oferecemos transfers particulares de longa dist\u00e2ncia com motoristas profissionais, ve\u00edculos modernos e servi\u00e7o personalizado.\",\"breadcrumb\":{\"@id\":\"https:\/\/paraguaytransfers.com\/pt-br\/transfers-de-longa-distancia\/#breadcrumb\"},\"inLanguage\":\"pt-BR\",\"potentialAction\":[{\"@type\":\"ReadAction\",\"target\":[\"https:\/\/paraguaytransfers.com\/pt-br\/transfers-de-longa-distancia\/\"]}]},{\"@type\":\"ImageObject\",\"inLanguage\":\"pt-BR\",\"@id\":\"https:\/\/paraguaytransfers.com\/pt-br\/transfers-de-longa-distancia\/#primaryimage\",\"url\":\"https:\/\/paraguaytransfers.com\/wp-content\/uploads\/2025\/10\/paraguay-transfer-1.png\",\"contentUrl\":\"https:\/\/paraguaytransfers.com\/wp-content\/uploads\/2025\/10\/paraguay-transfer-1.png\",\"width\":1536,\"height\":1024,\"caption\":\"Paraguay Private Transfers\"},{\"@type\":\"BreadcrumbList\",\"@id\":\"https:\/\/paraguaytransfers.com\/pt-br\/transfers-de-longa-distancia\/#breadcrumb\",\"itemListElement\":[{\"@type\":\"ListItem\",\"position\":1,\"name\":\"Home\",\"item\":\"https:\/\/paraguaytransfers.com\/pt-br\/\"},{\"@type\":\"ListItem\",\"position\":2,\"name\":\"Transfers de longa dist\u00e2ncia\"}]},{\"@type\":\"WebSite\",\"@id\":\"https:\/\/paraguaytransfers.com\/pt-br\/#website\",\"url\":\"https:\/\/paraguaytransfers.com\/pt-br\/\",\"name\":\"Paraguay Transfers\",\"description\":\"\",\"publisher\":{\"@id\":\"https:\/\/paraguaytransfers.com\/pt-br\/#organization\"},\"potentialAction\":[{\"@type\":\"SearchAction\",\"target\":{\"@type\":\"EntryPoint\",\"urlTemplate\":\"https:\/\/paraguaytransfers.com\/pt-br\/?s={search_term_string}\"},\"query-input\":{\"@type\":\"PropertyValueSpecification\",\"valueRequired\":true,\"valueName\":\"search_term_string\"}}],\"inLanguage\":\"pt-BR\"},{\"@type\":\"Organization\",\"@id\":\"https:\/\/paraguaytransfers.com\/pt-br\/#organization\",\"name\":\"Paraguay Transfers\",\"url\":\"https:\/\/paraguaytransfers.com\/pt-br\/\",\"logo\":{\"@type\":\"ImageObject\",\"inLanguage\":\"pt-BR\",\"@id\":\"https:\/\/paraguaytransfers.com\/pt-br\/#\/schema\/logo\/image\/\",\"url\":\"https:\/\/paraguaytransfers.com\/wp-content\/uploads\/2025\/10\/cropped-logoPT_4.png\",\"contentUrl\":\"https:\/\/paraguaytransfers.com\/wp-content\/uploads\/2025\/10\/cropped-logoPT_4.png\",\"width\":416,\"height\":143,\"caption\":\"Paraguay Transfers\"},\"image\":{\"@id\":\"https:\/\/paraguaytransfers.com\/pt-br\/#\/schema\/logo\/image\/\"},\"sameAs\":[\"https:\/\/www.facebook.com\/quebrachoexport\",\"https:\/\/www.linkedin.com\/company\/93223467\"]}]}<\/script>\n<!-- \/ Yoast SEO plugin. -->","yoast_head_json":{"title":"Transfers de longa dist\u00e2ncia","description":"Oferecemos transfers particulares de longa dist\u00e2ncia com motoristas profissionais, ve\u00edculos modernos e servi\u00e7o personalizado.","robots":{"index":"index","follow":"follow","max-snippet":"max-snippet:-1","max-image-preview":"max-image-preview:large","max-video-preview":"max-video-preview:-1"},"canonical":"https:\/\/paraguaytransfers.com\/pt-br\/transfers-de-longa-distancia\/","og_locale":"pt_BR","og_type":"article","og_title":"Transfers de longa dist\u00e2ncia","og_description":"Oferecemos transfers particulares de longa dist\u00e2ncia com motoristas profissionais, ve\u00edculos modernos e servi\u00e7o personalizado.","og_url":"https:\/\/paraguaytransfers.com\/pt-br\/transfers-de-longa-distancia\/","og_site_name":"Paraguay Transfers","article_publisher":"https:\/\/www.facebook.com\/quebrachoexport","article_modified_time":"2026-01-13T17:29:15+00:00","og_image":[{"width":1024,"height":683,"url":"https:\/\/paraguaytransfers.com\/wp-content\/uploads\/2025\/10\/paraguay-transfer-1-1024x683.png","type":"image\/png"}],"twitter_card":"summary_large_image","twitter_misc":{"Est. tempo de leitura":"2 minutos"},"schema":{"@context":"https:\/\/schema.org","@graph":[{"@type":"WebPage","@id":"https:\/\/paraguaytransfers.com\/pt-br\/transfers-de-longa-distancia\/","url":"https:\/\/paraguaytransfers.com\/pt-br\/transfers-de-longa-distancia\/","name":"Transfers de longa dist\u00e2ncia","isPartOf":{"@id":"https:\/\/paraguaytransfers.com\/pt-br\/#website"},"primaryImageOfPage":{"@id":"https:\/\/paraguaytransfers.com\/pt-br\/transfers-de-longa-distancia\/#primaryimage"},"image":{"@id":"https:\/\/paraguaytransfers.com\/pt-br\/transfers-de-longa-distancia\/#primaryimage"},"thumbnailUrl":"https:\/\/paraguaytransfers.com\/wp-content\/uploads\/2025\/10\/paraguay-transfer-1.png","datePublished":"2025-10-07T17:25:37+00:00","dateModified":"2026-01-13T17:29:15+00:00","description":"Oferecemos transfers particulares de longa dist\u00e2ncia com motoristas profissionais, ve\u00edculos modernos e servi\u00e7o personalizado.","breadcrumb":{"@id":"https:\/\/paraguaytransfers.com\/pt-br\/transfers-de-longa-distancia\/#breadcrumb"},"inLanguage":"pt-BR","potentialAction":[{"@type":"ReadAction","target":["https:\/\/paraguaytransfers.com\/pt-br\/transfers-de-longa-distancia\/"]}]},{"@type":"ImageObject","inLanguage":"pt-BR","@id":"https:\/\/paraguaytransfers.com\/pt-br\/transfers-de-longa-distancia\/#primaryimage","url":"https:\/\/paraguaytransfers.com\/wp-content\/uploads\/2025\/10\/paraguay-transfer-1.png","contentUrl":"https:\/\/paraguaytransfers.com\/wp-content\/uploads\/2025\/10\/paraguay-transfer-1.png","width":1536,"height":1024,"caption":"Paraguay Private Transfers"},{"@type":"BreadcrumbList","@id":"https:\/\/paraguaytransfers.com\/pt-br\/transfers-de-longa-distancia\/#breadcrumb","itemListElement":[{"@type":"ListItem","position":1,"name":"Home","item":"https:\/\/paraguaytransfers.com\/pt-br\/"},{"@type":"ListItem","position":2,"name":"Transfers de longa dist\u00e2ncia"}]},{"@type":"WebSite","@id":"https:\/\/paraguaytransfers.com\/pt-br\/#website","url":"https:\/\/paraguaytransfers.com\/pt-br\/","name":"Paraguay Transfers","description":"","publisher":{"@id":"https:\/\/paraguaytransfers.com\/pt-br\/#organization"},"potentialAction":[{"@type":"SearchAction","target":{"@type":"EntryPoint","urlTemplate":"https:\/\/paraguaytransfers.com\/pt-br\/?s={search_term_string}"},"query-input":{"@type":"PropertyValueSpecification","valueRequired":true,"valueName":"search_term_string"}}],"inLanguage":"pt-BR"},{"@type":"Organization","@id":"https:\/\/paraguaytransfers.com\/pt-br\/#organization","name":"Paraguay Transfers","url":"https:\/\/paraguaytransfers.com\/pt-br\/","logo":{"@type":"ImageObject","inLanguage":"pt-BR","@id":"https:\/\/paraguaytransfers.com\/pt-br\/#\/schema\/logo\/image\/","url":"https:\/\/paraguaytransfers.com\/wp-content\/uploads\/2025\/10\/cropped-logoPT_4.png","contentUrl":"https:\/\/paraguaytransfers.com\/wp-content\/uploads\/2025\/10\/cropped-logoPT_4.png","width":416,"height":143,"caption":"Paraguay Transfers"},"image":{"@id":"https:\/\/paraguaytransfers.com\/pt-br\/#\/schema\/logo\/image\/"},"sameAs":["https:\/\/www.facebook.com\/quebrachoexport","https:\/\/www.linkedin.com\/company\/93223467"]}]}},"uagb_featured_image_src":{"full":["https:\/\/paraguaytransfers.com\/wp-content\/uploads\/2025\/10\/paraguay-transfer-1.png",1536,1024,false],"thumbnail":["https:\/\/paraguaytransfers.com\/wp-content\/uploads\/2025\/10\/paraguay-transfer-1-150x150.png",150,150,true],"medium":["https:\/\/paraguaytransfers.com\/wp-content\/uploads\/2025\/10\/paraguay-transfer-1-300x200.png",300,200,true],"medium_large":["https:\/\/paraguaytransfers.com\/wp-content\/uploads\/2025\/10\/paraguay-transfer-1-768x512.png",768,512,true],"large":["https:\/\/paraguaytransfers.com\/wp-content\/uploads\/2025\/10\/paraguay-transfer-1-1024x683.png",1024,683,true],"1536x1536":["https:\/\/paraguaytransfers.com\/wp-content\/uploads\/2025\/10\/paraguay-transfer-1.png",1536,1024,false],"2048x2048":["https:\/\/paraguaytransfers.com\/wp-content\/uploads\/2025\/10\/paraguay-transfer-1.png",1536,1024,false]},"uagb_author_info":{"display_name":"admin","author_link":"https:\/\/paraguaytransfers.com\/pt-br\/author\/admin\/"},"uagb_comment_info":0,"uagb_excerpt":"Transfers privadas confi\u00e1veis que conectam Assun\u00e7\u00e3o com os principais destinos e cidades fronteiri\u00e7as do Paraguai. Descubra o Paraguai e seus destinos vizinhos com nossos transfers privados de longa dist\u00e2ncia, projetados para viajantes que valorizam seguran\u00e7a, conforto e flexibilidade. Conectamos Assun\u00e7\u00e3o com os destinos mais populares da regi\u00e3o &#8211; se voc\u00ea estiver indo para Ciudad del&hellip;","_links":{"self":[{"href":"https:\/\/paraguaytransfers.com\/pt-br\/wp-json\/wp\/v2\/pages\/3124","targetHints":{"allow":["GET"]}}],"collection":[{"href":"https:\/\/paraguaytransfers.com\/pt-br\/wp-json\/wp\/v2\/pages"}],"about":[{"href":"https:\/\/paraguaytransfers.com\/pt-br\/wp-json\/wp\/v2\/types\/page"}],"author":[{"embeddable":true,"href":"https:\/\/paraguaytransfers.com\/pt-br\/wp-json\/wp\/v2\/users\/1"}],"replies":[{"embeddable":true,"href":"https:\/\/paraguaytransfers.com\/pt-br\/wp-json\/wp\/v2\/comments?post=3124"}],"version-history":[{"count":7,"href":"https:\/\/paraguaytransfers.com\/pt-br\/wp-json\/wp\/v2\/pages\/3124\/revisions"}],"predecessor-version":[{"id":4328,"href":"https:\/\/paraguaytransfers.com\/pt-br\/wp-json\/wp\/v2\/pages\/3124\/revisions\/4328"}],"wp:featuredmedia":[{"embeddable":true,"href":"https:\/\/paraguaytransfers.com\/pt-br\/wp-json\/wp\/v2\/media\/3088"}],"wp:attachment":[{"href":"https:\/\/paraguaytransfers.com\/pt-br\/wp-json\/wp\/v2\/media?parent=3124"}],"curies":[{"name":"wp","href":"https:\/\/api.w.org\/{rel}","templated":true}]}}