{"id":3859,"date":"2025-11-03T18:17:36","date_gmt":"2025-11-03T18:17:36","guid":{"rendered":"https:\/\/paraguaytransfers.com\/?page_id=3859"},"modified":"2026-04-22T11:08:13","modified_gmt":"2026-04-22T11:08:13","slug":"transfers-assuncao-formosa","status":"publish","type":"page","link":"https:\/\/paraguaytransfers.com\/pt-br\/transfers-assuncao-formosa\/","title":{"rendered":"Transfers Assun\u00e7\u00e3o &#8211; Formosa"},"content":{"rendered":"\n<div class=\"wp-block-uagb-container uagb-block-1f87dc6d alignfull uagb-is-root-container\"><div class=\"uagb-container-inner-blocks-wrap\">\n<div class=\"wp-block-uagb-info-box uagb-block-67c67dbc uagb-infobox__content-wrap  uagb-infobox-icon-above-title uagb-infobox-image-valign-top\"><div class=\"uagb-ifb-content\"><div class=\"uagb-ifb-title-wrap\"><h1 class=\"uagb-ifb-title\"><strong>Transfers:<\/strong><br><strong>Assun\u00e7\u00e3o &#8211; Formosa<\/strong><\/h1><\/div><p class=\"uagb-ifb-desc\">Transfers seguros e sem problemas de Assun\u00e7\u00e3o para Formosa.<\/p><div class=\"uagb-ifb-button-wrapper wp-block-button\"><a href=\"https:\/\/api.whatsapp.com\/send\/?phone=595994750178&amp;text=Hello%2C+I+would+like+to+book+a+transfer&amp;type=phone_number&amp;app_absent=0\" class=\"uagb-infobox-cta-link wp-block-button__link\" target=\"_blank\" rel=\"noopener noreferrer\" onclick=\"return true;\"><span class=\"uagb-inline-editing\">BOOK YOUR TRANSFER<\/span><\/a><\/div><\/div><\/div>\n<\/div><\/div>\n\n\n\n<div class=\"wp-block-uagb-container uagb-block-be8c9955 alignfull uagb-is-root-container\"><div class=\"uagb-container-inner-blocks-wrap\">\n<div class=\"wp-block-uagb-advanced-heading uagb-block-b6eb6c32\"><h2 class=\"uagb-heading-text\">Nosso servi\u00e7o de traslado confi\u00e1vel entre Assun\u00e7\u00e3o e Formosa.<\/h2><\/div>\n\n\n\n<p class=\"has-black-color has-text-color has-link-color wp-elements-471aeaa8cb33ef24e0d368dbba028c8e\">Viaje sem problemas entre <strong>Assun\u00e7\u00e3o, no Paraguai<\/strong>, e <strong>Formosa, na Argentina<\/strong>, com nosso confi\u00e1vel servi\u00e7o de traslado entre fronteiras.<\/p>\n\n\n\n<p class=\"has-black-color has-text-color has-link-color wp-elements-8a0cea0ed8eebe09aa0ab6df8d9b60b7\">Oferecemos <strong>transfers privados de longa dist\u00e2ncia<\/strong> projetados para viajantes que valorizam <strong>o conforto, a pontualidade e a tranquilidade<\/strong> ao cruzar fronteiras internacionais.<\/p>\n\n\n\n<p class=\"has-black-color has-text-color has-link-color wp-elements-9ececb5796a186fc32b51092c84b797d\">Formosa, localizada do outro lado da fronteira com o Paraguai, \u00e9 conhecida por sua hospitalidade calorosa, charme colonial e beleza \u00e0 beira do rio Paraguai. A rota de <strong>Assun\u00e7\u00e3o a Formosa<\/strong> cobre aproximadamente <strong>125 quil\u00f4metros (78 milhas)<\/strong>, com um <strong>tempo de viagem de cerca de 2,5 a 3 horas<\/strong>, dependendo dos procedimentos na fronteira e do tr\u00e1fego. <\/p>\n\n\n\n<p class=\"has-black-color has-text-color has-link-color wp-elements-013b1d1d8b7b091ba02631920b4a31bc\">Nossos motoristas experientes garantem uma <strong>viagem segura e agrad\u00e1vel<\/strong> em ve\u00edculos modernos e com ar-condicionado, auxiliando voc\u00ea no processo de travessia da fronteira no posto de controle de <strong>San Ignacio de Loyola<\/strong>.<\/p>\n\n\n\n<p class=\"has-black-color has-text-color has-link-color wp-elements-043d0fc09c88edf3fb0f51b2bb40a650\">Se voc\u00ea estiver viajando a <strong>neg\u00f3cios, visitas familiares ou a lazer<\/strong>, nosso servi\u00e7o oferece uma maneira tranquila e confi\u00e1vel de chegar ao seu destino sem estresse.<\/p>\n\n\n\n<p class=\"has-black-color has-text-color has-link-color wp-elements-80b9962d870373f21202ec08efbd6630\">Sente-se, relaxe e aprecie a vista &#8211; <strong>n\u00f3s cuidaremos de todo o resto.<\/strong><\/p>\n<\/div><\/div>\n\n\n\n<div class=\"wp-block-uagb-container uagb-block-bb041ae5 alignfull uagb-is-root-container\"><div class=\"uagb-container-inner-blocks-wrap\">\n<div class=\"wp-block-uagb-info-box uagb-block-467524e0 uagb-infobox__content-wrap  uagb-infobox-icon-above-title uagb-infobox-image-valign-top\"><div class=\"uagb-ifb-content\"><div class=\"uagb-ifb-title-wrap\"><h5 class=\"uagb-ifb-title\">O QUE VOC\u00ca DEVE VISITAR EM FORMOSA<\/h5><\/div><p class=\"uagb-ifb-desc\">Formosa \u00e9 uma joia escondida no norte da Argentina, oferecendo uma mistura de <strong>natureza, cultura e tranquilidade<\/strong>.<br>Se voc\u00ea estiver viajando de Assun\u00e7\u00e3o com a <strong>Paraguay Transfers<\/strong>, aqui est\u00e3o alguns dos destaques a serem explorados:<br><br><strong>Costanera de Formosa<\/strong><br>Uma avenida ribeirinha c\u00eanica perfeita para caminhar, andar de bicicleta ou apreciar o p\u00f4r do sol \u00e0 beira do rio Paraguai.<br><br>\ud83c\udfdb\ufe0f <strong>Catedral Nuestra Se\u00f1ora del Carmen<\/strong><br>Uma bela catedral em estilo colonial localizada no cora\u00e7\u00e3o da cidade.<br><br><strong>Reserva de Bi\u00f3sfera Laguna Oca del R\u00edo Paraguay<\/strong><br>Uma Reserva da Biosfera da UNESCO que oferece observa\u00e7\u00e3o de p\u00e1ssaros, caiaque e trilhas naturais &#8211; a apenas alguns minutos do centro de Formosa.<br><br>\ud83d\udecd\ufe0f <strong>Centro de Formosa<\/strong><br>Mercados vibrantes, caf\u00e9s locais e charme argentino &#8211; ideal para fazer compras e saborear a culin\u00e1ria regional.<br><br><strong>Pesca e passeios fluviais<\/strong><br>Formosa \u00e9 conhecida pela pesca esportiva e pelos passeios fluviais &#8211; perfeitos para os amantes da vida ao ar livre.<br><br><em>Se voc\u00ea estiver viajando a <strong>lazer ou a neg\u00f3cios<\/strong>, nossos <strong>transfers Assun\u00e7\u00e3o &#8211; Formosa<\/strong> oferecem conforto,<\/em><br><em>seguran\u00e7a e aten\u00e7\u00e3o personalizada durante todo o percurso.<\/em><\/p><div class=\"uagb-ifb-button-wrapper wp-block-button\"><a href=\"https:\/\/api.whatsapp.com\/send\/?phone=595994750178&amp;text=Hello%2C+I+would+like+to+book+a+transfer&amp;type=phone_number&amp;app_absent=0\" class=\"uagb-infobox-cta-link wp-block-button__link\" target=\"_blank\" rel=\"noopener noreferrer\" onclick=\"return true;\"><span class=\"uagb-inline-editing\">BOOK YOUR TRANSFER TO FORMOSA<\/span><\/a><\/div><\/div><\/div>\n<\/div><\/div>\n\n\n\n<p><\/p>\n","protected":false},"excerpt":{"rendered":"<p>Nosso servi\u00e7o de traslado confi\u00e1vel entre Assun\u00e7\u00e3o e Formosa. Viaje sem problemas entre Assun\u00e7\u00e3o, no Paraguai, e Formosa, na Argentina, com nosso confi\u00e1vel servi\u00e7o de traslado entre fronteiras. Oferecemos transfers privados de longa dist\u00e2ncia projetados para viajantes que valorizam o conforto, a pontualidade e a tranquilidade ao cruzar fronteiras internacionais. Formosa, localizada do outro lado &hellip;<\/p>\n<p class=\"read-more\"> <a class=\"\" href=\"https:\/\/paraguaytransfers.com\/pt-br\/transfers-assuncao-formosa\/\"> <span class=\"screen-reader-text\">Transfers Assun\u00e7\u00e3o &#8211; Formosa<\/span> Read More \u00bb<\/a><\/p>\n","protected":false},"author":1,"featured_media":3088,"parent":0,"menu_order":0,"comment_status":"closed","ping_status":"closed","template":"","meta":{"_uag_custom_page_level_css":"","site-sidebar-layout":"no-sidebar","site-content-layout":"page-builder","ast-global-header-display":"","ast-main-header-display":"","ast-hfb-above-header-display":"","ast-hfb-below-header-display":"","ast-hfb-mobile-header-display":"","site-post-title":"disabled","ast-breadcrumbs-content":"","ast-featured-img":"disabled","footer-sml-layout":"","theme-transparent-header-meta":"disabled","adv-header-id-meta":"","stick-header-meta":"","header-above-stick-meta":"","header-main-stick-meta":"","header-below-stick-meta":"","footnotes":""},"class_list":["post-3859","page","type-page","status-publish","has-post-thumbnail","hentry"],"yoast_head":"<!-- This site is optimized with the Yoast SEO plugin v27.5 - https:\/\/yoast.com\/product\/yoast-seo-wordpress\/ -->\n<title>Transfers Assun\u00e7\u00e3o - Formosa<\/title>\n<meta name=\"description\" content=\"Transfers particulares de Assun\u00e7\u00e3o para Formosa com conforto, seguran\u00e7a e motoristas profissionais.\" \/>\n<meta name=\"robots\" content=\"index, follow, max-snippet:-1, max-image-preview:large, max-video-preview:-1\" \/>\n<link rel=\"canonical\" href=\"https:\/\/paraguaytransfers.com\/pt-br\/transfers-assuncao-formosa\/\" \/>\n<meta property=\"og:locale\" content=\"pt_BR\" \/>\n<meta property=\"og:type\" content=\"article\" \/>\n<meta property=\"og:title\" content=\"Transfers Assun\u00e7\u00e3o - Formosa\" \/>\n<meta property=\"og:description\" content=\"Transfers particulares de Assun\u00e7\u00e3o para Formosa com conforto, seguran\u00e7a e motoristas profissionais.\" \/>\n<meta property=\"og:url\" content=\"https:\/\/paraguaytransfers.com\/pt-br\/transfers-assuncao-formosa\/\" \/>\n<meta property=\"og:site_name\" content=\"Paraguay Transfers\" \/>\n<meta property=\"article:publisher\" content=\"https:\/\/www.facebook.com\/quebrachoexport\" \/>\n<meta property=\"article:modified_time\" content=\"2026-04-22T11:08:13+00:00\" \/>\n<meta property=\"og:image\" content=\"https:\/\/paraguaytransfers.com\/wp-content\/uploads\/2025\/10\/paraguay-transfer-1-1024x683.png\" \/>\n\t<meta property=\"og:image:width\" content=\"1024\" \/>\n\t<meta property=\"og:image:height\" content=\"683\" \/>\n\t<meta property=\"og:image:type\" content=\"image\/png\" \/>\n<meta name=\"twitter:card\" content=\"summary_large_image\" \/>\n<meta name=\"twitter:label1\" content=\"Est. tempo de leitura\" \/>\n\t<meta name=\"twitter:data1\" content=\"2 minutos\" \/>\n<script type=\"application\/ld+json\" class=\"yoast-schema-graph\">{\"@context\":\"https:\\\/\\\/schema.org\",\"@graph\":[{\"@type\":\"WebPage\",\"@id\":\"https:\\\/\\\/paraguaytransfers.com\\\/pt-br\\\/transfers-assuncao-formosa\\\/\",\"url\":\"https:\\\/\\\/paraguaytransfers.com\\\/pt-br\\\/transfers-assuncao-formosa\\\/\",\"name\":\"Transfers Assun\u00e7\u00e3o - Formosa\",\"isPartOf\":{\"@id\":\"https:\\\/\\\/paraguaytransfers.com\\\/pt-br\\\/#website\"},\"primaryImageOfPage\":{\"@id\":\"https:\\\/\\\/paraguaytransfers.com\\\/pt-br\\\/transfers-assuncao-formosa\\\/#primaryimage\"},\"image\":{\"@id\":\"https:\\\/\\\/paraguaytransfers.com\\\/pt-br\\\/transfers-assuncao-formosa\\\/#primaryimage\"},\"thumbnailUrl\":\"https:\\\/\\\/paraguaytransfers.com\\\/wp-content\\\/uploads\\\/2025\\\/10\\\/paraguay-transfer-1.png\",\"datePublished\":\"2025-11-03T18:17:36+00:00\",\"dateModified\":\"2026-04-22T11:08:13+00:00\",\"description\":\"Transfers particulares de Assun\u00e7\u00e3o para Formosa com conforto, seguran\u00e7a e motoristas profissionais.\",\"breadcrumb\":{\"@id\":\"https:\\\/\\\/paraguaytransfers.com\\\/pt-br\\\/transfers-assuncao-formosa\\\/#breadcrumb\"},\"inLanguage\":\"pt-BR\",\"potentialAction\":[{\"@type\":\"ReadAction\",\"target\":[\"https:\\\/\\\/paraguaytransfers.com\\\/pt-br\\\/transfers-assuncao-formosa\\\/\"]}]},{\"@type\":\"ImageObject\",\"inLanguage\":\"pt-BR\",\"@id\":\"https:\\\/\\\/paraguaytransfers.com\\\/pt-br\\\/transfers-assuncao-formosa\\\/#primaryimage\",\"url\":\"https:\\\/\\\/paraguaytransfers.com\\\/wp-content\\\/uploads\\\/2025\\\/10\\\/paraguay-transfer-1.png\",\"contentUrl\":\"https:\\\/\\\/paraguaytransfers.com\\\/wp-content\\\/uploads\\\/2025\\\/10\\\/paraguay-transfer-1.png\",\"width\":1536,\"height\":1024,\"caption\":\"Paraguay Private Transfers\"},{\"@type\":\"BreadcrumbList\",\"@id\":\"https:\\\/\\\/paraguaytransfers.com\\\/pt-br\\\/transfers-assuncao-formosa\\\/#breadcrumb\",\"itemListElement\":[{\"@type\":\"ListItem\",\"position\":1,\"name\":\"Home\",\"item\":\"https:\\\/\\\/paraguaytransfers.com\\\/pt-br\\\/\"},{\"@type\":\"ListItem\",\"position\":2,\"name\":\"Transfers Assun\u00e7\u00e3o &#8211; Formosa\"}]},{\"@type\":\"WebSite\",\"@id\":\"https:\\\/\\\/paraguaytransfers.com\\\/pt-br\\\/#website\",\"url\":\"https:\\\/\\\/paraguaytransfers.com\\\/pt-br\\\/\",\"name\":\"Paraguay Transfers\",\"description\":\"\",\"publisher\":{\"@id\":\"https:\\\/\\\/paraguaytransfers.com\\\/pt-br\\\/#organization\"},\"potentialAction\":[{\"@type\":\"SearchAction\",\"target\":{\"@type\":\"EntryPoint\",\"urlTemplate\":\"https:\\\/\\\/paraguaytransfers.com\\\/pt-br\\\/?s={search_term_string}\"},\"query-input\":{\"@type\":\"PropertyValueSpecification\",\"valueRequired\":true,\"valueName\":\"search_term_string\"}}],\"inLanguage\":\"pt-BR\"},{\"@type\":\"Organization\",\"@id\":\"https:\\\/\\\/paraguaytransfers.com\\\/pt-br\\\/#organization\",\"name\":\"Paraguay Transfers\",\"url\":\"https:\\\/\\\/paraguaytransfers.com\\\/pt-br\\\/\",\"logo\":{\"@type\":\"ImageObject\",\"inLanguage\":\"pt-BR\",\"@id\":\"https:\\\/\\\/paraguaytransfers.com\\\/pt-br\\\/#\\\/schema\\\/logo\\\/image\\\/\",\"url\":\"https:\\\/\\\/paraguaytransfers.com\\\/wp-content\\\/uploads\\\/2025\\\/10\\\/cropped-logoPT_4.png\",\"contentUrl\":\"https:\\\/\\\/paraguaytransfers.com\\\/wp-content\\\/uploads\\\/2025\\\/10\\\/cropped-logoPT_4.png\",\"width\":416,\"height\":143,\"caption\":\"Paraguay Transfers\"},\"image\":{\"@id\":\"https:\\\/\\\/paraguaytransfers.com\\\/pt-br\\\/#\\\/schema\\\/logo\\\/image\\\/\"},\"sameAs\":[\"https:\\\/\\\/www.facebook.com\\\/quebrachoexport\",\"https:\\\/\\\/www.linkedin.com\\\/company\\\/93223467\"]}]}<\/script>\n<!-- \/ Yoast SEO plugin. -->","yoast_head_json":{"title":"Transfers Assun\u00e7\u00e3o - Formosa","description":"Transfers particulares de Assun\u00e7\u00e3o para Formosa com conforto, seguran\u00e7a e motoristas profissionais.","robots":{"index":"index","follow":"follow","max-snippet":"max-snippet:-1","max-image-preview":"max-image-preview:large","max-video-preview":"max-video-preview:-1"},"canonical":"https:\/\/paraguaytransfers.com\/pt-br\/transfers-assuncao-formosa\/","og_locale":"pt_BR","og_type":"article","og_title":"Transfers Assun\u00e7\u00e3o - Formosa","og_description":"Transfers particulares de Assun\u00e7\u00e3o para Formosa com conforto, seguran\u00e7a e motoristas profissionais.","og_url":"https:\/\/paraguaytransfers.com\/pt-br\/transfers-assuncao-formosa\/","og_site_name":"Paraguay Transfers","article_publisher":"https:\/\/www.facebook.com\/quebrachoexport","article_modified_time":"2026-04-22T11:08:13+00:00","og_image":[{"width":1024,"height":683,"url":"https:\/\/paraguaytransfers.com\/wp-content\/uploads\/2025\/10\/paraguay-transfer-1-1024x683.png","type":"image\/png"}],"twitter_card":"summary_large_image","twitter_misc":{"Est. tempo de leitura":"2 minutos"},"schema":{"@context":"https:\/\/schema.org","@graph":[{"@type":"WebPage","@id":"https:\/\/paraguaytransfers.com\/pt-br\/transfers-assuncao-formosa\/","url":"https:\/\/paraguaytransfers.com\/pt-br\/transfers-assuncao-formosa\/","name":"Transfers Assun\u00e7\u00e3o - Formosa","isPartOf":{"@id":"https:\/\/paraguaytransfers.com\/pt-br\/#website"},"primaryImageOfPage":{"@id":"https:\/\/paraguaytransfers.com\/pt-br\/transfers-assuncao-formosa\/#primaryimage"},"image":{"@id":"https:\/\/paraguaytransfers.com\/pt-br\/transfers-assuncao-formosa\/#primaryimage"},"thumbnailUrl":"https:\/\/paraguaytransfers.com\/wp-content\/uploads\/2025\/10\/paraguay-transfer-1.png","datePublished":"2025-11-03T18:17:36+00:00","dateModified":"2026-04-22T11:08:13+00:00","description":"Transfers particulares de Assun\u00e7\u00e3o para Formosa com conforto, seguran\u00e7a e motoristas profissionais.","breadcrumb":{"@id":"https:\/\/paraguaytransfers.com\/pt-br\/transfers-assuncao-formosa\/#breadcrumb"},"inLanguage":"pt-BR","potentialAction":[{"@type":"ReadAction","target":["https:\/\/paraguaytransfers.com\/pt-br\/transfers-assuncao-formosa\/"]}]},{"@type":"ImageObject","inLanguage":"pt-BR","@id":"https:\/\/paraguaytransfers.com\/pt-br\/transfers-assuncao-formosa\/#primaryimage","url":"https:\/\/paraguaytransfers.com\/wp-content\/uploads\/2025\/10\/paraguay-transfer-1.png","contentUrl":"https:\/\/paraguaytransfers.com\/wp-content\/uploads\/2025\/10\/paraguay-transfer-1.png","width":1536,"height":1024,"caption":"Paraguay Private Transfers"},{"@type":"BreadcrumbList","@id":"https:\/\/paraguaytransfers.com\/pt-br\/transfers-assuncao-formosa\/#breadcrumb","itemListElement":[{"@type":"ListItem","position":1,"name":"Home","item":"https:\/\/paraguaytransfers.com\/pt-br\/"},{"@type":"ListItem","position":2,"name":"Transfers Assun\u00e7\u00e3o &#8211; Formosa"}]},{"@type":"WebSite","@id":"https:\/\/paraguaytransfers.com\/pt-br\/#website","url":"https:\/\/paraguaytransfers.com\/pt-br\/","name":"Paraguay Transfers","description":"","publisher":{"@id":"https:\/\/paraguaytransfers.com\/pt-br\/#organization"},"potentialAction":[{"@type":"SearchAction","target":{"@type":"EntryPoint","urlTemplate":"https:\/\/paraguaytransfers.com\/pt-br\/?s={search_term_string}"},"query-input":{"@type":"PropertyValueSpecification","valueRequired":true,"valueName":"search_term_string"}}],"inLanguage":"pt-BR"},{"@type":"Organization","@id":"https:\/\/paraguaytransfers.com\/pt-br\/#organization","name":"Paraguay Transfers","url":"https:\/\/paraguaytransfers.com\/pt-br\/","logo":{"@type":"ImageObject","inLanguage":"pt-BR","@id":"https:\/\/paraguaytransfers.com\/pt-br\/#\/schema\/logo\/image\/","url":"https:\/\/paraguaytransfers.com\/wp-content\/uploads\/2025\/10\/cropped-logoPT_4.png","contentUrl":"https:\/\/paraguaytransfers.com\/wp-content\/uploads\/2025\/10\/cropped-logoPT_4.png","width":416,"height":143,"caption":"Paraguay Transfers"},"image":{"@id":"https:\/\/paraguaytransfers.com\/pt-br\/#\/schema\/logo\/image\/"},"sameAs":["https:\/\/www.facebook.com\/quebrachoexport","https:\/\/www.linkedin.com\/company\/93223467"]}]}},"uagb_featured_image_src":{"full":["https:\/\/paraguaytransfers.com\/wp-content\/uploads\/2025\/10\/paraguay-transfer-1.png",1536,1024,false],"thumbnail":["https:\/\/paraguaytransfers.com\/wp-content\/uploads\/2025\/10\/paraguay-transfer-1-150x150.png",150,150,true],"medium":["https:\/\/paraguaytransfers.com\/wp-content\/uploads\/2025\/10\/paraguay-transfer-1-300x200.png",300,200,true],"medium_large":["https:\/\/paraguaytransfers.com\/wp-content\/uploads\/2025\/10\/paraguay-transfer-1-768x512.png",768,512,true],"large":["https:\/\/paraguaytransfers.com\/wp-content\/uploads\/2025\/10\/paraguay-transfer-1-1024x683.png",1024,683,true],"1536x1536":["https:\/\/paraguaytransfers.com\/wp-content\/uploads\/2025\/10\/paraguay-transfer-1.png",1536,1024,false],"2048x2048":["https:\/\/paraguaytransfers.com\/wp-content\/uploads\/2025\/10\/paraguay-transfer-1.png",1536,1024,false]},"uagb_author_info":{"display_name":"admin","author_link":"https:\/\/paraguaytransfers.com\/pt-br\/author\/admin\/"},"uagb_comment_info":0,"uagb_excerpt":"Nosso servi\u00e7o de traslado confi\u00e1vel entre Assun\u00e7\u00e3o e Formosa. Viaje sem problemas entre Assun\u00e7\u00e3o, no Paraguai, e Formosa, na Argentina, com nosso confi\u00e1vel servi\u00e7o de traslado entre fronteiras. Oferecemos transfers privados de longa dist\u00e2ncia projetados para viajantes que valorizam o conforto, a pontualidade e a tranquilidade ao cruzar fronteiras internacionais. Formosa, localizada do outro lado&hellip;","_links":{"self":[{"href":"https:\/\/paraguaytransfers.com\/pt-br\/wp-json\/wp\/v2\/pages\/3859","targetHints":{"allow":["GET"]}}],"collection":[{"href":"https:\/\/paraguaytransfers.com\/pt-br\/wp-json\/wp\/v2\/pages"}],"about":[{"href":"https:\/\/paraguaytransfers.com\/pt-br\/wp-json\/wp\/v2\/types\/page"}],"author":[{"embeddable":true,"href":"https:\/\/paraguaytransfers.com\/pt-br\/wp-json\/wp\/v2\/users\/1"}],"replies":[{"embeddable":true,"href":"https:\/\/paraguaytransfers.com\/pt-br\/wp-json\/wp\/v2\/comments?post=3859"}],"version-history":[{"count":7,"href":"https:\/\/paraguaytransfers.com\/pt-br\/wp-json\/wp\/v2\/pages\/3859\/revisions"}],"predecessor-version":[{"id":4872,"href":"https:\/\/paraguaytransfers.com\/pt-br\/wp-json\/wp\/v2\/pages\/3859\/revisions\/4872"}],"wp:featuredmedia":[{"embeddable":true,"href":"https:\/\/paraguaytransfers.com\/pt-br\/wp-json\/wp\/v2\/media\/3088"}],"wp:attachment":[{"href":"https:\/\/paraguaytransfers.com\/pt-br\/wp-json\/wp\/v2\/media?parent=3859"}],"curies":[{"name":"wp","href":"https:\/\/api.w.org\/{rel}","templated":true}]}}