{"id":3919,"date":"2025-11-06T16:24:58","date_gmt":"2025-11-06T16:24:58","guid":{"rendered":"https:\/\/paraguaytransfers.com\/?page_id=3919"},"modified":"2026-04-16T13:23:07","modified_gmt":"2026-04-16T13:23:07","slug":"remis-asuncion-formosa","status":"publish","type":"page","link":"https:\/\/paraguaytransfers.com\/pt-br\/remis-asuncion-formosa\/","title":{"rendered":"Remis Asunci\u00f3n &#8211; Formosa"},"content":{"rendered":"\n<div class=\"wp-block-uagb-container uagb-block-1f87dc6d alignfull uagb-is-root-container\"><div class=\"uagb-container-inner-blocks-wrap\">\n<div class=\"wp-block-uagb-info-box uagb-block-67c67dbc uagb-infobox__content-wrap  uagb-infobox-icon-above-title uagb-infobox-image-valign-top\"><div class=\"uagb-ifb-content\"><div class=\"uagb-ifb-title-wrap\"><h1 class=\"uagb-ifb-title\">Remis Asunci\u00f3n &#8211; Formosa<\/h1><\/div><p class=\"uagb-ifb-desc\">Transporte particular seguro e confort\u00e1vel entre o Paraguai e a Argentina.<\/p><div class=\"uagb-ifb-button-wrapper wp-block-button\"><a href=\"https:\/\/api.whatsapp.com\/send\/?phone=595994750178&amp;text=Hello%2C+I+would+like+to+book+a+transfer&amp;type=phone_number&amp;app_absent=0\" class=\"uagb-infobox-cta-link wp-block-button__link\" target=\"_blank\" rel=\"noopener noreferrer\" onclick=\"return true;\"><span class=\"uagb-inline-editing\">RESERVE SEU REMIS<\/span><\/a><\/div><\/div><\/div>\n<\/div><\/div>\n\n<p><\/p>\n\n<p><\/p>\n\n<p><\/p>\n\n<div class=\"wp-block-uagb-container uagb-block-be8c9955 alignfull uagb-is-root-container\"><div class=\"uagb-container-inner-blocks-wrap\">\n<div class=\"wp-block-uagb-advanced-heading uagb-block-b6eb6c32\"><h2 class=\"uagb-heading-text\">Viaje confortavelmente entre Assun\u00e7\u00e3o (Paraguai) e Formosa (Argentina) com nosso servi\u00e7o de remis particular.<\/h2><\/div>\n\n\n\n<p class=\"has-black-color has-text-color has-link-color wp-elements-e09f60ed0adc44e195c8214088f38ae7\"><strong>Transporte porta a porta, seguro, pontual<\/strong> e projetado para viajantes que valorizam o conforto e a tranquilidade.<\/p>\n\n\n\n<p class=\"has-black-color has-text-color has-link-color wp-elements-4c780b57968f82b6a3d1960fca63b97e\">A dist\u00e2ncia entre Assun\u00e7\u00e3o e Formosa \u00e9 de aproximadamente <strong>125 km<\/strong>, com um tempo de viagem estimado de <strong>2,5 a 3 horas<\/strong>, dependendo do tr\u00e1fego e do processo de travessia da fronteira de <strong>San Ignacio de Loyola<\/strong>.<\/p>\n\n\n\n<p class=\"has-black-color has-text-color has-link-color wp-elements-ea4f6ad7096e42a65189f0b2bbe0ec5d\">Formosa \u00e9 uma cidade calorosa e acolhedora, conhecida por:<\/p>\n\n\n\n<ul class=\"wp-block-list\">\n<li class=\"has-black-color has-text-color has-link-color wp-elements-de76a17673df193acff359784c1a108d\">Seu cal\u00e7ad\u00e3o \u00e0 beira do rio Paraguai<\/li>\n\n\n\n<li class=\"has-black-color has-text-color has-link-color wp-elements-9b36da966bcc1b4f6f8f796a4ea1a80b\">\ud83d\udecd\ufe0f Caf\u00e9s, mercados e vida cultural locais<\/li>\n\n\n\n<li class=\"has-black-color has-text-color has-link-color wp-elements-86df783d6e9aa7efc963b50a4fd6f970\">A <em>Reserva da Biosfera Laguna Oca<\/em> da UNESCO<\/li>\n<\/ul>\n\n\n\n<p class=\"has-black-color has-text-color has-link-color wp-elements-9e125e34f5bb1bc789d9fc7ed6ad7709\">Um <strong>\u00f3timo destino<\/strong> para lazer, visitas familiares e viagens de neg\u00f3cios.<\/p>\n<\/div><\/div>\n\n<div class=\"wp-block-uagb-container uagb-block-bb041ae5 alignfull uagb-is-root-container\"><div class=\"uagb-container-inner-blocks-wrap\">\n<div class=\"wp-block-uagb-info-box uagb-block-467524e0 uagb-infobox__content-wrap  uagb-infobox-icon-above-title uagb-infobox-image-valign-top\"><div class=\"uagb-ifb-content\"><div class=\"uagb-ifb-title-wrap\"><h5 class=\"uagb-ifb-title\">POR QUE VOC\u00ca ESCOLHE NOSSO SERVI\u00c7O?<\/h5><\/div><p class=\"uagb-ifb-desc\">\ud83d\ude97 <strong>Ve\u00edculo particular<\/strong> (sem traslados compartilhados)<br\/>\ud83d\udec2 <strong>Assist\u00eancia na travessia de fronteiras<\/strong><br\/>\u23f1\ufe0f Hor\u00e1rios flex\u00edveis para combinar com seu itiner\u00e1rio<br\/>\ud83d\udcbc Ideal para viagens em fam\u00edlia, a neg\u00f3cios ou a lazer<br\/>\ud83c\udf0e Motoristas profissionais com experi\u00eancia em rotas internacionais<\/p><div class=\"uagb-ifb-button-wrapper wp-block-button\"><a href=\"https:\/\/api.whatsapp.com\/send\/?phone=595994750178&amp;text=Hello%2C+I+would+like+to+book+a+transfer&amp;type=phone_number&amp;app_absent=0\" class=\"uagb-infobox-cta-link wp-block-button__link\" target=\"_blank\" rel=\"noopener noreferrer\" onclick=\"return true;\"><span class=\"uagb-inline-editing\">RESERVE SEU REMIS HOJE MESMO!<\/span><\/a><\/div><\/div><\/div>\n<\/div><\/div>\n\n<p><\/p>\n","protected":false},"excerpt":{"rendered":"<p>Viaje confortavelmente entre Assun\u00e7\u00e3o (Paraguai) e Formosa (Argentina) com nosso servi\u00e7o de remis particular. Transporte porta a porta, seguro, pontual e projetado para viajantes que valorizam o conforto e a tranquilidade. A dist\u00e2ncia entre Assun\u00e7\u00e3o e Formosa \u00e9 de aproximadamente 125 km, com um tempo de viagem estimado de 2,5 a 3 horas, dependendo do &hellip;<\/p>\n<p class=\"read-more\"> <a class=\"\" href=\"https:\/\/paraguaytransfers.com\/pt-br\/remis-asuncion-formosa\/\"> <span class=\"screen-reader-text\">Remis Asunci\u00f3n &#8211; Formosa<\/span> Read More \u00bb<\/a><\/p>\n","protected":false},"author":1,"featured_media":3088,"parent":0,"menu_order":0,"comment_status":"closed","ping_status":"closed","template":"","meta":{"_uag_custom_page_level_css":"","site-sidebar-layout":"no-sidebar","site-content-layout":"page-builder","ast-global-header-display":"","ast-main-header-display":"","ast-hfb-above-header-display":"","ast-hfb-below-header-display":"","ast-hfb-mobile-header-display":"","site-post-title":"disabled","ast-breadcrumbs-content":"","ast-featured-img":"disabled","footer-sml-layout":"","theme-transparent-header-meta":"disabled","adv-header-id-meta":"","stick-header-meta":"","header-above-stick-meta":"","header-main-stick-meta":"","header-below-stick-meta":"","footnotes":""},"class_list":["post-3919","page","type-page","status-publish","has-post-thumbnail","hentry"],"yoast_head":"<!-- This site is optimized with the Yoast SEO plugin v27.2 - https:\/\/yoast.com\/product\/yoast-seo-wordpress\/ -->\n<title>Remis Asunci\u00f3n - Formosa<\/title>\n<meta name=\"description\" content=\"Oferecemos motoristas profissionais, ve\u00edculos modernos e servi\u00e7o personalizado para passeios no aeroporto, viagens pela cidade e viagens de longa dist\u00e2ncia.\" \/>\n<meta name=\"robots\" content=\"index, follow, max-snippet:-1, max-image-preview:large, max-video-preview:-1\" \/>\n<link rel=\"canonical\" href=\"https:\/\/paraguaytransfers.com\/pt-br\/remis-asuncion-formosa\/\" \/>\n<meta property=\"og:locale\" content=\"pt_BR\" \/>\n<meta property=\"og:type\" content=\"article\" \/>\n<meta property=\"og:title\" content=\"Remis Asunci\u00f3n - Formosa\" \/>\n<meta property=\"og:description\" content=\"Oferecemos motoristas profissionais, ve\u00edculos modernos e servi\u00e7o personalizado para passeios no aeroporto, viagens pela cidade e viagens de longa dist\u00e2ncia.\" \/>\n<meta property=\"og:url\" content=\"https:\/\/paraguaytransfers.com\/pt-br\/remis-asuncion-formosa\/\" \/>\n<meta property=\"og:site_name\" content=\"Paraguay Transfers\" \/>\n<meta property=\"article:publisher\" content=\"https:\/\/www.facebook.com\/quebrachoexport\" \/>\n<meta property=\"article:modified_time\" content=\"2026-04-16T13:23:07+00:00\" \/>\n<meta property=\"og:image\" content=\"https:\/\/paraguaytransfers.com\/wp-content\/uploads\/2025\/10\/paraguay-transfer-1-1024x683.png\" \/>\n\t<meta property=\"og:image:width\" content=\"1024\" \/>\n\t<meta property=\"og:image:height\" content=\"683\" \/>\n\t<meta property=\"og:image:type\" content=\"image\/png\" \/>\n<meta name=\"twitter:card\" content=\"summary_large_image\" \/>\n<meta name=\"twitter:label1\" content=\"Est. tempo de leitura\" \/>\n\t<meta name=\"twitter:data1\" content=\"1 minuto\" \/>\n<script type=\"application\/ld+json\" class=\"yoast-schema-graph\">{\"@context\":\"https:\/\/schema.org\",\"@graph\":[{\"@type\":\"WebPage\",\"@id\":\"https:\/\/paraguaytransfers.com\/pt-br\/remis-asuncion-formosa\/\",\"url\":\"https:\/\/paraguaytransfers.com\/pt-br\/remis-asuncion-formosa\/\",\"name\":\"Remis Asunci\u00f3n - Formosa\",\"isPartOf\":{\"@id\":\"https:\/\/paraguaytransfers.com\/pt-br\/#website\"},\"primaryImageOfPage\":{\"@id\":\"https:\/\/paraguaytransfers.com\/pt-br\/remis-asuncion-formosa\/#primaryimage\"},\"image\":{\"@id\":\"https:\/\/paraguaytransfers.com\/pt-br\/remis-asuncion-formosa\/#primaryimage\"},\"thumbnailUrl\":\"https:\/\/paraguaytransfers.com\/wp-content\/uploads\/2025\/10\/paraguay-transfer-1.png\",\"datePublished\":\"2025-11-06T16:24:58+00:00\",\"dateModified\":\"2026-04-16T13:23:07+00:00\",\"description\":\"Oferecemos motoristas profissionais, ve\u00edculos modernos e servi\u00e7o personalizado para passeios no aeroporto, viagens pela cidade e viagens de longa dist\u00e2ncia.\",\"breadcrumb\":{\"@id\":\"https:\/\/paraguaytransfers.com\/pt-br\/remis-asuncion-formosa\/#breadcrumb\"},\"inLanguage\":\"pt-BR\",\"potentialAction\":[{\"@type\":\"ReadAction\",\"target\":[\"https:\/\/paraguaytransfers.com\/pt-br\/remis-asuncion-formosa\/\"]}]},{\"@type\":\"ImageObject\",\"inLanguage\":\"pt-BR\",\"@id\":\"https:\/\/paraguaytransfers.com\/pt-br\/remis-asuncion-formosa\/#primaryimage\",\"url\":\"https:\/\/paraguaytransfers.com\/wp-content\/uploads\/2025\/10\/paraguay-transfer-1.png\",\"contentUrl\":\"https:\/\/paraguaytransfers.com\/wp-content\/uploads\/2025\/10\/paraguay-transfer-1.png\",\"width\":1536,\"height\":1024,\"caption\":\"Paraguay Private Transfers\"},{\"@type\":\"BreadcrumbList\",\"@id\":\"https:\/\/paraguaytransfers.com\/pt-br\/remis-asuncion-formosa\/#breadcrumb\",\"itemListElement\":[{\"@type\":\"ListItem\",\"position\":1,\"name\":\"Home\",\"item\":\"https:\/\/paraguaytransfers.com\/pt-br\/\"},{\"@type\":\"ListItem\",\"position\":2,\"name\":\"Remis Asunci\u00f3n &#8211; Formosa\"}]},{\"@type\":\"WebSite\",\"@id\":\"https:\/\/paraguaytransfers.com\/pt-br\/#website\",\"url\":\"https:\/\/paraguaytransfers.com\/pt-br\/\",\"name\":\"Paraguay Transfers\",\"description\":\"\",\"publisher\":{\"@id\":\"https:\/\/paraguaytransfers.com\/pt-br\/#organization\"},\"potentialAction\":[{\"@type\":\"SearchAction\",\"target\":{\"@type\":\"EntryPoint\",\"urlTemplate\":\"https:\/\/paraguaytransfers.com\/pt-br\/?s={search_term_string}\"},\"query-input\":{\"@type\":\"PropertyValueSpecification\",\"valueRequired\":true,\"valueName\":\"search_term_string\"}}],\"inLanguage\":\"pt-BR\"},{\"@type\":\"Organization\",\"@id\":\"https:\/\/paraguaytransfers.com\/pt-br\/#organization\",\"name\":\"Paraguay Transfers\",\"url\":\"https:\/\/paraguaytransfers.com\/pt-br\/\",\"logo\":{\"@type\":\"ImageObject\",\"inLanguage\":\"pt-BR\",\"@id\":\"https:\/\/paraguaytransfers.com\/pt-br\/#\/schema\/logo\/image\/\",\"url\":\"https:\/\/paraguaytransfers.com\/wp-content\/uploads\/2025\/10\/cropped-logoPT_4.png\",\"contentUrl\":\"https:\/\/paraguaytransfers.com\/wp-content\/uploads\/2025\/10\/cropped-logoPT_4.png\",\"width\":416,\"height\":143,\"caption\":\"Paraguay Transfers\"},\"image\":{\"@id\":\"https:\/\/paraguaytransfers.com\/pt-br\/#\/schema\/logo\/image\/\"},\"sameAs\":[\"https:\/\/www.facebook.com\/quebrachoexport\",\"https:\/\/www.linkedin.com\/company\/93223467\"]}]}<\/script>\n<!-- \/ Yoast SEO plugin. -->","yoast_head_json":{"title":"Remis Asunci\u00f3n - Formosa","description":"Oferecemos motoristas profissionais, ve\u00edculos modernos e servi\u00e7o personalizado para passeios no aeroporto, viagens pela cidade e viagens de longa dist\u00e2ncia.","robots":{"index":"index","follow":"follow","max-snippet":"max-snippet:-1","max-image-preview":"max-image-preview:large","max-video-preview":"max-video-preview:-1"},"canonical":"https:\/\/paraguaytransfers.com\/pt-br\/remis-asuncion-formosa\/","og_locale":"pt_BR","og_type":"article","og_title":"Remis Asunci\u00f3n - Formosa","og_description":"Oferecemos motoristas profissionais, ve\u00edculos modernos e servi\u00e7o personalizado para passeios no aeroporto, viagens pela cidade e viagens de longa dist\u00e2ncia.","og_url":"https:\/\/paraguaytransfers.com\/pt-br\/remis-asuncion-formosa\/","og_site_name":"Paraguay Transfers","article_publisher":"https:\/\/www.facebook.com\/quebrachoexport","article_modified_time":"2026-04-16T13:23:07+00:00","og_image":[{"width":1024,"height":683,"url":"https:\/\/paraguaytransfers.com\/wp-content\/uploads\/2025\/10\/paraguay-transfer-1-1024x683.png","type":"image\/png"}],"twitter_card":"summary_large_image","twitter_misc":{"Est. tempo de leitura":"1 minuto"},"schema":{"@context":"https:\/\/schema.org","@graph":[{"@type":"WebPage","@id":"https:\/\/paraguaytransfers.com\/pt-br\/remis-asuncion-formosa\/","url":"https:\/\/paraguaytransfers.com\/pt-br\/remis-asuncion-formosa\/","name":"Remis Asunci\u00f3n - Formosa","isPartOf":{"@id":"https:\/\/paraguaytransfers.com\/pt-br\/#website"},"primaryImageOfPage":{"@id":"https:\/\/paraguaytransfers.com\/pt-br\/remis-asuncion-formosa\/#primaryimage"},"image":{"@id":"https:\/\/paraguaytransfers.com\/pt-br\/remis-asuncion-formosa\/#primaryimage"},"thumbnailUrl":"https:\/\/paraguaytransfers.com\/wp-content\/uploads\/2025\/10\/paraguay-transfer-1.png","datePublished":"2025-11-06T16:24:58+00:00","dateModified":"2026-04-16T13:23:07+00:00","description":"Oferecemos motoristas profissionais, ve\u00edculos modernos e servi\u00e7o personalizado para passeios no aeroporto, viagens pela cidade e viagens de longa dist\u00e2ncia.","breadcrumb":{"@id":"https:\/\/paraguaytransfers.com\/pt-br\/remis-asuncion-formosa\/#breadcrumb"},"inLanguage":"pt-BR","potentialAction":[{"@type":"ReadAction","target":["https:\/\/paraguaytransfers.com\/pt-br\/remis-asuncion-formosa\/"]}]},{"@type":"ImageObject","inLanguage":"pt-BR","@id":"https:\/\/paraguaytransfers.com\/pt-br\/remis-asuncion-formosa\/#primaryimage","url":"https:\/\/paraguaytransfers.com\/wp-content\/uploads\/2025\/10\/paraguay-transfer-1.png","contentUrl":"https:\/\/paraguaytransfers.com\/wp-content\/uploads\/2025\/10\/paraguay-transfer-1.png","width":1536,"height":1024,"caption":"Paraguay Private Transfers"},{"@type":"BreadcrumbList","@id":"https:\/\/paraguaytransfers.com\/pt-br\/remis-asuncion-formosa\/#breadcrumb","itemListElement":[{"@type":"ListItem","position":1,"name":"Home","item":"https:\/\/paraguaytransfers.com\/pt-br\/"},{"@type":"ListItem","position":2,"name":"Remis Asunci\u00f3n &#8211; Formosa"}]},{"@type":"WebSite","@id":"https:\/\/paraguaytransfers.com\/pt-br\/#website","url":"https:\/\/paraguaytransfers.com\/pt-br\/","name":"Paraguay Transfers","description":"","publisher":{"@id":"https:\/\/paraguaytransfers.com\/pt-br\/#organization"},"potentialAction":[{"@type":"SearchAction","target":{"@type":"EntryPoint","urlTemplate":"https:\/\/paraguaytransfers.com\/pt-br\/?s={search_term_string}"},"query-input":{"@type":"PropertyValueSpecification","valueRequired":true,"valueName":"search_term_string"}}],"inLanguage":"pt-BR"},{"@type":"Organization","@id":"https:\/\/paraguaytransfers.com\/pt-br\/#organization","name":"Paraguay Transfers","url":"https:\/\/paraguaytransfers.com\/pt-br\/","logo":{"@type":"ImageObject","inLanguage":"pt-BR","@id":"https:\/\/paraguaytransfers.com\/pt-br\/#\/schema\/logo\/image\/","url":"https:\/\/paraguaytransfers.com\/wp-content\/uploads\/2025\/10\/cropped-logoPT_4.png","contentUrl":"https:\/\/paraguaytransfers.com\/wp-content\/uploads\/2025\/10\/cropped-logoPT_4.png","width":416,"height":143,"caption":"Paraguay Transfers"},"image":{"@id":"https:\/\/paraguaytransfers.com\/pt-br\/#\/schema\/logo\/image\/"},"sameAs":["https:\/\/www.facebook.com\/quebrachoexport","https:\/\/www.linkedin.com\/company\/93223467"]}]}},"uagb_featured_image_src":{"full":["https:\/\/paraguaytransfers.com\/wp-content\/uploads\/2025\/10\/paraguay-transfer-1.png",1536,1024,false],"thumbnail":["https:\/\/paraguaytransfers.com\/wp-content\/uploads\/2025\/10\/paraguay-transfer-1-150x150.png",150,150,true],"medium":["https:\/\/paraguaytransfers.com\/wp-content\/uploads\/2025\/10\/paraguay-transfer-1-300x200.png",300,200,true],"medium_large":["https:\/\/paraguaytransfers.com\/wp-content\/uploads\/2025\/10\/paraguay-transfer-1-768x512.png",768,512,true],"large":["https:\/\/paraguaytransfers.com\/wp-content\/uploads\/2025\/10\/paraguay-transfer-1-1024x683.png",1024,683,true],"1536x1536":["https:\/\/paraguaytransfers.com\/wp-content\/uploads\/2025\/10\/paraguay-transfer-1.png",1536,1024,false],"2048x2048":["https:\/\/paraguaytransfers.com\/wp-content\/uploads\/2025\/10\/paraguay-transfer-1.png",1536,1024,false]},"uagb_author_info":{"display_name":"admin","author_link":"https:\/\/paraguaytransfers.com\/pt-br\/author\/admin\/"},"uagb_comment_info":0,"uagb_excerpt":"Viaje confortavelmente entre Assun\u00e7\u00e3o (Paraguai) e Formosa (Argentina) com nosso servi\u00e7o de remis particular. Transporte porta a porta, seguro, pontual e projetado para viajantes que valorizam o conforto e a tranquilidade. A dist\u00e2ncia entre Assun\u00e7\u00e3o e Formosa \u00e9 de aproximadamente 125 km, com um tempo de viagem estimado de 2,5 a 3 horas, dependendo do&hellip;","_links":{"self":[{"href":"https:\/\/paraguaytransfers.com\/pt-br\/wp-json\/wp\/v2\/pages\/3919","targetHints":{"allow":["GET"]}}],"collection":[{"href":"https:\/\/paraguaytransfers.com\/pt-br\/wp-json\/wp\/v2\/pages"}],"about":[{"href":"https:\/\/paraguaytransfers.com\/pt-br\/wp-json\/wp\/v2\/types\/page"}],"author":[{"embeddable":true,"href":"https:\/\/paraguaytransfers.com\/pt-br\/wp-json\/wp\/v2\/users\/1"}],"replies":[{"embeddable":true,"href":"https:\/\/paraguaytransfers.com\/pt-br\/wp-json\/wp\/v2\/comments?post=3919"}],"version-history":[{"count":5,"href":"https:\/\/paraguaytransfers.com\/pt-br\/wp-json\/wp\/v2\/pages\/3919\/revisions"}],"predecessor-version":[{"id":4697,"href":"https:\/\/paraguaytransfers.com\/pt-br\/wp-json\/wp\/v2\/pages\/3919\/revisions\/4697"}],"wp:featuredmedia":[{"embeddable":true,"href":"https:\/\/paraguaytransfers.com\/pt-br\/wp-json\/wp\/v2\/media\/3088"}],"wp:attachment":[{"href":"https:\/\/paraguaytransfers.com\/pt-br\/wp-json\/wp\/v2\/media?parent=3919"}],"curies":[{"name":"wp","href":"https:\/\/api.w.org\/{rel}","templated":true}]}}