{"id":3939,"date":"2025-11-19T16:14:40","date_gmt":"2025-11-19T16:14:40","guid":{"rendered":"https:\/\/paraguaytransfers.com\/?page_id=3939"},"modified":"2026-04-16T17:42:09","modified_gmt":"2026-04-16T17:42:09","slug":"voos-privados-de-helicoptero-paraguai","status":"publish","type":"page","link":"https:\/\/paraguaytransfers.com\/pt-br\/voos-privados-de-helicoptero-paraguai\/","title":{"rendered":"Voos privados de helic\u00f3ptero &#8211; Paraguai"},"content":{"rendered":"\n<div class=\"wp-block-uagb-container uagb-block-1f87dc6d alignfull uagb-is-root-container\"><div class=\"uagb-container-inner-blocks-wrap\">\n<div class=\"wp-block-uagb-info-box uagb-block-67c67dbc uagb-infobox__content-wrap  uagb-infobox-icon-above-title uagb-infobox-image-valign-top\"><div class=\"uagb-ifb-content\"><div class=\"uagb-ifb-title-wrap\"><h1 class=\"uagb-ifb-title\">Voos privados de helic\u00f3ptero: Paraguai<\/h1><\/div><p class=\"uagb-ifb-desc\">A maneira mais exclusiva, r\u00e1pida e flex\u00edvel de viajar pelo pa\u00eds<\/p><div class=\"uagb-ifb-button-wrapper wp-block-button\"><a href=\"https:\/\/api.whatsapp.com\/send\/?phone=595994750178&amp;text=Hello%2C+I+would+like+to+book+a+transfer&amp;type=phone_number&amp;app_absent=0\" class=\"uagb-infobox-cta-link wp-block-button__link\" target=\"_blank\" rel=\"noopener noreferrer\" onclick=\"return true;\"><span class=\"uagb-inline-editing\">BOOK YOUR<br>HELICOPTER FLIGHT<\/span><\/a><\/div><\/div><\/div>\n<\/div><\/div>\n\n\n\n<div class=\"wp-block-uagb-container uagb-block-be8c9955 alignfull uagb-is-root-container\"><div class=\"uagb-container-inner-blocks-wrap\">\n<div class=\"wp-block-uagb-advanced-heading uagb-block-b6eb6c32\"><h2 class=\"uagb-heading-text\">Experimente o mais alto n\u00edvel de avia\u00e7\u00e3o privada no Paraguai.<\/h2><\/div>\n\n\n\n<p class=\"has-black-color has-text-color has-link-color wp-elements-0d5e478fb77e0d16bdd82d6212571ebc\">Nossos <strong>voos particulares de helic\u00f3ptero<\/strong> permitem que voc\u00ea escolha o destino, o hor\u00e1rio e a rota &#8211; uma viagem totalmente personalizada por <strong>US$ 2.450 por hora de voo<\/strong>.<\/p>\n\n\n\n<p class=\"has-black-color has-text-color has-link-color wp-elements-26a890d17b812f84eb81f7d420226ea0\">Ideal para executivos, traslados VIP, mobilidade corporativa e voos panor\u00e2micos inesquec\u00edveis.<\/p>\n<\/div><\/div>\n\n\n\n<div class=\"inherit-container-width wp-block-group is-layout-constrained wp-block-group-is-layout-constrained\">\n<div class=\"wp-block-columns are-vertically-aligned-center has-border-color has-ast-global-color-8-border-color is-layout-flex wp-container-core-columns-is-layout-dbb42919 wp-block-columns-is-layout-flex\" style=\"border-style:solid;border-width:2px;border-radius:30px;margin-top:0;margin-bottom:0;padding-top:var(--wp--preset--spacing--40);padding-right:var(--wp--preset--spacing--50);padding-bottom:var(--wp--preset--spacing--40);padding-left:var(--wp--preset--spacing--50)\">\n<div class=\"wp-block-column is-vertically-aligned-center is-layout-flow wp-block-column-is-layout-flow\">\n<div class=\"wp-block-uagb-info-box uagb-block-d0c10daa uagb-infobox__content-wrap  uagb-infobox-icon-above-title uagb-infobox-image-valign-top wp-block-uagb-info-box--has-margin\"><div class=\"uagb-infobox-margin-wrapper\"><div class=\"uagb-ifb-content\"><div class=\"uagb-ifb-title-wrap\"><h3 class=\"uagb-ifb-title\">Bell 206 L3<\/h3><\/div><p class=\"uagb-ifb-desc\">&#8211; <strong>Dura\u00e7\u00e3o:<\/strong> custo por hora de voo<br>&#8211; <strong>Capacidade<\/strong>: at\u00e9 5 passageiros<br>&#8211; <strong>Pre\u00e7o:<\/strong> 2.450 USD<br>&#8211; <strong>Sa\u00edda:<\/strong> de Assun\u00e7\u00e3o<br>&#8211; <strong>Destino:<\/strong> qualquer lugar do Paraguai que voc\u00ea escolher<\/p><\/div><\/div><\/div>\n<\/div>\n\n\n\n<div class=\"wp-block-column is-vertically-aligned-center is-layout-flow wp-block-column-is-layout-flow\">\n<div class=\"wp-block-columns is-layout-flex wp-container-core-columns-is-layout-28f84493 wp-block-columns-is-layout-flex\">\n<div class=\"wp-block-column is-layout-flow wp-block-column-is-layout-flow\">\n<figure class=\"wp-block-image alignwide size-large has-custom-border\" style=\"margin-top:0;margin-right:0;margin-bottom:0;margin-left:0\"><img decoding=\"async\" width=\"1024\" height=\"683\" data-src=\"https:\/\/paraguaytransfers.com\/wp-content\/uploads\/2025\/11\/helicopterflight1-1024x683.webp\" alt=\"\" class=\"wp-image-3941 lazyload\" style=\"--smush-placeholder-width: 1024px; --smush-placeholder-aspect-ratio: 1024\/683;border-radius:10px\" data-srcset=\"https:\/\/paraguaytransfers.com\/wp-content\/uploads\/2025\/11\/helicopterflight1-1024x683.webp 1024w, https:\/\/paraguaytransfers.com\/wp-content\/uploads\/2025\/11\/helicopterflight1-300x200.webp 300w, https:\/\/paraguaytransfers.com\/wp-content\/uploads\/2025\/11\/helicopterflight1-768x512.webp 768w, https:\/\/paraguaytransfers.com\/wp-content\/uploads\/2025\/11\/helicopterflight1-460x306.webp 460w, https:\/\/paraguaytransfers.com\/wp-content\/uploads\/2025\/11\/helicopterflight1-800x533.webp 800w, https:\/\/paraguaytransfers.com\/wp-content\/uploads\/2025\/11\/helicopterflight1.webp 1536w\" data-sizes=\"(max-width: 1024px) 100vw, 1024px\" src=\"data:image\/svg+xml;base64,PHN2ZyB3aWR0aD0iMSIgaGVpZ2h0PSIxIiB4bWxucz0iaHR0cDovL3d3dy53My5vcmcvMjAwMC9zdmciPjwvc3ZnPg==\" \/><\/figure>\n<\/div>\n\n\n\n<div class=\"wp-block-column is-layout-flow wp-block-column-is-layout-flow\">\n<figure class=\"wp-block-image size-large has-custom-border\" style=\"margin-top:0;margin-right:0;margin-bottom:0;margin-left:0\"><img decoding=\"async\" width=\"1024\" height=\"683\" data-src=\"https:\/\/paraguaytransfers.com\/wp-content\/uploads\/2025\/11\/helicopterflight2-1024x683.webp\" alt=\"\" class=\"wp-image-3947 lazyload\" style=\"--smush-placeholder-width: 1024px; --smush-placeholder-aspect-ratio: 1024\/683;border-radius:10px\" data-srcset=\"https:\/\/paraguaytransfers.com\/wp-content\/uploads\/2025\/11\/helicopterflight2-1024x683.webp 1024w, https:\/\/paraguaytransfers.com\/wp-content\/uploads\/2025\/11\/helicopterflight2-300x200.webp 300w, https:\/\/paraguaytransfers.com\/wp-content\/uploads\/2025\/11\/helicopterflight2-768x512.webp 768w, https:\/\/paraguaytransfers.com\/wp-content\/uploads\/2025\/11\/helicopterflight2-460x306.webp 460w, https:\/\/paraguaytransfers.com\/wp-content\/uploads\/2025\/11\/helicopterflight2-800x533.webp 800w, https:\/\/paraguaytransfers.com\/wp-content\/uploads\/2025\/11\/helicopterflight2.webp 1536w\" data-sizes=\"(max-width: 1024px) 100vw, 1024px\" src=\"data:image\/svg+xml;base64,PHN2ZyB3aWR0aD0iMSIgaGVpZ2h0PSIxIiB4bWxucz0iaHR0cDovL3d3dy53My5vcmcvMjAwMC9zdmciPjwvc3ZnPg==\" \/><\/figure>\n<\/div>\n<\/div>\n\n\n\n<div class=\"wp-block-uagb-buttons uagb-buttons__outer-wrap uagb-btn__default-btn uagb-btn-tablet__default-btn uagb-btn-mobile__default-btn uagb-block-05695faa\"><div class=\"uagb-buttons__wrap uagb-buttons-layout-wrap \">\n<div class=\"wp-block-uagb-buttons-child uagb-buttons__outer-wrap uagb-block-88b651f5 wp-block-button\"><div class=\"uagb-button__wrapper\"><a class=\"uagb-buttons-repeater wp-block-button__link\" aria-label=\"\" href=\"https:\/\/api.whatsapp.com\/send\/?phone=595994750178&amp;text=Hello%2C+I+would+like+to+book+a+transfer&amp;type=phone_number&amp;app_absent=0\" rel=\"follow noopener\" target=\"_blank\" role=\"button\"><div class=\"uagb-button__link\">RESERVE SEU VOO DE HELIC\u00d3PTERO  <\/div><\/a><\/div><\/div>\n<\/div><\/div>\n<\/div>\n<\/div>\n<\/div>\n\n\n\n<div style=\"height:35px\" aria-hidden=\"true\" class=\"wp-block-spacer\"><\/div>\n\n\n\n<p><\/p>\n\n\n\n<div class=\"wp-block-uagb-container uagb-block-bb041ae5 alignfull uagb-is-root-container\"><div class=\"uagb-container-inner-blocks-wrap\">\n<div class=\"wp-block-uagb-info-box uagb-block-467524e0 uagb-infobox__content-wrap  uagb-infobox-icon-above-title uagb-infobox-image-valign-top\"><div class=\"uagb-ifb-content\"><div class=\"uagb-ifb-title-wrap\"><h5 class=\"uagb-ifb-title\">POR QUE FAZER UM VOO PARTICULAR DE HELIC\u00d3PTERO?<\/h5><\/div><p class=\"uagb-ifb-desc\">&#8211; <strong>Flexibilidade total e <\/strong>rotas particulares.<br\/>&#8211; Acesso a \u00e1reas remotas, fazendas particulares e destinos sem aeroportos.<br\/>&#8211; Traslados executivos ultrarr\u00e1pidos.<br\/>&#8211; Experi\u00eancia VIP da decolagem ao pouso.<br\/>&#8211; As melhores vistas panor\u00e2micas do Paraguai.<\/p><div class=\"uagb-ifb-button-wrapper wp-block-button\"><a href=\"https:\/\/api.whatsapp.com\/send\/?phone=595994750178&amp;text=Hello%2C+I+would+like+to+book+a+transfer&amp;type=phone_number&amp;app_absent=0\" class=\"uagb-infobox-cta-link wp-block-button__link\" target=\"_blank\" rel=\"noopener noreferrer\" onclick=\"return true;\"><span class=\"uagb-inline-editing\">RESERVE SEU VOO DE HELIC\u00d3PTERO<br\/>AGORA!<\/span><\/a><\/div><\/div><\/div>\n<\/div><\/div>\n\n\n\n<div class=\"wp-block-uagb-container uagb-block-439937f5 alignfull uagb-is-root-container\"><div class=\"uagb-container-inner-blocks-wrap\">\n<div class=\"wp-block-uagb-info-box uagb-block-a7f144b9 uagb-infobox__content-wrap  uagb-infobox-icon-above-title uagb-infobox-image-valign-top\"><div class=\"uagb-ifb-content\"><div class=\"uagb-ifb-title-wrap\"><h5 class=\"uagb-ifb-title\">DESTINOS SUGERIDOS<\/h5><\/div><p class=\"uagb-ifb-desc\">&#8211; Assun\u00e7\u00e3o &#8211; Encarnaci\u00f3n<br\/>&#8211; Assun\u00e7\u00e3o &#8211; Saltos del Guair\u00e1<br\/>&#8211; Assun\u00e7\u00e3o &#8211; Filadelfia (Chaco)<br\/>&#8211; V\u00f4os panor\u00e2micos sobre a represa de Itaipu, o rio Paraguai ou \u00e1reas naturais<\/p><div class=\"uagb-ifb-button-wrapper wp-block-button\"><a href=\"https:\/\/api.whatsapp.com\/send\/?phone=595994750178&amp;text=Hello%2C+I+would+like+to+book+a+transfer&amp;type=phone_number&amp;app_absent=0\" class=\"uagb-infobox-cta-link wp-block-button__link\" target=\"_blank\" rel=\"noopener noreferrer\" onclick=\"return true;\"><span class=\"uagb-inline-editing\">ENTRE EM CONTATO CONOSCO<\/span><\/a><\/div><\/div><\/div>\n<\/div><\/div>\n\n\n\n<p><\/p>\n\n\n","protected":false},"excerpt":{"rendered":"<p>Experimente o mais alto n\u00edvel de avia\u00e7\u00e3o privada no Paraguai. Nossos voos particulares de helic\u00f3ptero permitem que voc\u00ea escolha o destino, o hor\u00e1rio e a rota &#8211; uma viagem totalmente personalizada por US$ 2.450 por hora de voo. Ideal para executivos, traslados VIP, mobilidade corporativa e voos panor\u00e2micos inesquec\u00edveis.<\/p>\n","protected":false},"author":1,"featured_media":3942,"parent":0,"menu_order":0,"comment_status":"closed","ping_status":"closed","template":"","meta":{"_uag_custom_page_level_css":"","site-sidebar-layout":"no-sidebar","site-content-layout":"page-builder","ast-global-header-display":"","ast-main-header-display":"","ast-hfb-above-header-display":"","ast-hfb-below-header-display":"","ast-hfb-mobile-header-display":"","site-post-title":"disabled","ast-breadcrumbs-content":"","ast-featured-img":"disabled","footer-sml-layout":"","theme-transparent-header-meta":"disabled","adv-header-id-meta":"","stick-header-meta":"","header-above-stick-meta":"","header-main-stick-meta":"","header-below-stick-meta":"","footnotes":""},"class_list":["post-3939","page","type-page","status-publish","has-post-thumbnail","hentry"],"yoast_head":"<!-- This site is optimized with the Yoast SEO plugin v27.2 - https:\/\/yoast.com\/product\/yoast-seo-wordpress\/ -->\n<title>Voos privados de helic\u00f3ptero - Paraguai<\/title>\n<meta name=\"description\" content=\"Voos privados de helic\u00f3ptero no Paraguai. Viagens r\u00e1pidas, exclusivas e flex\u00edveis para executivos, traslados VIP e rotas c\u00eanicas.\" \/>\n<meta name=\"robots\" content=\"index, follow, max-snippet:-1, max-image-preview:large, max-video-preview:-1\" \/>\n<link rel=\"canonical\" href=\"https:\/\/paraguaytransfers.com\/pt-br\/voos-privados-de-helicoptero-paraguai\/\" \/>\n<meta property=\"og:locale\" content=\"pt_BR\" \/>\n<meta property=\"og:type\" content=\"article\" \/>\n<meta property=\"og:title\" content=\"Voos privados de helic\u00f3ptero - Paraguai\" \/>\n<meta property=\"og:description\" content=\"Voos privados de helic\u00f3ptero no Paraguai. Viagens r\u00e1pidas, exclusivas e flex\u00edveis para executivos, traslados VIP e rotas c\u00eanicas.\" \/>\n<meta property=\"og:url\" content=\"https:\/\/paraguaytransfers.com\/pt-br\/voos-privados-de-helicoptero-paraguai\/\" \/>\n<meta property=\"og:site_name\" content=\"Paraguay Transfers\" \/>\n<meta property=\"article:publisher\" content=\"https:\/\/www.facebook.com\/quebrachoexport\" \/>\n<meta property=\"article:modified_time\" content=\"2026-04-16T17:42:09+00:00\" \/>\n<meta property=\"og:image\" content=\"https:\/\/paraguaytransfers.com\/wp-content\/uploads\/2025\/11\/helicopterflight1.webp\" \/>\n\t<meta property=\"og:image:width\" content=\"1536\" \/>\n\t<meta property=\"og:image:height\" content=\"1024\" \/>\n\t<meta property=\"og:image:type\" content=\"image\/webp\" \/>\n<meta name=\"twitter:card\" content=\"summary_large_image\" \/>\n<meta name=\"twitter:label1\" content=\"Est. tempo de leitura\" \/>\n\t<meta name=\"twitter:data1\" content=\"2 minutos\" \/>\n<script type=\"application\/ld+json\" class=\"yoast-schema-graph\">{\"@context\":\"https:\/\/schema.org\",\"@graph\":[{\"@type\":\"WebPage\",\"@id\":\"https:\/\/paraguaytransfers.com\/pt-br\/voos-privados-de-helicoptero-paraguai\/\",\"url\":\"https:\/\/paraguaytransfers.com\/pt-br\/voos-privados-de-helicoptero-paraguai\/\",\"name\":\"Voos privados de helic\u00f3ptero - Paraguai\",\"isPartOf\":{\"@id\":\"https:\/\/paraguaytransfers.com\/pt-br\/#website\"},\"primaryImageOfPage\":{\"@id\":\"https:\/\/paraguaytransfers.com\/pt-br\/voos-privados-de-helicoptero-paraguai\/#primaryimage\"},\"image\":{\"@id\":\"https:\/\/paraguaytransfers.com\/pt-br\/voos-privados-de-helicoptero-paraguai\/#primaryimage\"},\"thumbnailUrl\":\"https:\/\/paraguaytransfers.com\/wp-content\/uploads\/2025\/11\/helicopterflight1.webp\",\"datePublished\":\"2025-11-19T16:14:40+00:00\",\"dateModified\":\"2026-04-16T17:42:09+00:00\",\"description\":\"Voos privados de helic\u00f3ptero no Paraguai. Viagens r\u00e1pidas, exclusivas e flex\u00edveis para executivos, traslados VIP e rotas c\u00eanicas.\",\"breadcrumb\":{\"@id\":\"https:\/\/paraguaytransfers.com\/pt-br\/voos-privados-de-helicoptero-paraguai\/#breadcrumb\"},\"inLanguage\":\"pt-BR\",\"potentialAction\":[{\"@type\":\"ReadAction\",\"target\":[\"https:\/\/paraguaytransfers.com\/pt-br\/voos-privados-de-helicoptero-paraguai\/\"]}]},{\"@type\":\"ImageObject\",\"inLanguage\":\"pt-BR\",\"@id\":\"https:\/\/paraguaytransfers.com\/pt-br\/voos-privados-de-helicoptero-paraguai\/#primaryimage\",\"url\":\"https:\/\/paraguaytransfers.com\/wp-content\/uploads\/2025\/11\/helicopterflight1.webp\",\"contentUrl\":\"https:\/\/paraguaytransfers.com\/wp-content\/uploads\/2025\/11\/helicopterflight1.webp\",\"width\":1536,\"height\":1024},{\"@type\":\"BreadcrumbList\",\"@id\":\"https:\/\/paraguaytransfers.com\/pt-br\/voos-privados-de-helicoptero-paraguai\/#breadcrumb\",\"itemListElement\":[{\"@type\":\"ListItem\",\"position\":1,\"name\":\"Home\",\"item\":\"https:\/\/paraguaytransfers.com\/pt-br\/\"},{\"@type\":\"ListItem\",\"position\":2,\"name\":\"Voos privados de helic\u00f3ptero &#8211; Paraguai\"}]},{\"@type\":\"WebSite\",\"@id\":\"https:\/\/paraguaytransfers.com\/pt-br\/#website\",\"url\":\"https:\/\/paraguaytransfers.com\/pt-br\/\",\"name\":\"Paraguay Transfers\",\"description\":\"\",\"publisher\":{\"@id\":\"https:\/\/paraguaytransfers.com\/pt-br\/#organization\"},\"potentialAction\":[{\"@type\":\"SearchAction\",\"target\":{\"@type\":\"EntryPoint\",\"urlTemplate\":\"https:\/\/paraguaytransfers.com\/pt-br\/?s={search_term_string}\"},\"query-input\":{\"@type\":\"PropertyValueSpecification\",\"valueRequired\":true,\"valueName\":\"search_term_string\"}}],\"inLanguage\":\"pt-BR\"},{\"@type\":\"Organization\",\"@id\":\"https:\/\/paraguaytransfers.com\/pt-br\/#organization\",\"name\":\"Paraguay Transfers\",\"url\":\"https:\/\/paraguaytransfers.com\/pt-br\/\",\"logo\":{\"@type\":\"ImageObject\",\"inLanguage\":\"pt-BR\",\"@id\":\"https:\/\/paraguaytransfers.com\/pt-br\/#\/schema\/logo\/image\/\",\"url\":\"https:\/\/paraguaytransfers.com\/wp-content\/uploads\/2025\/10\/cropped-logoPT_4.png\",\"contentUrl\":\"https:\/\/paraguaytransfers.com\/wp-content\/uploads\/2025\/10\/cropped-logoPT_4.png\",\"width\":416,\"height\":143,\"caption\":\"Paraguay Transfers\"},\"image\":{\"@id\":\"https:\/\/paraguaytransfers.com\/pt-br\/#\/schema\/logo\/image\/\"},\"sameAs\":[\"https:\/\/www.facebook.com\/quebrachoexport\",\"https:\/\/www.linkedin.com\/company\/93223467\"]}]}<\/script>\n<!-- \/ Yoast SEO plugin. -->","yoast_head_json":{"title":"Voos privados de helic\u00f3ptero - Paraguai","description":"Voos privados de helic\u00f3ptero no Paraguai. Viagens r\u00e1pidas, exclusivas e flex\u00edveis para executivos, traslados VIP e rotas c\u00eanicas.","robots":{"index":"index","follow":"follow","max-snippet":"max-snippet:-1","max-image-preview":"max-image-preview:large","max-video-preview":"max-video-preview:-1"},"canonical":"https:\/\/paraguaytransfers.com\/pt-br\/voos-privados-de-helicoptero-paraguai\/","og_locale":"pt_BR","og_type":"article","og_title":"Voos privados de helic\u00f3ptero - Paraguai","og_description":"Voos privados de helic\u00f3ptero no Paraguai. Viagens r\u00e1pidas, exclusivas e flex\u00edveis para executivos, traslados VIP e rotas c\u00eanicas.","og_url":"https:\/\/paraguaytransfers.com\/pt-br\/voos-privados-de-helicoptero-paraguai\/","og_site_name":"Paraguay Transfers","article_publisher":"https:\/\/www.facebook.com\/quebrachoexport","article_modified_time":"2026-04-16T17:42:09+00:00","og_image":[{"width":1536,"height":1024,"url":"https:\/\/paraguaytransfers.com\/wp-content\/uploads\/2025\/11\/helicopterflight1.webp","type":"image\/webp"}],"twitter_card":"summary_large_image","twitter_misc":{"Est. tempo de leitura":"2 minutos"},"schema":{"@context":"https:\/\/schema.org","@graph":[{"@type":"WebPage","@id":"https:\/\/paraguaytransfers.com\/pt-br\/voos-privados-de-helicoptero-paraguai\/","url":"https:\/\/paraguaytransfers.com\/pt-br\/voos-privados-de-helicoptero-paraguai\/","name":"Voos privados de helic\u00f3ptero - Paraguai","isPartOf":{"@id":"https:\/\/paraguaytransfers.com\/pt-br\/#website"},"primaryImageOfPage":{"@id":"https:\/\/paraguaytransfers.com\/pt-br\/voos-privados-de-helicoptero-paraguai\/#primaryimage"},"image":{"@id":"https:\/\/paraguaytransfers.com\/pt-br\/voos-privados-de-helicoptero-paraguai\/#primaryimage"},"thumbnailUrl":"https:\/\/paraguaytransfers.com\/wp-content\/uploads\/2025\/11\/helicopterflight1.webp","datePublished":"2025-11-19T16:14:40+00:00","dateModified":"2026-04-16T17:42:09+00:00","description":"Voos privados de helic\u00f3ptero no Paraguai. Viagens r\u00e1pidas, exclusivas e flex\u00edveis para executivos, traslados VIP e rotas c\u00eanicas.","breadcrumb":{"@id":"https:\/\/paraguaytransfers.com\/pt-br\/voos-privados-de-helicoptero-paraguai\/#breadcrumb"},"inLanguage":"pt-BR","potentialAction":[{"@type":"ReadAction","target":["https:\/\/paraguaytransfers.com\/pt-br\/voos-privados-de-helicoptero-paraguai\/"]}]},{"@type":"ImageObject","inLanguage":"pt-BR","@id":"https:\/\/paraguaytransfers.com\/pt-br\/voos-privados-de-helicoptero-paraguai\/#primaryimage","url":"https:\/\/paraguaytransfers.com\/wp-content\/uploads\/2025\/11\/helicopterflight1.webp","contentUrl":"https:\/\/paraguaytransfers.com\/wp-content\/uploads\/2025\/11\/helicopterflight1.webp","width":1536,"height":1024},{"@type":"BreadcrumbList","@id":"https:\/\/paraguaytransfers.com\/pt-br\/voos-privados-de-helicoptero-paraguai\/#breadcrumb","itemListElement":[{"@type":"ListItem","position":1,"name":"Home","item":"https:\/\/paraguaytransfers.com\/pt-br\/"},{"@type":"ListItem","position":2,"name":"Voos privados de helic\u00f3ptero &#8211; Paraguai"}]},{"@type":"WebSite","@id":"https:\/\/paraguaytransfers.com\/pt-br\/#website","url":"https:\/\/paraguaytransfers.com\/pt-br\/","name":"Paraguay Transfers","description":"","publisher":{"@id":"https:\/\/paraguaytransfers.com\/pt-br\/#organization"},"potentialAction":[{"@type":"SearchAction","target":{"@type":"EntryPoint","urlTemplate":"https:\/\/paraguaytransfers.com\/pt-br\/?s={search_term_string}"},"query-input":{"@type":"PropertyValueSpecification","valueRequired":true,"valueName":"search_term_string"}}],"inLanguage":"pt-BR"},{"@type":"Organization","@id":"https:\/\/paraguaytransfers.com\/pt-br\/#organization","name":"Paraguay Transfers","url":"https:\/\/paraguaytransfers.com\/pt-br\/","logo":{"@type":"ImageObject","inLanguage":"pt-BR","@id":"https:\/\/paraguaytransfers.com\/pt-br\/#\/schema\/logo\/image\/","url":"https:\/\/paraguaytransfers.com\/wp-content\/uploads\/2025\/10\/cropped-logoPT_4.png","contentUrl":"https:\/\/paraguaytransfers.com\/wp-content\/uploads\/2025\/10\/cropped-logoPT_4.png","width":416,"height":143,"caption":"Paraguay Transfers"},"image":{"@id":"https:\/\/paraguaytransfers.com\/pt-br\/#\/schema\/logo\/image\/"},"sameAs":["https:\/\/www.facebook.com\/quebrachoexport","https:\/\/www.linkedin.com\/company\/93223467"]}]}},"uagb_featured_image_src":{"full":["https:\/\/paraguaytransfers.com\/wp-content\/uploads\/2025\/11\/helicopterflight1.webp",1536,1024,false],"thumbnail":["https:\/\/paraguaytransfers.com\/wp-content\/uploads\/2025\/11\/helicopterflight1-150x150.webp",150,150,true],"medium":["https:\/\/paraguaytransfers.com\/wp-content\/uploads\/2025\/11\/helicopterflight1-300x200.webp",300,200,true],"medium_large":["https:\/\/paraguaytransfers.com\/wp-content\/uploads\/2025\/11\/helicopterflight1-768x512.webp",768,512,true],"large":["https:\/\/paraguaytransfers.com\/wp-content\/uploads\/2025\/11\/helicopterflight1-1024x683.webp",1024,683,true],"1536x1536":["https:\/\/paraguaytransfers.com\/wp-content\/uploads\/2025\/11\/helicopterflight1.webp",1536,1024,false],"2048x2048":["https:\/\/paraguaytransfers.com\/wp-content\/uploads\/2025\/11\/helicopterflight1.webp",1536,1024,false]},"uagb_author_info":{"display_name":"admin","author_link":"https:\/\/paraguaytransfers.com\/pt-br\/author\/admin\/"},"uagb_comment_info":0,"uagb_excerpt":"Experimente o mais alto n\u00edvel de avia\u00e7\u00e3o privada no Paraguai. Nossos voos particulares de helic\u00f3ptero permitem que voc\u00ea escolha o destino, o hor\u00e1rio e a rota &#8211; uma viagem totalmente personalizada por US$ 2.450 por hora de voo. Ideal para executivos, traslados VIP, mobilidade corporativa e voos panor\u00e2micos inesquec\u00edveis.","_links":{"self":[{"href":"https:\/\/paraguaytransfers.com\/pt-br\/wp-json\/wp\/v2\/pages\/3939","targetHints":{"allow":["GET"]}}],"collection":[{"href":"https:\/\/paraguaytransfers.com\/pt-br\/wp-json\/wp\/v2\/pages"}],"about":[{"href":"https:\/\/paraguaytransfers.com\/pt-br\/wp-json\/wp\/v2\/types\/page"}],"author":[{"embeddable":true,"href":"https:\/\/paraguaytransfers.com\/pt-br\/wp-json\/wp\/v2\/users\/1"}],"replies":[{"embeddable":true,"href":"https:\/\/paraguaytransfers.com\/pt-br\/wp-json\/wp\/v2\/comments?post=3939"}],"version-history":[{"count":6,"href":"https:\/\/paraguaytransfers.com\/pt-br\/wp-json\/wp\/v2\/pages\/3939\/revisions"}],"predecessor-version":[{"id":4749,"href":"https:\/\/paraguaytransfers.com\/pt-br\/wp-json\/wp\/v2\/pages\/3939\/revisions\/4749"}],"wp:featuredmedia":[{"embeddable":true,"href":"https:\/\/paraguaytransfers.com\/pt-br\/wp-json\/wp\/v2\/media\/3942"}],"wp:attachment":[{"href":"https:\/\/paraguaytransfers.com\/pt-br\/wp-json\/wp\/v2\/media?parent=3939"}],"curies":[{"name":"wp","href":"https:\/\/api.w.org\/{rel}","templated":true}]}}