{"id":3979,"date":"2026-01-05T18:05:08","date_gmt":"2026-01-05T18:05:08","guid":{"rendered":"https:\/\/paraguaytransfers.com\/?page_id=3979"},"modified":"2026-04-16T13:28:29","modified_gmt":"2026-04-16T13:28:29","slug":"traslados-ciudad-del-este-foz-do-iguacu","status":"publish","type":"page","link":"https:\/\/paraguaytransfers.com\/pt-br\/traslados-ciudad-del-este-foz-do-iguacu\/","title":{"rendered":"Traslados Ciudad del Este &#8211; Foz do Igua\u00e7u"},"content":{"rendered":"\n<div class=\"wp-block-uagb-container uagb-block-1f87dc6d alignfull uagb-is-root-container\"><div class=\"uagb-container-inner-blocks-wrap\">\n<div class=\"wp-block-uagb-info-box uagb-block-67c67dbc uagb-infobox__content-wrap  uagb-infobox-icon-above-title uagb-infobox-image-valign-top\"><div class=\"uagb-ifb-content\"><div class=\"uagb-ifb-title-wrap\"><h1 class=\"uagb-ifb-title\"><strong>Traslados:<\/strong><br\/><strong>Ciudad del Este<\/strong> &#8211; Foz do Igua\u00e7u<\/h1><\/div><p class=\"uagb-ifb-desc\">Traslados transfronteiri\u00e7os confi\u00e1veis ligando Ciudad del Este e Foz do Igua\u00e7u.<\/p><div class=\"uagb-ifb-button-wrapper wp-block-button\"><a href=\"https:\/\/api.whatsapp.com\/send\/?phone=595994750178&amp;text=Hello%2C+I+would+like+to+book+a+transfer&amp;type=phone_number&amp;app_absent=0\" class=\"uagb-infobox-cta-link wp-block-button__link\" target=\"_blank\" rel=\"noopener noreferrer\" onclick=\"return true;\"><span class=\"uagb-inline-editing\">RESERVE SEU TRASLADO<\/span><\/a><\/div><\/div><\/div>\n<\/div><\/div>\n\n<div class=\"wp-block-uagb-container uagb-block-be8c9955 alignfull uagb-is-root-container\"><div class=\"uagb-container-inner-blocks-wrap\">\n<div class=\"wp-block-uagb-advanced-heading uagb-block-b6eb6c32\"><h2 class=\"uagb-heading-text\">Traslados particulares de Ciudad del Este para Foz do Igua\u00e7u &#8211; conforto e seguran\u00e7a al\u00e9m das fronteiras<\/h2><\/div>\n\n\n\n<p class=\"has-black-color has-text-color has-link-color wp-elements-12e5985781b266b0d53cb351d734d220\">Viaje entre o Paraguai e o Brasil com facilidade, conforto e total tranquilidade.<\/p>\n\n\n\n<p class=\"has-black-color has-text-color has-link-color wp-elements-dfefc18adb8e4fd02dc44b246e4f9a8a\">Oferecemos traslados particulares de <strong>Ciudad del Este para Foz do Igua\u00e7u<\/strong>, projetados para viajantes que valorizam a pontualidade, o servi\u00e7o personalizado e uma experi\u00eancia transfronteiri\u00e7a tranquila.<\/p>\n\n\n\n<p class=\"has-black-color has-text-color has-link-color wp-elements-369cfa6e8e8ccf99f170e0f100b9771d\">Foz do Igua\u00e7u, localizada no sul do Brasil, perto da tr\u00edplice fronteira com o Paraguai e a Argentina, <strong>\u00e9 um dos destinos mais emblem\u00e1ticos da Am\u00e9rica do Sul<\/strong>. Mundialmente famosa pelas deslumbrantes Cataratas do Igua\u00e7u, a cidade combina maravilhas naturais, infraestrutura moderna e turismo internacional em um cen\u00e1rio \u00fanico. <\/p>\n\n\n\n<p class=\"has-black-color has-text-color has-link-color wp-elements-f78446a2ec77558368b9ad1432829a4b\">A rota de Ciudad del Este a Foz do Igua\u00e7u \u00e9 curta, mas estrat\u00e9gica, cobrindo aproximadamente <strong>20 quil\u00f4metros (12 milhas)<\/strong>. O tempo de viagem geralmente varia entre <strong>30 minutos e 1 hora<\/strong>, dependendo do tr\u00e1fego na fronteira e da hora do dia. Nossos motoristas t\u00eam experi\u00eancia com os procedimentos de fronteira, garantindo uma travessia eficiente e sem estresse.  <\/p>\n\n\n\n<p class=\"has-black-color has-text-color has-link-color wp-elements-6e2e4ac4a9c58d28918570e1ee3eeaf9\">Durante toda a viagem, voc\u00ea viajar\u00e1 em ve\u00edculos modernos, com ar-condicionado, dirigidos por motoristas profissionais focados no seu conforto e seguran\u00e7a. Se voc\u00ea estiver viajando a turismo, a neg\u00f3cios ou em conex\u00e3o com outro destino, nossos traslados particulares oferecem confiabilidade desde a coleta at\u00e9 a entrega. <\/p>\n\n\n\n<p class=\"has-black-color has-text-color has-link-color wp-elements-f1b08cdc11d046d726f38bcd08c77334\">Sente-se, relaxe e aproveite o passeio &#8211; <strong>n\u00f3s cuidaremos dos detalhes.<\/strong><\/p>\n<\/div><\/div>\n\n<div class=\"wp-block-uagb-container uagb-block-bb041ae5 alignfull uagb-is-root-container\"><div class=\"uagb-container-inner-blocks-wrap\">\n<div class=\"wp-block-uagb-info-box uagb-block-467524e0 uagb-infobox__content-wrap  uagb-infobox-icon-above-title uagb-infobox-image-valign-top\"><div class=\"uagb-ifb-content\"><div class=\"uagb-ifb-title-wrap\"><h5 class=\"uagb-ifb-title\">O QUE VISITAR EM FOZ DO IGUA\u00c7U<\/h5><\/div><p class=\"uagb-ifb-desc\"><strong>Foz do Igua\u00e7u \u00e9 muito mais do que uma cidade de passagem<\/strong> &#8211; \u00e9 um destino repleto de belezas naturais, maravilhas da engenharia e experi\u00eancias inesquec\u00edveis.<br\/>Se voc\u00ea estiver viajando de Ciudad del Este com a Transfers Paraguay, aqui est\u00e3o algumas atra\u00e7\u00f5es imperd\u00edveis quando voc\u00ea chegar:<br\/><br\/><strong>Cataratas do Igua\u00e7u<\/strong><br\/>Uma das Novas Sete Maravilhas Naturais do Mundo.<br\/>Explore as passarelas panor\u00e2micas, as poderosas cachoeiras e os mirantes de tirar o f\u00f4lego dentro do parque nacional.<br\/><br\/><strong>Parque Nacional do Igua\u00e7u<\/strong><br\/>Um Patrim\u00f4nio Mundial da UNESCO que oferece uma rica biodiversidade, trilhas na selva e um cen\u00e1rio incr\u00edvel ao redor das cataratas.<br\/><br\/><strong>Represa de Itaipu<\/strong><br\/>Uma das maiores usinas hidrel\u00e9tricas do mundo, compartilhada pelo Brasil e pelo Paraguai.<br\/>Visitas guiadas revelam a escala, a tecnologia e a import\u00e2ncia dessa obra-prima da engenharia.<br\/><br\/><strong>Parque das Aves (Parque das Aves)<\/strong><br\/>Um parque de conserva\u00e7\u00e3o exclusivo onde voc\u00ea pode caminhar por avi\u00e1rios imersivos e observar p\u00e1ssaros tropicais coloridos de perto.<br\/><br\/><strong>Marco da Tr\u00edplice Fronteira<\/strong><br\/>O ponto de encontro do Brasil, Paraguai e Argentina, com vistas panor\u00e2micas dos rios e um monumento cultural que celebra a diversidade da regi\u00e3o.<br\/><br\/><em>N\u00e3o importa se voc\u00ea est\u00e1 visitando a natureza, turismo ou conex\u00f5es de viagens internacionais, Foz do Igua\u00e7u oferece uma experi\u00eancia inesquec\u00edvel.<\/em><\/p><div class=\"uagb-ifb-button-wrapper wp-block-button\"><a href=\"https:\/\/api.whatsapp.com\/send\/?phone=595994750178&amp;text=Hello%2C+I+would+like+to+book+a+transfer&amp;type=phone_number&amp;app_absent=0\" class=\"uagb-infobox-cta-link wp-block-button__link\" target=\"_blank\" rel=\"noopener noreferrer\" onclick=\"return true;\"><span class=\"uagb-inline-editing\">RESERVE SEU TRASLADO PARA FOZ DO IGUA\u00c7U<\/span><\/a><\/div><\/div><\/div>\n<\/div><\/div>\n\n<p><\/p>\n","protected":false},"excerpt":{"rendered":"<p>Traslados particulares de Ciudad del Este para Foz do Igua\u00e7u &#8211; conforto e seguran\u00e7a al\u00e9m das fronteiras Viaje entre o Paraguai e o Brasil com facilidade, conforto e total tranquilidade. Oferecemos traslados particulares de Ciudad del Este para Foz do Igua\u00e7u, projetados para viajantes que valorizam a pontualidade, o servi\u00e7o personalizado e uma experi\u00eancia transfronteiri\u00e7a &hellip;<\/p>\n<p class=\"read-more\"> <a class=\"\" href=\"https:\/\/paraguaytransfers.com\/pt-br\/traslados-ciudad-del-este-foz-do-iguacu\/\"> <span class=\"screen-reader-text\">Traslados Ciudad del Este &#8211; Foz do Igua\u00e7u<\/span> Read More \u00bb<\/a><\/p>\n","protected":false},"author":1,"featured_media":3088,"parent":0,"menu_order":0,"comment_status":"closed","ping_status":"closed","template":"","meta":{"_uag_custom_page_level_css":"","site-sidebar-layout":"no-sidebar","site-content-layout":"page-builder","ast-global-header-display":"","ast-main-header-display":"","ast-hfb-above-header-display":"","ast-hfb-below-header-display":"","ast-hfb-mobile-header-display":"","site-post-title":"disabled","ast-breadcrumbs-content":"","ast-featured-img":"disabled","footer-sml-layout":"","theme-transparent-header-meta":"disabled","adv-header-id-meta":"","stick-header-meta":"","header-above-stick-meta":"","header-main-stick-meta":"","header-below-stick-meta":"","footnotes":""},"class_list":["post-3979","page","type-page","status-publish","has-post-thumbnail","hentry"],"yoast_head":"<!-- This site is optimized with the Yoast SEO plugin v27.2 - https:\/\/yoast.com\/product\/yoast-seo-wordpress\/ -->\n<title>Traslados Ciudad del Este - Foz do Igua\u00e7u<\/title>\n<meta name=\"description\" content=\"Traslados particulares de Ciudad del Este para Foz do Igua\u00e7u com conforto, seguran\u00e7a e motoristas profissionais.\" \/>\n<meta name=\"robots\" content=\"index, follow, max-snippet:-1, max-image-preview:large, max-video-preview:-1\" \/>\n<link rel=\"canonical\" href=\"https:\/\/paraguaytransfers.com\/pt-br\/traslados-ciudad-del-este-foz-do-iguacu\/\" \/>\n<meta property=\"og:locale\" content=\"pt_BR\" \/>\n<meta property=\"og:type\" content=\"article\" \/>\n<meta property=\"og:title\" content=\"Traslados Ciudad del Este - Foz do Igua\u00e7u\" \/>\n<meta property=\"og:description\" content=\"Traslados particulares de Ciudad del Este para Foz do Igua\u00e7u com conforto, seguran\u00e7a e motoristas profissionais.\" \/>\n<meta property=\"og:url\" content=\"https:\/\/paraguaytransfers.com\/pt-br\/traslados-ciudad-del-este-foz-do-iguacu\/\" \/>\n<meta property=\"og:site_name\" content=\"Paraguay Transfers\" \/>\n<meta property=\"article:publisher\" content=\"https:\/\/www.facebook.com\/quebrachoexport\" \/>\n<meta property=\"article:modified_time\" content=\"2026-04-16T13:28:29+00:00\" \/>\n<meta property=\"og:image\" content=\"https:\/\/paraguaytransfers.com\/wp-content\/uploads\/2025\/10\/paraguay-transfer-1-1024x683.png\" \/>\n\t<meta property=\"og:image:width\" content=\"1024\" \/>\n\t<meta property=\"og:image:height\" content=\"683\" \/>\n\t<meta property=\"og:image:type\" content=\"image\/png\" \/>\n<meta name=\"twitter:card\" content=\"summary_large_image\" \/>\n<meta name=\"twitter:label1\" content=\"Est. tempo de leitura\" \/>\n\t<meta name=\"twitter:data1\" content=\"3 minutos\" \/>\n<script type=\"application\/ld+json\" class=\"yoast-schema-graph\">{\"@context\":\"https:\/\/schema.org\",\"@graph\":[{\"@type\":\"WebPage\",\"@id\":\"https:\/\/paraguaytransfers.com\/pt-br\/traslados-ciudad-del-este-foz-do-iguacu\/\",\"url\":\"https:\/\/paraguaytransfers.com\/pt-br\/traslados-ciudad-del-este-foz-do-iguacu\/\",\"name\":\"Traslados Ciudad del Este - Foz do Igua\u00e7u\",\"isPartOf\":{\"@id\":\"https:\/\/paraguaytransfers.com\/pt-br\/#website\"},\"primaryImageOfPage\":{\"@id\":\"https:\/\/paraguaytransfers.com\/pt-br\/traslados-ciudad-del-este-foz-do-iguacu\/#primaryimage\"},\"image\":{\"@id\":\"https:\/\/paraguaytransfers.com\/pt-br\/traslados-ciudad-del-este-foz-do-iguacu\/#primaryimage\"},\"thumbnailUrl\":\"https:\/\/paraguaytransfers.com\/wp-content\/uploads\/2025\/10\/paraguay-transfer-1.png\",\"datePublished\":\"2026-01-05T18:05:08+00:00\",\"dateModified\":\"2026-04-16T13:28:29+00:00\",\"description\":\"Traslados particulares de Ciudad del Este para Foz do Igua\u00e7u com conforto, seguran\u00e7a e motoristas profissionais.\",\"breadcrumb\":{\"@id\":\"https:\/\/paraguaytransfers.com\/pt-br\/traslados-ciudad-del-este-foz-do-iguacu\/#breadcrumb\"},\"inLanguage\":\"pt-BR\",\"potentialAction\":[{\"@type\":\"ReadAction\",\"target\":[\"https:\/\/paraguaytransfers.com\/pt-br\/traslados-ciudad-del-este-foz-do-iguacu\/\"]}]},{\"@type\":\"ImageObject\",\"inLanguage\":\"pt-BR\",\"@id\":\"https:\/\/paraguaytransfers.com\/pt-br\/traslados-ciudad-del-este-foz-do-iguacu\/#primaryimage\",\"url\":\"https:\/\/paraguaytransfers.com\/wp-content\/uploads\/2025\/10\/paraguay-transfer-1.png\",\"contentUrl\":\"https:\/\/paraguaytransfers.com\/wp-content\/uploads\/2025\/10\/paraguay-transfer-1.png\",\"width\":1536,\"height\":1024,\"caption\":\"Paraguay Private Transfers\"},{\"@type\":\"BreadcrumbList\",\"@id\":\"https:\/\/paraguaytransfers.com\/pt-br\/traslados-ciudad-del-este-foz-do-iguacu\/#breadcrumb\",\"itemListElement\":[{\"@type\":\"ListItem\",\"position\":1,\"name\":\"Home\",\"item\":\"https:\/\/paraguaytransfers.com\/pt-br\/\"},{\"@type\":\"ListItem\",\"position\":2,\"name\":\"Traslados Ciudad del Este &#8211; Foz do Igua\u00e7u\"}]},{\"@type\":\"WebSite\",\"@id\":\"https:\/\/paraguaytransfers.com\/pt-br\/#website\",\"url\":\"https:\/\/paraguaytransfers.com\/pt-br\/\",\"name\":\"Paraguay Transfers\",\"description\":\"\",\"publisher\":{\"@id\":\"https:\/\/paraguaytransfers.com\/pt-br\/#organization\"},\"potentialAction\":[{\"@type\":\"SearchAction\",\"target\":{\"@type\":\"EntryPoint\",\"urlTemplate\":\"https:\/\/paraguaytransfers.com\/pt-br\/?s={search_term_string}\"},\"query-input\":{\"@type\":\"PropertyValueSpecification\",\"valueRequired\":true,\"valueName\":\"search_term_string\"}}],\"inLanguage\":\"pt-BR\"},{\"@type\":\"Organization\",\"@id\":\"https:\/\/paraguaytransfers.com\/pt-br\/#organization\",\"name\":\"Paraguay Transfers\",\"url\":\"https:\/\/paraguaytransfers.com\/pt-br\/\",\"logo\":{\"@type\":\"ImageObject\",\"inLanguage\":\"pt-BR\",\"@id\":\"https:\/\/paraguaytransfers.com\/pt-br\/#\/schema\/logo\/image\/\",\"url\":\"https:\/\/paraguaytransfers.com\/wp-content\/uploads\/2025\/10\/cropped-logoPT_4.png\",\"contentUrl\":\"https:\/\/paraguaytransfers.com\/wp-content\/uploads\/2025\/10\/cropped-logoPT_4.png\",\"width\":416,\"height\":143,\"caption\":\"Paraguay Transfers\"},\"image\":{\"@id\":\"https:\/\/paraguaytransfers.com\/pt-br\/#\/schema\/logo\/image\/\"},\"sameAs\":[\"https:\/\/www.facebook.com\/quebrachoexport\",\"https:\/\/www.linkedin.com\/company\/93223467\"]}]}<\/script>\n<!-- \/ Yoast SEO plugin. -->","yoast_head_json":{"title":"Traslados Ciudad del Este - Foz do Igua\u00e7u","description":"Traslados particulares de Ciudad del Este para Foz do Igua\u00e7u com conforto, seguran\u00e7a e motoristas profissionais.","robots":{"index":"index","follow":"follow","max-snippet":"max-snippet:-1","max-image-preview":"max-image-preview:large","max-video-preview":"max-video-preview:-1"},"canonical":"https:\/\/paraguaytransfers.com\/pt-br\/traslados-ciudad-del-este-foz-do-iguacu\/","og_locale":"pt_BR","og_type":"article","og_title":"Traslados Ciudad del Este - Foz do Igua\u00e7u","og_description":"Traslados particulares de Ciudad del Este para Foz do Igua\u00e7u com conforto, seguran\u00e7a e motoristas profissionais.","og_url":"https:\/\/paraguaytransfers.com\/pt-br\/traslados-ciudad-del-este-foz-do-iguacu\/","og_site_name":"Paraguay Transfers","article_publisher":"https:\/\/www.facebook.com\/quebrachoexport","article_modified_time":"2026-04-16T13:28:29+00:00","og_image":[{"width":1024,"height":683,"url":"https:\/\/paraguaytransfers.com\/wp-content\/uploads\/2025\/10\/paraguay-transfer-1-1024x683.png","type":"image\/png"}],"twitter_card":"summary_large_image","twitter_misc":{"Est. tempo de leitura":"3 minutos"},"schema":{"@context":"https:\/\/schema.org","@graph":[{"@type":"WebPage","@id":"https:\/\/paraguaytransfers.com\/pt-br\/traslados-ciudad-del-este-foz-do-iguacu\/","url":"https:\/\/paraguaytransfers.com\/pt-br\/traslados-ciudad-del-este-foz-do-iguacu\/","name":"Traslados Ciudad del Este - Foz do Igua\u00e7u","isPartOf":{"@id":"https:\/\/paraguaytransfers.com\/pt-br\/#website"},"primaryImageOfPage":{"@id":"https:\/\/paraguaytransfers.com\/pt-br\/traslados-ciudad-del-este-foz-do-iguacu\/#primaryimage"},"image":{"@id":"https:\/\/paraguaytransfers.com\/pt-br\/traslados-ciudad-del-este-foz-do-iguacu\/#primaryimage"},"thumbnailUrl":"https:\/\/paraguaytransfers.com\/wp-content\/uploads\/2025\/10\/paraguay-transfer-1.png","datePublished":"2026-01-05T18:05:08+00:00","dateModified":"2026-04-16T13:28:29+00:00","description":"Traslados particulares de Ciudad del Este para Foz do Igua\u00e7u com conforto, seguran\u00e7a e motoristas profissionais.","breadcrumb":{"@id":"https:\/\/paraguaytransfers.com\/pt-br\/traslados-ciudad-del-este-foz-do-iguacu\/#breadcrumb"},"inLanguage":"pt-BR","potentialAction":[{"@type":"ReadAction","target":["https:\/\/paraguaytransfers.com\/pt-br\/traslados-ciudad-del-este-foz-do-iguacu\/"]}]},{"@type":"ImageObject","inLanguage":"pt-BR","@id":"https:\/\/paraguaytransfers.com\/pt-br\/traslados-ciudad-del-este-foz-do-iguacu\/#primaryimage","url":"https:\/\/paraguaytransfers.com\/wp-content\/uploads\/2025\/10\/paraguay-transfer-1.png","contentUrl":"https:\/\/paraguaytransfers.com\/wp-content\/uploads\/2025\/10\/paraguay-transfer-1.png","width":1536,"height":1024,"caption":"Paraguay Private Transfers"},{"@type":"BreadcrumbList","@id":"https:\/\/paraguaytransfers.com\/pt-br\/traslados-ciudad-del-este-foz-do-iguacu\/#breadcrumb","itemListElement":[{"@type":"ListItem","position":1,"name":"Home","item":"https:\/\/paraguaytransfers.com\/pt-br\/"},{"@type":"ListItem","position":2,"name":"Traslados Ciudad del Este &#8211; Foz do Igua\u00e7u"}]},{"@type":"WebSite","@id":"https:\/\/paraguaytransfers.com\/pt-br\/#website","url":"https:\/\/paraguaytransfers.com\/pt-br\/","name":"Paraguay Transfers","description":"","publisher":{"@id":"https:\/\/paraguaytransfers.com\/pt-br\/#organization"},"potentialAction":[{"@type":"SearchAction","target":{"@type":"EntryPoint","urlTemplate":"https:\/\/paraguaytransfers.com\/pt-br\/?s={search_term_string}"},"query-input":{"@type":"PropertyValueSpecification","valueRequired":true,"valueName":"search_term_string"}}],"inLanguage":"pt-BR"},{"@type":"Organization","@id":"https:\/\/paraguaytransfers.com\/pt-br\/#organization","name":"Paraguay Transfers","url":"https:\/\/paraguaytransfers.com\/pt-br\/","logo":{"@type":"ImageObject","inLanguage":"pt-BR","@id":"https:\/\/paraguaytransfers.com\/pt-br\/#\/schema\/logo\/image\/","url":"https:\/\/paraguaytransfers.com\/wp-content\/uploads\/2025\/10\/cropped-logoPT_4.png","contentUrl":"https:\/\/paraguaytransfers.com\/wp-content\/uploads\/2025\/10\/cropped-logoPT_4.png","width":416,"height":143,"caption":"Paraguay Transfers"},"image":{"@id":"https:\/\/paraguaytransfers.com\/pt-br\/#\/schema\/logo\/image\/"},"sameAs":["https:\/\/www.facebook.com\/quebrachoexport","https:\/\/www.linkedin.com\/company\/93223467"]}]}},"uagb_featured_image_src":{"full":["https:\/\/paraguaytransfers.com\/wp-content\/uploads\/2025\/10\/paraguay-transfer-1.png",1536,1024,false],"thumbnail":["https:\/\/paraguaytransfers.com\/wp-content\/uploads\/2025\/10\/paraguay-transfer-1-150x150.png",150,150,true],"medium":["https:\/\/paraguaytransfers.com\/wp-content\/uploads\/2025\/10\/paraguay-transfer-1-300x200.png",300,200,true],"medium_large":["https:\/\/paraguaytransfers.com\/wp-content\/uploads\/2025\/10\/paraguay-transfer-1-768x512.png",768,512,true],"large":["https:\/\/paraguaytransfers.com\/wp-content\/uploads\/2025\/10\/paraguay-transfer-1-1024x683.png",1024,683,true],"1536x1536":["https:\/\/paraguaytransfers.com\/wp-content\/uploads\/2025\/10\/paraguay-transfer-1.png",1536,1024,false],"2048x2048":["https:\/\/paraguaytransfers.com\/wp-content\/uploads\/2025\/10\/paraguay-transfer-1.png",1536,1024,false]},"uagb_author_info":{"display_name":"admin","author_link":"https:\/\/paraguaytransfers.com\/pt-br\/author\/admin\/"},"uagb_comment_info":0,"uagb_excerpt":"Traslados particulares de Ciudad del Este para Foz do Igua\u00e7u &#8211; conforto e seguran\u00e7a al\u00e9m das fronteiras Viaje entre o Paraguai e o Brasil com facilidade, conforto e total tranquilidade. Oferecemos traslados particulares de Ciudad del Este para Foz do Igua\u00e7u, projetados para viajantes que valorizam a pontualidade, o servi\u00e7o personalizado e uma experi\u00eancia transfronteiri\u00e7a&hellip;","_links":{"self":[{"href":"https:\/\/paraguaytransfers.com\/pt-br\/wp-json\/wp\/v2\/pages\/3979","targetHints":{"allow":["GET"]}}],"collection":[{"href":"https:\/\/paraguaytransfers.com\/pt-br\/wp-json\/wp\/v2\/pages"}],"about":[{"href":"https:\/\/paraguaytransfers.com\/pt-br\/wp-json\/wp\/v2\/types\/page"}],"author":[{"embeddable":true,"href":"https:\/\/paraguaytransfers.com\/pt-br\/wp-json\/wp\/v2\/users\/1"}],"replies":[{"embeddable":true,"href":"https:\/\/paraguaytransfers.com\/pt-br\/wp-json\/wp\/v2\/comments?post=3979"}],"version-history":[{"count":6,"href":"https:\/\/paraguaytransfers.com\/pt-br\/wp-json\/wp\/v2\/pages\/3979\/revisions"}],"predecessor-version":[{"id":4719,"href":"https:\/\/paraguaytransfers.com\/pt-br\/wp-json\/wp\/v2\/pages\/3979\/revisions\/4719"}],"wp:featuredmedia":[{"embeddable":true,"href":"https:\/\/paraguaytransfers.com\/pt-br\/wp-json\/wp\/v2\/media\/3088"}],"wp:attachment":[{"href":"https:\/\/paraguaytransfers.com\/pt-br\/wp-json\/wp\/v2\/media?parent=3979"}],"curies":[{"name":"wp","href":"https:\/\/api.w.org\/{rel}","templated":true}]}}