{"id":3990,"date":"2026-01-05T20:03:22","date_gmt":"2026-01-05T20:03:22","guid":{"rendered":"https:\/\/paraguaytransfers.com\/?page_id=3990"},"modified":"2026-04-16T13:30:22","modified_gmt":"2026-04-16T13:30:22","slug":"traslados-ciudad-del-este-puerto-de-iguazu","status":"publish","type":"page","link":"https:\/\/paraguaytransfers.com\/pt-br\/traslados-ciudad-del-este-puerto-de-iguazu\/","title":{"rendered":"Traslados Ciudad del Este &#8211; Puerto de Iguaz\u00fa"},"content":{"rendered":"\n<div class=\"wp-block-uagb-container uagb-block-1f87dc6d alignfull uagb-is-root-container\"><div class=\"uagb-container-inner-blocks-wrap\">\n<div class=\"wp-block-uagb-info-box uagb-block-67c67dbc uagb-infobox__content-wrap  uagb-infobox-icon-above-title uagb-infobox-image-valign-top\"><div class=\"uagb-ifb-content\"><div class=\"uagb-ifb-title-wrap\"><h1 class=\"uagb-ifb-title\"><strong>Traslados:<\/strong><br\/><strong>Ciudad del Este<\/strong> &#8211; Puerto de Iguaz\u00fa<\/h1><\/div><p class=\"uagb-ifb-desc\">Transfer\u00eancias privadas confi\u00e1veis conectando Ciudad del Este e Puerto Iguaz\u00fa<\/p><div class=\"uagb-ifb-button-wrapper wp-block-button\"><a href=\"https:\/\/api.whatsapp.com\/send\/?phone=595994750178&amp;text=Hello%2C+I+would+like+to+book+a+transfer&amp;type=phone_number&amp;app_absent=0\" class=\"uagb-infobox-cta-link wp-block-button__link\" target=\"_blank\" rel=\"noopener noreferrer\" onclick=\"return true;\"><span class=\"uagb-inline-editing\">RESERVE SEU TRASLADO<\/span><\/a><\/div><\/div><\/div>\n<\/div><\/div>\n\n<div class=\"wp-block-uagb-container uagb-block-be8c9955 alignfull uagb-is-root-container\"><div class=\"uagb-container-inner-blocks-wrap\">\n<div class=\"wp-block-uagb-advanced-heading uagb-block-b6eb6c32\"><h2 class=\"uagb-heading-text\">Traslados particulares de Ciudad del Este para Puerto Iguaz\u00fa &#8211; conforto e seguran\u00e7a al\u00e9m das fronteiras<\/h2><\/div>\n\n\n\n<p class=\"has-black-color has-text-color has-link-color wp-elements-19fe0566b82453175ee547803a353f45\">Traslados particulares de Ciudad del Este para Puerto Iguaz\u00fa &#8211; conforto e seguran\u00e7a al\u00e9m das fronteiras.<\/p>\n\n\n\n<p class=\"has-black-color has-text-color has-link-color wp-elements-25a6f5fe0ce6eab37140439740fc7470\">Oferecemos transfers privados de longa dist\u00e2ncia de <strong>Ciudad del Este para Puerto Iguaz\u00fa<\/strong>, projetados para viajantes que valorizam a pontualidade, a seguran\u00e7a e uma experi\u00eancia transfronteiri\u00e7a perfeita.<\/p>\n\n\n\n<p class=\"has-black-color has-text-color has-link-color wp-elements-4a33ae390339c1f1906c5f76b177003b\">Puerto Iguaz\u00fa, localizada no nordeste da Argentina, \u00e9 um dos destinos tur\u00edsticos mais emblem\u00e1ticos da regi\u00e3o. Mundialmente famosa pelas deslumbrantes <strong>Cataratas do Igua\u00e7u<\/strong>, a cidade combina maravilhas naturais, paisagens exuberantes da floresta tropical e uma atmosfera descontra\u00edda, o que a torna um destino obrigat\u00f3rio para viajantes de todo o mundo. <\/p>\n\n\n\n<p class=\"has-black-color has-text-color has-link-color wp-elements-65d6d0998c76dea0d7eab7f4daba54be\">A rota de <strong>Ciudad del Este a Puerto Iguaz\u00fa<\/strong> cobre aproximadamente <strong>30-40 quil\u00f4metros (19-25 milhas)<\/strong>, dependendo da passagem de fronteira, com um tempo m\u00e9dio de viagem de <strong>45 minutos a 1,5 horas<\/strong>, sujeito ao tr\u00e1fego e aos procedimentos de imigra\u00e7\u00e3o.<\/p>\n\n\n\n<p class=\"has-black-color has-text-color has-link-color wp-elements-4790cff3d9ce579fc8b9df74ae944235\">Durante a viagem, voc\u00ea cruzar\u00e1 fronteiras internacionais enquanto desfruta de vistas panor\u00e2micas da regi\u00e3o do Rio Paran\u00e1 e da vegeta\u00e7\u00e3o ao redor. Nossos motoristas experientes est\u00e3o familiarizados com os processos de fronteira e garantem uma transfer\u00eancia tranquila e eficiente. <\/p>\n\n\n\n<p class=\"has-black-color has-text-color has-link-color wp-elements-8b9b71cb87e50a43d53f95fac235d2ed\">Operamos com ve\u00edculos modernos e com ar-condicionado, ideais para casais, fam\u00edlias, grupos ou viajantes a neg\u00f3cios. Se voc\u00ea est\u00e1 indo para Puerto Iguaz\u00fa a turismo, lazer ou viagem, nosso objetivo \u00e9 fazer com que seu traslado seja seguro, confort\u00e1vel e sem estresse. <\/p>\n\n\n\n<p class=\"has-black-color has-text-color has-link-color wp-elements-f1b08cdc11d046d726f38bcd08c77334\">Sente-se, relaxe e aproveite o passeio &#8211; <strong>n\u00f3s cuidaremos dos detalhes.<\/strong><\/p>\n<\/div><\/div>\n\n<div class=\"wp-block-uagb-container uagb-block-bb041ae5 alignfull uagb-is-root-container\"><div class=\"uagb-container-inner-blocks-wrap\">\n<div class=\"wp-block-uagb-info-box uagb-block-467524e0 uagb-infobox__content-wrap  uagb-infobox-icon-above-title uagb-infobox-image-valign-top\"><div class=\"uagb-ifb-content\"><div class=\"uagb-ifb-title-wrap\"><h5 class=\"uagb-ifb-title\">O QUE VOC\u00ca DEVE VISITAR EM PUERTO DE IGUAZ\u00da<\/h5><\/div><p class=\"uagb-ifb-desc\">Puerto Iguaz\u00fa \u00e9 muito mais do que uma cidade de passagem &#8211; \u00e9 um destino cercado por algumas das atra\u00e7\u00f5es naturais mais impressionantes da Am\u00e9rica do Sul.<br\/>Se voc\u00ea estiver viajando de Ciudad del Este com a Transfers Paraguay, aqui est\u00e3o alguns dos melhores lugares para visitar quando chegar:<br\/><br\/><strong>Cataratas do Igua\u00e7u (Cataratas del Iguaz\u00fa)<\/strong><br\/>Uma das <strong>Sete Maravilhas Naturais do Mundo<\/strong>, essas enormes cachoeiras oferecem vistas inesquec\u00edveis tanto do lado argentino quanto do brasileiro.<br\/><br\/><strong>Parque Nacional Iguaz\u00fa<\/strong><br\/>Um Patrim\u00f4nio Mundial da UNESCO repleto de trilhas na floresta tropical, vida selvagem e pontos de vista panor\u00e2micos.<br\/><br\/><strong>Parque das Aves (Parque das Aves)<\/strong><br\/>Localizado nas proximidades, esse santu\u00e1rio permite que voc\u00ea caminhe entre p\u00e1ssaros ex\u00f3ticos em um cen\u00e1rio de selva exuberante.<br\/><br\/><strong>Passeio de barco Gran Aventura<\/strong><br\/>Uma experi\u00eancia cheia de adrenalina que leva voc\u00ea de barco para perto das cataratas.<br\/><br\/><strong>Hito Tres Fronteras<\/strong><br\/>Um ponto de vista panor\u00e2mico onde a Argentina, o Brasil e o Paraguai se encontram &#8211; perfeito para fotos, especialmente ao p\u00f4r do sol.<br\/><br\/><em>Independentemente de voc\u00ea visitar a natureza, a aventura ou o relaxamento, <strong>Puerto Iguaz\u00fa oferece uma experi\u00eancia inesquec\u00edvel para todos os viajantes<\/strong>.<\/em><\/p><div class=\"uagb-ifb-button-wrapper wp-block-button\"><a href=\"https:\/\/api.whatsapp.com\/send\/?phone=595994750178&amp;text=Hello%2C+I+would+like+to+book+a+transfer&amp;type=phone_number&amp;app_absent=0\" class=\"uagb-infobox-cta-link wp-block-button__link\" target=\"_blank\" rel=\"noopener noreferrer\" onclick=\"return true;\"><span class=\"uagb-inline-editing\">RESERVE SEU TRASLADO PARA PUERTO DE IGUAZ\u00da<\/span><\/a><\/div><\/div><\/div>\n<\/div><\/div>\n\n<p><\/p>\n","protected":false},"excerpt":{"rendered":"<p>Traslados particulares de Ciudad del Este para Puerto Iguaz\u00fa &#8211; conforto e seguran\u00e7a al\u00e9m das fronteiras Traslados particulares de Ciudad del Este para Puerto Iguaz\u00fa &#8211; conforto e seguran\u00e7a al\u00e9m das fronteiras. Oferecemos transfers privados de longa dist\u00e2ncia de Ciudad del Este para Puerto Iguaz\u00fa, projetados para viajantes que valorizam a pontualidade, a seguran\u00e7a e &hellip;<\/p>\n<p class=\"read-more\"> <a class=\"\" href=\"https:\/\/paraguaytransfers.com\/pt-br\/traslados-ciudad-del-este-puerto-de-iguazu\/\"> <span class=\"screen-reader-text\">Traslados Ciudad del Este &#8211; Puerto de Iguaz\u00fa<\/span> Read More \u00bb<\/a><\/p>\n","protected":false},"author":1,"featured_media":3088,"parent":0,"menu_order":0,"comment_status":"closed","ping_status":"closed","template":"","meta":{"_uag_custom_page_level_css":"","site-sidebar-layout":"no-sidebar","site-content-layout":"page-builder","ast-global-header-display":"","ast-main-header-display":"","ast-hfb-above-header-display":"","ast-hfb-below-header-display":"","ast-hfb-mobile-header-display":"","site-post-title":"disabled","ast-breadcrumbs-content":"","ast-featured-img":"disabled","footer-sml-layout":"","theme-transparent-header-meta":"disabled","adv-header-id-meta":"","stick-header-meta":"","header-above-stick-meta":"","header-main-stick-meta":"","header-below-stick-meta":"","footnotes":""},"class_list":["post-3990","page","type-page","status-publish","has-post-thumbnail","hentry"],"yoast_head":"<!-- This site is optimized with the Yoast SEO plugin v27.2 - https:\/\/yoast.com\/product\/yoast-seo-wordpress\/ -->\n<title>Traslados Ciudad del Este - Puerto de Iguaz\u00fa<\/title>\n<meta name=\"description\" content=\"Traslados particulares de Ciudad del Este para Puerto de Iguaz\u00fa com conforto, seguran\u00e7a e motoristas profissionais.\" \/>\n<meta name=\"robots\" content=\"index, follow, max-snippet:-1, max-image-preview:large, max-video-preview:-1\" \/>\n<link rel=\"canonical\" href=\"https:\/\/paraguaytransfers.com\/pt-br\/traslados-ciudad-del-este-puerto-de-iguazu\/\" \/>\n<meta property=\"og:locale\" content=\"pt_BR\" \/>\n<meta property=\"og:type\" content=\"article\" \/>\n<meta property=\"og:title\" content=\"Traslados Ciudad del Este - Puerto de Iguaz\u00fa\" \/>\n<meta property=\"og:description\" content=\"Traslados particulares de Ciudad del Este para Puerto de Iguaz\u00fa com conforto, seguran\u00e7a e motoristas profissionais.\" \/>\n<meta property=\"og:url\" content=\"https:\/\/paraguaytransfers.com\/pt-br\/traslados-ciudad-del-este-puerto-de-iguazu\/\" \/>\n<meta property=\"og:site_name\" content=\"Paraguay Transfers\" \/>\n<meta property=\"article:publisher\" content=\"https:\/\/www.facebook.com\/quebrachoexport\" \/>\n<meta property=\"article:modified_time\" content=\"2026-04-16T13:30:22+00:00\" \/>\n<meta property=\"og:image\" content=\"https:\/\/paraguaytransfers.com\/wp-content\/uploads\/2025\/10\/paraguay-transfer-1-1024x683.png\" \/>\n\t<meta property=\"og:image:width\" content=\"1024\" \/>\n\t<meta property=\"og:image:height\" content=\"683\" \/>\n\t<meta property=\"og:image:type\" content=\"image\/png\" \/>\n<meta name=\"twitter:card\" content=\"summary_large_image\" \/>\n<meta name=\"twitter:label1\" content=\"Est. tempo de leitura\" \/>\n\t<meta name=\"twitter:data1\" content=\"3 minutos\" \/>\n<script type=\"application\/ld+json\" class=\"yoast-schema-graph\">{\"@context\":\"https:\/\/schema.org\",\"@graph\":[{\"@type\":\"WebPage\",\"@id\":\"https:\/\/paraguaytransfers.com\/pt-br\/traslados-ciudad-del-este-puerto-de-iguazu\/\",\"url\":\"https:\/\/paraguaytransfers.com\/pt-br\/traslados-ciudad-del-este-puerto-de-iguazu\/\",\"name\":\"Traslados Ciudad del Este - Puerto de Iguaz\u00fa\",\"isPartOf\":{\"@id\":\"https:\/\/paraguaytransfers.com\/pt-br\/#website\"},\"primaryImageOfPage\":{\"@id\":\"https:\/\/paraguaytransfers.com\/pt-br\/traslados-ciudad-del-este-puerto-de-iguazu\/#primaryimage\"},\"image\":{\"@id\":\"https:\/\/paraguaytransfers.com\/pt-br\/traslados-ciudad-del-este-puerto-de-iguazu\/#primaryimage\"},\"thumbnailUrl\":\"https:\/\/paraguaytransfers.com\/wp-content\/uploads\/2025\/10\/paraguay-transfer-1.png\",\"datePublished\":\"2026-01-05T20:03:22+00:00\",\"dateModified\":\"2026-04-16T13:30:22+00:00\",\"description\":\"Traslados particulares de Ciudad del Este para Puerto de Iguaz\u00fa com conforto, seguran\u00e7a e motoristas profissionais.\",\"breadcrumb\":{\"@id\":\"https:\/\/paraguaytransfers.com\/pt-br\/traslados-ciudad-del-este-puerto-de-iguazu\/#breadcrumb\"},\"inLanguage\":\"pt-BR\",\"potentialAction\":[{\"@type\":\"ReadAction\",\"target\":[\"https:\/\/paraguaytransfers.com\/pt-br\/traslados-ciudad-del-este-puerto-de-iguazu\/\"]}]},{\"@type\":\"ImageObject\",\"inLanguage\":\"pt-BR\",\"@id\":\"https:\/\/paraguaytransfers.com\/pt-br\/traslados-ciudad-del-este-puerto-de-iguazu\/#primaryimage\",\"url\":\"https:\/\/paraguaytransfers.com\/wp-content\/uploads\/2025\/10\/paraguay-transfer-1.png\",\"contentUrl\":\"https:\/\/paraguaytransfers.com\/wp-content\/uploads\/2025\/10\/paraguay-transfer-1.png\",\"width\":1536,\"height\":1024,\"caption\":\"Paraguay Private Transfers\"},{\"@type\":\"BreadcrumbList\",\"@id\":\"https:\/\/paraguaytransfers.com\/pt-br\/traslados-ciudad-del-este-puerto-de-iguazu\/#breadcrumb\",\"itemListElement\":[{\"@type\":\"ListItem\",\"position\":1,\"name\":\"Home\",\"item\":\"https:\/\/paraguaytransfers.com\/pt-br\/\"},{\"@type\":\"ListItem\",\"position\":2,\"name\":\"Traslados Ciudad del Este &#8211; Puerto de Iguaz\u00fa\"}]},{\"@type\":\"WebSite\",\"@id\":\"https:\/\/paraguaytransfers.com\/pt-br\/#website\",\"url\":\"https:\/\/paraguaytransfers.com\/pt-br\/\",\"name\":\"Paraguay Transfers\",\"description\":\"\",\"publisher\":{\"@id\":\"https:\/\/paraguaytransfers.com\/pt-br\/#organization\"},\"potentialAction\":[{\"@type\":\"SearchAction\",\"target\":{\"@type\":\"EntryPoint\",\"urlTemplate\":\"https:\/\/paraguaytransfers.com\/pt-br\/?s={search_term_string}\"},\"query-input\":{\"@type\":\"PropertyValueSpecification\",\"valueRequired\":true,\"valueName\":\"search_term_string\"}}],\"inLanguage\":\"pt-BR\"},{\"@type\":\"Organization\",\"@id\":\"https:\/\/paraguaytransfers.com\/pt-br\/#organization\",\"name\":\"Paraguay Transfers\",\"url\":\"https:\/\/paraguaytransfers.com\/pt-br\/\",\"logo\":{\"@type\":\"ImageObject\",\"inLanguage\":\"pt-BR\",\"@id\":\"https:\/\/paraguaytransfers.com\/pt-br\/#\/schema\/logo\/image\/\",\"url\":\"https:\/\/paraguaytransfers.com\/wp-content\/uploads\/2025\/10\/cropped-logoPT_4.png\",\"contentUrl\":\"https:\/\/paraguaytransfers.com\/wp-content\/uploads\/2025\/10\/cropped-logoPT_4.png\",\"width\":416,\"height\":143,\"caption\":\"Paraguay Transfers\"},\"image\":{\"@id\":\"https:\/\/paraguaytransfers.com\/pt-br\/#\/schema\/logo\/image\/\"},\"sameAs\":[\"https:\/\/www.facebook.com\/quebrachoexport\",\"https:\/\/www.linkedin.com\/company\/93223467\"]}]}<\/script>\n<!-- \/ Yoast SEO plugin. -->","yoast_head_json":{"title":"Traslados Ciudad del Este - Puerto de Iguaz\u00fa","description":"Traslados particulares de Ciudad del Este para Puerto de Iguaz\u00fa com conforto, seguran\u00e7a e motoristas profissionais.","robots":{"index":"index","follow":"follow","max-snippet":"max-snippet:-1","max-image-preview":"max-image-preview:large","max-video-preview":"max-video-preview:-1"},"canonical":"https:\/\/paraguaytransfers.com\/pt-br\/traslados-ciudad-del-este-puerto-de-iguazu\/","og_locale":"pt_BR","og_type":"article","og_title":"Traslados Ciudad del Este - Puerto de Iguaz\u00fa","og_description":"Traslados particulares de Ciudad del Este para Puerto de Iguaz\u00fa com conforto, seguran\u00e7a e motoristas profissionais.","og_url":"https:\/\/paraguaytransfers.com\/pt-br\/traslados-ciudad-del-este-puerto-de-iguazu\/","og_site_name":"Paraguay Transfers","article_publisher":"https:\/\/www.facebook.com\/quebrachoexport","article_modified_time":"2026-04-16T13:30:22+00:00","og_image":[{"width":1024,"height":683,"url":"https:\/\/paraguaytransfers.com\/wp-content\/uploads\/2025\/10\/paraguay-transfer-1-1024x683.png","type":"image\/png"}],"twitter_card":"summary_large_image","twitter_misc":{"Est. tempo de leitura":"3 minutos"},"schema":{"@context":"https:\/\/schema.org","@graph":[{"@type":"WebPage","@id":"https:\/\/paraguaytransfers.com\/pt-br\/traslados-ciudad-del-este-puerto-de-iguazu\/","url":"https:\/\/paraguaytransfers.com\/pt-br\/traslados-ciudad-del-este-puerto-de-iguazu\/","name":"Traslados Ciudad del Este - Puerto de Iguaz\u00fa","isPartOf":{"@id":"https:\/\/paraguaytransfers.com\/pt-br\/#website"},"primaryImageOfPage":{"@id":"https:\/\/paraguaytransfers.com\/pt-br\/traslados-ciudad-del-este-puerto-de-iguazu\/#primaryimage"},"image":{"@id":"https:\/\/paraguaytransfers.com\/pt-br\/traslados-ciudad-del-este-puerto-de-iguazu\/#primaryimage"},"thumbnailUrl":"https:\/\/paraguaytransfers.com\/wp-content\/uploads\/2025\/10\/paraguay-transfer-1.png","datePublished":"2026-01-05T20:03:22+00:00","dateModified":"2026-04-16T13:30:22+00:00","description":"Traslados particulares de Ciudad del Este para Puerto de Iguaz\u00fa com conforto, seguran\u00e7a e motoristas profissionais.","breadcrumb":{"@id":"https:\/\/paraguaytransfers.com\/pt-br\/traslados-ciudad-del-este-puerto-de-iguazu\/#breadcrumb"},"inLanguage":"pt-BR","potentialAction":[{"@type":"ReadAction","target":["https:\/\/paraguaytransfers.com\/pt-br\/traslados-ciudad-del-este-puerto-de-iguazu\/"]}]},{"@type":"ImageObject","inLanguage":"pt-BR","@id":"https:\/\/paraguaytransfers.com\/pt-br\/traslados-ciudad-del-este-puerto-de-iguazu\/#primaryimage","url":"https:\/\/paraguaytransfers.com\/wp-content\/uploads\/2025\/10\/paraguay-transfer-1.png","contentUrl":"https:\/\/paraguaytransfers.com\/wp-content\/uploads\/2025\/10\/paraguay-transfer-1.png","width":1536,"height":1024,"caption":"Paraguay Private Transfers"},{"@type":"BreadcrumbList","@id":"https:\/\/paraguaytransfers.com\/pt-br\/traslados-ciudad-del-este-puerto-de-iguazu\/#breadcrumb","itemListElement":[{"@type":"ListItem","position":1,"name":"Home","item":"https:\/\/paraguaytransfers.com\/pt-br\/"},{"@type":"ListItem","position":2,"name":"Traslados Ciudad del Este &#8211; Puerto de Iguaz\u00fa"}]},{"@type":"WebSite","@id":"https:\/\/paraguaytransfers.com\/pt-br\/#website","url":"https:\/\/paraguaytransfers.com\/pt-br\/","name":"Paraguay Transfers","description":"","publisher":{"@id":"https:\/\/paraguaytransfers.com\/pt-br\/#organization"},"potentialAction":[{"@type":"SearchAction","target":{"@type":"EntryPoint","urlTemplate":"https:\/\/paraguaytransfers.com\/pt-br\/?s={search_term_string}"},"query-input":{"@type":"PropertyValueSpecification","valueRequired":true,"valueName":"search_term_string"}}],"inLanguage":"pt-BR"},{"@type":"Organization","@id":"https:\/\/paraguaytransfers.com\/pt-br\/#organization","name":"Paraguay Transfers","url":"https:\/\/paraguaytransfers.com\/pt-br\/","logo":{"@type":"ImageObject","inLanguage":"pt-BR","@id":"https:\/\/paraguaytransfers.com\/pt-br\/#\/schema\/logo\/image\/","url":"https:\/\/paraguaytransfers.com\/wp-content\/uploads\/2025\/10\/cropped-logoPT_4.png","contentUrl":"https:\/\/paraguaytransfers.com\/wp-content\/uploads\/2025\/10\/cropped-logoPT_4.png","width":416,"height":143,"caption":"Paraguay Transfers"},"image":{"@id":"https:\/\/paraguaytransfers.com\/pt-br\/#\/schema\/logo\/image\/"},"sameAs":["https:\/\/www.facebook.com\/quebrachoexport","https:\/\/www.linkedin.com\/company\/93223467"]}]}},"uagb_featured_image_src":{"full":["https:\/\/paraguaytransfers.com\/wp-content\/uploads\/2025\/10\/paraguay-transfer-1.png",1536,1024,false],"thumbnail":["https:\/\/paraguaytransfers.com\/wp-content\/uploads\/2025\/10\/paraguay-transfer-1-150x150.png",150,150,true],"medium":["https:\/\/paraguaytransfers.com\/wp-content\/uploads\/2025\/10\/paraguay-transfer-1-300x200.png",300,200,true],"medium_large":["https:\/\/paraguaytransfers.com\/wp-content\/uploads\/2025\/10\/paraguay-transfer-1-768x512.png",768,512,true],"large":["https:\/\/paraguaytransfers.com\/wp-content\/uploads\/2025\/10\/paraguay-transfer-1-1024x683.png",1024,683,true],"1536x1536":["https:\/\/paraguaytransfers.com\/wp-content\/uploads\/2025\/10\/paraguay-transfer-1.png",1536,1024,false],"2048x2048":["https:\/\/paraguaytransfers.com\/wp-content\/uploads\/2025\/10\/paraguay-transfer-1.png",1536,1024,false]},"uagb_author_info":{"display_name":"admin","author_link":"https:\/\/paraguaytransfers.com\/pt-br\/author\/admin\/"},"uagb_comment_info":0,"uagb_excerpt":"Traslados particulares de Ciudad del Este para Puerto Iguaz\u00fa &#8211; conforto e seguran\u00e7a al\u00e9m das fronteiras Traslados particulares de Ciudad del Este para Puerto Iguaz\u00fa &#8211; conforto e seguran\u00e7a al\u00e9m das fronteiras. Oferecemos transfers privados de longa dist\u00e2ncia de Ciudad del Este para Puerto Iguaz\u00fa, projetados para viajantes que valorizam a pontualidade, a seguran\u00e7a e&hellip;","_links":{"self":[{"href":"https:\/\/paraguaytransfers.com\/pt-br\/wp-json\/wp\/v2\/pages\/3990","targetHints":{"allow":["GET"]}}],"collection":[{"href":"https:\/\/paraguaytransfers.com\/pt-br\/wp-json\/wp\/v2\/pages"}],"about":[{"href":"https:\/\/paraguaytransfers.com\/pt-br\/wp-json\/wp\/v2\/types\/page"}],"author":[{"embeddable":true,"href":"https:\/\/paraguaytransfers.com\/pt-br\/wp-json\/wp\/v2\/users\/1"}],"replies":[{"embeddable":true,"href":"https:\/\/paraguaytransfers.com\/pt-br\/wp-json\/wp\/v2\/comments?post=3990"}],"version-history":[{"count":5,"href":"https:\/\/paraguaytransfers.com\/pt-br\/wp-json\/wp\/v2\/pages\/3990\/revisions"}],"predecessor-version":[{"id":4720,"href":"https:\/\/paraguaytransfers.com\/pt-br\/wp-json\/wp\/v2\/pages\/3990\/revisions\/4720"}],"wp:featuredmedia":[{"embeddable":true,"href":"https:\/\/paraguaytransfers.com\/pt-br\/wp-json\/wp\/v2\/media\/3088"}],"wp:attachment":[{"href":"https:\/\/paraguaytransfers.com\/pt-br\/wp-json\/wp\/v2\/media?parent=3990"}],"curies":[{"name":"wp","href":"https:\/\/api.w.org\/{rel}","templated":true}]}}