{"id":4133,"date":"2026-01-08T17:14:50","date_gmt":"2026-01-08T17:14:50","guid":{"rendered":"https:\/\/paraguaytransfers.com\/?page_id=4133"},"modified":"2026-04-16T13:22:54","modified_gmt":"2026-04-16T13:22:54","slug":"taxi-assuncao-formosa","status":"publish","type":"page","link":"https:\/\/paraguaytransfers.com\/pt-br\/taxi-assuncao-formosa\/","title":{"rendered":"T\u00e1xi Assun\u00e7\u00e3o &#8211; Formosa"},"content":{"rendered":"\n<div class=\"wp-block-uagb-container uagb-block-1f87dc6d alignfull uagb-is-root-container\"><div class=\"uagb-container-inner-blocks-wrap\">\n<div class=\"wp-block-uagb-info-box uagb-block-67c67dbc uagb-infobox__content-wrap  uagb-infobox-icon-above-title uagb-infobox-image-valign-top\"><div class=\"uagb-ifb-content\"><div class=\"uagb-ifb-title-wrap\"><h1 class=\"uagb-ifb-title\">T\u00e1xi Assun\u00e7\u00e3o &#8211; Formosa<\/h1><\/div><p class=\"uagb-ifb-desc\">T\u00e1xi transfronteiri\u00e7o confi\u00e1vel de Assun\u00e7\u00e3o para Formosa<\/p><div class=\"uagb-ifb-button-wrapper wp-block-button\"><a href=\"https:\/\/api.whatsapp.com\/send\/?phone=595994750178&amp;text=Hello%2C+I+would+like+to+book+a+transfer&amp;type=phone_number&amp;app_absent=0\" class=\"uagb-infobox-cta-link wp-block-button__link\" target=\"_blank\" rel=\"noopener noreferrer\" onclick=\"return true;\"><span class=\"uagb-inline-editing\">RESERVE SEU T\u00c1XI<\/span><\/a><\/div><\/div><\/div>\n<\/div><\/div>\n\n<p><\/p>\n\n<p><\/p>\n\n<p><\/p>\n\n<div class=\"wp-block-uagb-container uagb-block-be8c9955 alignfull uagb-is-root-container\"><div class=\"uagb-container-inner-blocks-wrap\">\n<div class=\"wp-block-uagb-advanced-heading uagb-block-b6eb6c32\"><h2 class=\"uagb-heading-text\">Viaje com seguran\u00e7a e conforto do Paraguai para a Argentina com nosso servi\u00e7o de t\u00e1xi particular que liga Assun\u00e7\u00e3o a Formosa.<\/h2><\/div>\n\n\n\n<p class=\"has-black-color has-text-color has-link-color wp-elements-c3cece3da8823fec004a97c8f68121ec\">Desfrute de uma viagem sem estresse atrav\u00e9s da fronteira com nosso servi\u00e7o de t\u00e1xi particular de Assun\u00e7\u00e3o para Formosa, Argentina. Esse servi\u00e7o foi projetado para viajantes que valorizam a pontualidade, o conforto e a aten\u00e7\u00e3o personalizada. <\/p>\n\n\n\n<p class=\"has-black-color has-text-color has-link-color wp-elements-dea7eba2b571410cb304ea359037d2f2\">Se voc\u00ea estiver viajando a turismo, neg\u00f3cios, visitas familiares ou consultas m\u00e9dicas, nosso servi\u00e7o de t\u00e1xi internacional garante uma experi\u00eancia tranquila e confi\u00e1vel de porta a porta.<\/p>\n\n\n\n<p class=\"has-black-color has-text-color has-link-color wp-elements-c67fbc9f59052279bc49408c63951daa\"><strong>Detalhes do traslado de Assun\u00e7\u00e3o para Formosa<\/strong><\/p>\n\n\n\n<p class=\"has-black-color has-text-color has-link-color wp-elements-237b32a45c593df4e41abeaa8ec85562\">Formosa, localizada no norte da Argentina ao longo do rio Paraguai, \u00e9 uma importante capital regional conhecida por seus passeios \u00e0 beira do rio, atra\u00e7\u00f5es culturais e ambiente descontra\u00eddo.<\/p>\n\n\n\n<p class=\"has-black-color has-text-color has-link-color wp-elements-96c4406af8085b5367c2fd45fd96db87\">A rota de <strong>Assun\u00e7\u00e3o a Formosa cobre aproximadamente 330 km (205 milhas)<\/strong>, com um tempo de viagem estimado de <strong>6 a 7 horas<\/strong>, dependendo do tr\u00e1fego, dos procedimentos na fronteira e das condi\u00e7\u00f5es clim\u00e1ticas.<\/p>\n\n\n\n<p class=\"has-black-color has-text-color has-link-color wp-elements-5b0985b264676788145df05a77d1eede\">Nossos motoristas experientes cuidam de toda a viagem, inclusive das passagens de fronteira, permitindo que voc\u00ea relaxe e aproveite o passeio.<\/p>\n<\/div><\/div>\n\n<div class=\"wp-block-uagb-container uagb-block-bb041ae5 alignfull uagb-is-root-container\"><div class=\"uagb-container-inner-blocks-wrap\">\n<div class=\"wp-block-uagb-info-box uagb-block-467524e0 uagb-infobox__content-wrap  uagb-infobox-icon-above-title uagb-infobox-image-valign-top\"><div class=\"uagb-ifb-content\"><div class=\"uagb-ifb-title-wrap\"><h5 class=\"uagb-ifb-title\">POR QUE ESCOLHER NOSSO SERVI\u00c7O DE T\u00c1XI?<\/h5><\/div><p class=\"uagb-ifb-desc\">\ud83d\ude97 <strong>Ve\u00edculo particular<\/strong> (n\u00e3o h\u00e1 traslados compartilhados)<br\/>\ud83d\udec2 <strong>Assist\u00eancia com procedimentos de travessia de fronteira<\/strong><br\/>\u23f1\ufe0f <strong>Hor\u00e1rios de embarque flex\u00edveis<\/strong> adaptados \u00e0 sua programa\u00e7\u00e3o<br\/>\ud83d\udc68\u200d\u2708\ufe0f <strong>Motoristas profissionais com experi\u00eancia em rotas internacionais<\/strong><br\/>\u2744\ufe0f <strong>Ve\u00edculos confort\u00e1veis e com ar-condicionado<\/strong><br\/>\ud83e\uddf3 <strong>Espa\u00e7o para bagagem inclu\u00eddo<\/strong><\/p><div class=\"uagb-ifb-button-wrapper wp-block-button\"><a href=\"https:\/\/api.whatsapp.com\/send\/?phone=595994750178&amp;text=Hello%2C+I+would+like+to+book+a+transfer&amp;type=phone_number&amp;app_absent=0\" class=\"uagb-infobox-cta-link wp-block-button__link\" target=\"_blank\" rel=\"noopener noreferrer\" onclick=\"return true;\"><span class=\"uagb-inline-editing\">RESERVE SEU T\u00c1XI HOJE MESMO!<\/span><\/a><\/div><\/div><\/div>\n<\/div><\/div>\n\n<p><\/p>\n","protected":false},"excerpt":{"rendered":"<p>Viaje com seguran\u00e7a e conforto do Paraguai para a Argentina com nosso servi\u00e7o de t\u00e1xi particular que liga Assun\u00e7\u00e3o a Formosa. Desfrute de uma viagem sem estresse atrav\u00e9s da fronteira com nosso servi\u00e7o de t\u00e1xi particular de Assun\u00e7\u00e3o para Formosa, Argentina. Esse servi\u00e7o foi projetado para viajantes que valorizam a pontualidade, o conforto e a &hellip;<\/p>\n<p class=\"read-more\"> <a class=\"\" href=\"https:\/\/paraguaytransfers.com\/pt-br\/taxi-assuncao-formosa\/\"> <span class=\"screen-reader-text\">T\u00e1xi Assun\u00e7\u00e3o &#8211; Formosa<\/span> Read More \u00bb<\/a><\/p>\n","protected":false},"author":1,"featured_media":3088,"parent":0,"menu_order":0,"comment_status":"closed","ping_status":"closed","template":"","meta":{"_uag_custom_page_level_css":"","site-sidebar-layout":"no-sidebar","site-content-layout":"page-builder","ast-global-header-display":"","ast-main-header-display":"","ast-hfb-above-header-display":"","ast-hfb-below-header-display":"","ast-hfb-mobile-header-display":"","site-post-title":"disabled","ast-breadcrumbs-content":"","ast-featured-img":"disabled","footer-sml-layout":"","theme-transparent-header-meta":"disabled","adv-header-id-meta":"","stick-header-meta":"","header-above-stick-meta":"","header-main-stick-meta":"","header-below-stick-meta":"","footnotes":""},"class_list":["post-4133","page","type-page","status-publish","has-post-thumbnail","hentry"],"yoast_head":"<!-- This site is optimized with the Yoast SEO plugin v27.2 - https:\/\/yoast.com\/product\/yoast-seo-wordpress\/ -->\n<title>T\u00e1xi Assun\u00e7\u00e3o - Formosa<\/title>\n<meta name=\"description\" content=\"Oferecemos motoristas profissionais, ve\u00edculos modernos e servi\u00e7o de t\u00e1xi personalizado para viagens ao aeroporto, \u00e0 cidade e a longas dist\u00e2ncias.\" \/>\n<meta name=\"robots\" content=\"index, follow, max-snippet:-1, max-image-preview:large, max-video-preview:-1\" \/>\n<link rel=\"canonical\" href=\"https:\/\/paraguaytransfers.com\/pt-br\/taxi-assuncao-formosa\/\" \/>\n<meta property=\"og:locale\" content=\"pt_BR\" \/>\n<meta property=\"og:type\" content=\"article\" \/>\n<meta property=\"og:title\" content=\"T\u00e1xi Assun\u00e7\u00e3o - Formosa\" \/>\n<meta property=\"og:description\" content=\"Oferecemos motoristas profissionais, ve\u00edculos modernos e servi\u00e7o de t\u00e1xi personalizado para viagens ao aeroporto, \u00e0 cidade e a longas dist\u00e2ncias.\" \/>\n<meta property=\"og:url\" content=\"https:\/\/paraguaytransfers.com\/pt-br\/taxi-assuncao-formosa\/\" \/>\n<meta property=\"og:site_name\" content=\"Paraguay Transfers\" \/>\n<meta property=\"article:publisher\" content=\"https:\/\/www.facebook.com\/quebrachoexport\" \/>\n<meta property=\"article:modified_time\" content=\"2026-04-16T13:22:54+00:00\" \/>\n<meta property=\"og:image\" content=\"https:\/\/paraguaytransfers.com\/wp-content\/uploads\/2025\/10\/paraguay-transfer-1-1024x683.png\" \/>\n\t<meta property=\"og:image:width\" content=\"1024\" \/>\n\t<meta property=\"og:image:height\" content=\"683\" \/>\n\t<meta property=\"og:image:type\" content=\"image\/png\" \/>\n<meta name=\"twitter:card\" content=\"summary_large_image\" \/>\n<meta name=\"twitter:label1\" content=\"Est. tempo de leitura\" \/>\n\t<meta name=\"twitter:data1\" content=\"2 minutos\" \/>\n<script type=\"application\/ld+json\" class=\"yoast-schema-graph\">{\"@context\":\"https:\/\/schema.org\",\"@graph\":[{\"@type\":\"WebPage\",\"@id\":\"https:\/\/paraguaytransfers.com\/pt-br\/taxi-assuncao-formosa\/\",\"url\":\"https:\/\/paraguaytransfers.com\/pt-br\/taxi-assuncao-formosa\/\",\"name\":\"T\u00e1xi Assun\u00e7\u00e3o - Formosa\",\"isPartOf\":{\"@id\":\"https:\/\/paraguaytransfers.com\/pt-br\/#website\"},\"primaryImageOfPage\":{\"@id\":\"https:\/\/paraguaytransfers.com\/pt-br\/taxi-assuncao-formosa\/#primaryimage\"},\"image\":{\"@id\":\"https:\/\/paraguaytransfers.com\/pt-br\/taxi-assuncao-formosa\/#primaryimage\"},\"thumbnailUrl\":\"https:\/\/paraguaytransfers.com\/wp-content\/uploads\/2025\/10\/paraguay-transfer-1.png\",\"datePublished\":\"2026-01-08T17:14:50+00:00\",\"dateModified\":\"2026-04-16T13:22:54+00:00\",\"description\":\"Oferecemos motoristas profissionais, ve\u00edculos modernos e servi\u00e7o de t\u00e1xi personalizado para viagens ao aeroporto, \u00e0 cidade e a longas dist\u00e2ncias.\",\"breadcrumb\":{\"@id\":\"https:\/\/paraguaytransfers.com\/pt-br\/taxi-assuncao-formosa\/#breadcrumb\"},\"inLanguage\":\"pt-BR\",\"potentialAction\":[{\"@type\":\"ReadAction\",\"target\":[\"https:\/\/paraguaytransfers.com\/pt-br\/taxi-assuncao-formosa\/\"]}]},{\"@type\":\"ImageObject\",\"inLanguage\":\"pt-BR\",\"@id\":\"https:\/\/paraguaytransfers.com\/pt-br\/taxi-assuncao-formosa\/#primaryimage\",\"url\":\"https:\/\/paraguaytransfers.com\/wp-content\/uploads\/2025\/10\/paraguay-transfer-1.png\",\"contentUrl\":\"https:\/\/paraguaytransfers.com\/wp-content\/uploads\/2025\/10\/paraguay-transfer-1.png\",\"width\":1536,\"height\":1024,\"caption\":\"Paraguay Private Transfers\"},{\"@type\":\"BreadcrumbList\",\"@id\":\"https:\/\/paraguaytransfers.com\/pt-br\/taxi-assuncao-formosa\/#breadcrumb\",\"itemListElement\":[{\"@type\":\"ListItem\",\"position\":1,\"name\":\"Home\",\"item\":\"https:\/\/paraguaytransfers.com\/pt-br\/\"},{\"@type\":\"ListItem\",\"position\":2,\"name\":\"T\u00e1xi Assun\u00e7\u00e3o &#8211; Formosa\"}]},{\"@type\":\"WebSite\",\"@id\":\"https:\/\/paraguaytransfers.com\/pt-br\/#website\",\"url\":\"https:\/\/paraguaytransfers.com\/pt-br\/\",\"name\":\"Paraguay Transfers\",\"description\":\"\",\"publisher\":{\"@id\":\"https:\/\/paraguaytransfers.com\/pt-br\/#organization\"},\"potentialAction\":[{\"@type\":\"SearchAction\",\"target\":{\"@type\":\"EntryPoint\",\"urlTemplate\":\"https:\/\/paraguaytransfers.com\/pt-br\/?s={search_term_string}\"},\"query-input\":{\"@type\":\"PropertyValueSpecification\",\"valueRequired\":true,\"valueName\":\"search_term_string\"}}],\"inLanguage\":\"pt-BR\"},{\"@type\":\"Organization\",\"@id\":\"https:\/\/paraguaytransfers.com\/pt-br\/#organization\",\"name\":\"Paraguay Transfers\",\"url\":\"https:\/\/paraguaytransfers.com\/pt-br\/\",\"logo\":{\"@type\":\"ImageObject\",\"inLanguage\":\"pt-BR\",\"@id\":\"https:\/\/paraguaytransfers.com\/pt-br\/#\/schema\/logo\/image\/\",\"url\":\"https:\/\/paraguaytransfers.com\/wp-content\/uploads\/2025\/10\/cropped-logoPT_4.png\",\"contentUrl\":\"https:\/\/paraguaytransfers.com\/wp-content\/uploads\/2025\/10\/cropped-logoPT_4.png\",\"width\":416,\"height\":143,\"caption\":\"Paraguay Transfers\"},\"image\":{\"@id\":\"https:\/\/paraguaytransfers.com\/pt-br\/#\/schema\/logo\/image\/\"},\"sameAs\":[\"https:\/\/www.facebook.com\/quebrachoexport\",\"https:\/\/www.linkedin.com\/company\/93223467\"]}]}<\/script>\n<!-- \/ Yoast SEO plugin. -->","yoast_head_json":{"title":"T\u00e1xi Assun\u00e7\u00e3o - Formosa","description":"Oferecemos motoristas profissionais, ve\u00edculos modernos e servi\u00e7o de t\u00e1xi personalizado para viagens ao aeroporto, \u00e0 cidade e a longas dist\u00e2ncias.","robots":{"index":"index","follow":"follow","max-snippet":"max-snippet:-1","max-image-preview":"max-image-preview:large","max-video-preview":"max-video-preview:-1"},"canonical":"https:\/\/paraguaytransfers.com\/pt-br\/taxi-assuncao-formosa\/","og_locale":"pt_BR","og_type":"article","og_title":"T\u00e1xi Assun\u00e7\u00e3o - Formosa","og_description":"Oferecemos motoristas profissionais, ve\u00edculos modernos e servi\u00e7o de t\u00e1xi personalizado para viagens ao aeroporto, \u00e0 cidade e a longas dist\u00e2ncias.","og_url":"https:\/\/paraguaytransfers.com\/pt-br\/taxi-assuncao-formosa\/","og_site_name":"Paraguay Transfers","article_publisher":"https:\/\/www.facebook.com\/quebrachoexport","article_modified_time":"2026-04-16T13:22:54+00:00","og_image":[{"width":1024,"height":683,"url":"https:\/\/paraguaytransfers.com\/wp-content\/uploads\/2025\/10\/paraguay-transfer-1-1024x683.png","type":"image\/png"}],"twitter_card":"summary_large_image","twitter_misc":{"Est. tempo de leitura":"2 minutos"},"schema":{"@context":"https:\/\/schema.org","@graph":[{"@type":"WebPage","@id":"https:\/\/paraguaytransfers.com\/pt-br\/taxi-assuncao-formosa\/","url":"https:\/\/paraguaytransfers.com\/pt-br\/taxi-assuncao-formosa\/","name":"T\u00e1xi Assun\u00e7\u00e3o - Formosa","isPartOf":{"@id":"https:\/\/paraguaytransfers.com\/pt-br\/#website"},"primaryImageOfPage":{"@id":"https:\/\/paraguaytransfers.com\/pt-br\/taxi-assuncao-formosa\/#primaryimage"},"image":{"@id":"https:\/\/paraguaytransfers.com\/pt-br\/taxi-assuncao-formosa\/#primaryimage"},"thumbnailUrl":"https:\/\/paraguaytransfers.com\/wp-content\/uploads\/2025\/10\/paraguay-transfer-1.png","datePublished":"2026-01-08T17:14:50+00:00","dateModified":"2026-04-16T13:22:54+00:00","description":"Oferecemos motoristas profissionais, ve\u00edculos modernos e servi\u00e7o de t\u00e1xi personalizado para viagens ao aeroporto, \u00e0 cidade e a longas dist\u00e2ncias.","breadcrumb":{"@id":"https:\/\/paraguaytransfers.com\/pt-br\/taxi-assuncao-formosa\/#breadcrumb"},"inLanguage":"pt-BR","potentialAction":[{"@type":"ReadAction","target":["https:\/\/paraguaytransfers.com\/pt-br\/taxi-assuncao-formosa\/"]}]},{"@type":"ImageObject","inLanguage":"pt-BR","@id":"https:\/\/paraguaytransfers.com\/pt-br\/taxi-assuncao-formosa\/#primaryimage","url":"https:\/\/paraguaytransfers.com\/wp-content\/uploads\/2025\/10\/paraguay-transfer-1.png","contentUrl":"https:\/\/paraguaytransfers.com\/wp-content\/uploads\/2025\/10\/paraguay-transfer-1.png","width":1536,"height":1024,"caption":"Paraguay Private Transfers"},{"@type":"BreadcrumbList","@id":"https:\/\/paraguaytransfers.com\/pt-br\/taxi-assuncao-formosa\/#breadcrumb","itemListElement":[{"@type":"ListItem","position":1,"name":"Home","item":"https:\/\/paraguaytransfers.com\/pt-br\/"},{"@type":"ListItem","position":2,"name":"T\u00e1xi Assun\u00e7\u00e3o &#8211; Formosa"}]},{"@type":"WebSite","@id":"https:\/\/paraguaytransfers.com\/pt-br\/#website","url":"https:\/\/paraguaytransfers.com\/pt-br\/","name":"Paraguay Transfers","description":"","publisher":{"@id":"https:\/\/paraguaytransfers.com\/pt-br\/#organization"},"potentialAction":[{"@type":"SearchAction","target":{"@type":"EntryPoint","urlTemplate":"https:\/\/paraguaytransfers.com\/pt-br\/?s={search_term_string}"},"query-input":{"@type":"PropertyValueSpecification","valueRequired":true,"valueName":"search_term_string"}}],"inLanguage":"pt-BR"},{"@type":"Organization","@id":"https:\/\/paraguaytransfers.com\/pt-br\/#organization","name":"Paraguay Transfers","url":"https:\/\/paraguaytransfers.com\/pt-br\/","logo":{"@type":"ImageObject","inLanguage":"pt-BR","@id":"https:\/\/paraguaytransfers.com\/pt-br\/#\/schema\/logo\/image\/","url":"https:\/\/paraguaytransfers.com\/wp-content\/uploads\/2025\/10\/cropped-logoPT_4.png","contentUrl":"https:\/\/paraguaytransfers.com\/wp-content\/uploads\/2025\/10\/cropped-logoPT_4.png","width":416,"height":143,"caption":"Paraguay Transfers"},"image":{"@id":"https:\/\/paraguaytransfers.com\/pt-br\/#\/schema\/logo\/image\/"},"sameAs":["https:\/\/www.facebook.com\/quebrachoexport","https:\/\/www.linkedin.com\/company\/93223467"]}]}},"uagb_featured_image_src":{"full":["https:\/\/paraguaytransfers.com\/wp-content\/uploads\/2025\/10\/paraguay-transfer-1.png",1536,1024,false],"thumbnail":["https:\/\/paraguaytransfers.com\/wp-content\/uploads\/2025\/10\/paraguay-transfer-1-150x150.png",150,150,true],"medium":["https:\/\/paraguaytransfers.com\/wp-content\/uploads\/2025\/10\/paraguay-transfer-1-300x200.png",300,200,true],"medium_large":["https:\/\/paraguaytransfers.com\/wp-content\/uploads\/2025\/10\/paraguay-transfer-1-768x512.png",768,512,true],"large":["https:\/\/paraguaytransfers.com\/wp-content\/uploads\/2025\/10\/paraguay-transfer-1-1024x683.png",1024,683,true],"1536x1536":["https:\/\/paraguaytransfers.com\/wp-content\/uploads\/2025\/10\/paraguay-transfer-1.png",1536,1024,false],"2048x2048":["https:\/\/paraguaytransfers.com\/wp-content\/uploads\/2025\/10\/paraguay-transfer-1.png",1536,1024,false]},"uagb_author_info":{"display_name":"admin","author_link":"https:\/\/paraguaytransfers.com\/pt-br\/author\/admin\/"},"uagb_comment_info":0,"uagb_excerpt":"Viaje com seguran\u00e7a e conforto do Paraguai para a Argentina com nosso servi\u00e7o de t\u00e1xi particular que liga Assun\u00e7\u00e3o a Formosa. Desfrute de uma viagem sem estresse atrav\u00e9s da fronteira com nosso servi\u00e7o de t\u00e1xi particular de Assun\u00e7\u00e3o para Formosa, Argentina. Esse servi\u00e7o foi projetado para viajantes que valorizam a pontualidade, o conforto e a&hellip;","_links":{"self":[{"href":"https:\/\/paraguaytransfers.com\/pt-br\/wp-json\/wp\/v2\/pages\/4133","targetHints":{"allow":["GET"]}}],"collection":[{"href":"https:\/\/paraguaytransfers.com\/pt-br\/wp-json\/wp\/v2\/pages"}],"about":[{"href":"https:\/\/paraguaytransfers.com\/pt-br\/wp-json\/wp\/v2\/types\/page"}],"author":[{"embeddable":true,"href":"https:\/\/paraguaytransfers.com\/pt-br\/wp-json\/wp\/v2\/users\/1"}],"replies":[{"embeddable":true,"href":"https:\/\/paraguaytransfers.com\/pt-br\/wp-json\/wp\/v2\/comments?post=4133"}],"version-history":[{"count":7,"href":"https:\/\/paraguaytransfers.com\/pt-br\/wp-json\/wp\/v2\/pages\/4133\/revisions"}],"predecessor-version":[{"id":4688,"href":"https:\/\/paraguaytransfers.com\/pt-br\/wp-json\/wp\/v2\/pages\/4133\/revisions\/4688"}],"wp:featuredmedia":[{"embeddable":true,"href":"https:\/\/paraguaytransfers.com\/pt-br\/wp-json\/wp\/v2\/media\/3088"}],"wp:attachment":[{"href":"https:\/\/paraguaytransfers.com\/pt-br\/wp-json\/wp\/v2\/media?parent=4133"}],"curies":[{"name":"wp","href":"https:\/\/api.w.org\/{rel}","templated":true}]}}