{"id":4778,"date":"2026-04-20T17:41:32","date_gmt":"2026-04-20T17:41:32","guid":{"rendered":"https:\/\/paraguaytransfers.com\/?page_id=4778"},"modified":"2026-04-22T10:21:23","modified_gmt":"2026-04-22T10:21:23","slug":"distancia-de-assuncao-a-encarnacion","status":"publish","type":"page","link":"https:\/\/paraguaytransfers.com\/pt-br\/distancia-de-assuncao-a-encarnacion\/","title":{"rendered":"Dist\u00e2ncia de Assun\u00e7\u00e3o a Encarnaci\u00f3n"},"content":{"rendered":"\n<div class=\"wp-block-uagb-container uagb-block-1f87dc6d alignfull uagb-is-root-container\"><div class=\"uagb-container-inner-blocks-wrap\">\n<div class=\"wp-block-uagb-info-box uagb-block-67c67dbc uagb-infobox__content-wrap  uagb-infobox-icon-above-title uagb-infobox-image-valign-top\"><div class=\"uagb-ifb-content\"><div class=\"uagb-ifb-title-wrap\"><h1 class=\"uagb-ifb-title\">Dist\u00e2ncia de Asunci\u00f3n<br>para <em><em>Encarna\u00e7\u00e3o<\/em><\/em><\/h1><\/div><p class=\"uagb-ifb-desc\">Qual a dist\u00e2ncia, a dura\u00e7\u00e3o e como chegar l\u00e1<\/p><div class=\"uagb-ifb-button-wrapper wp-block-button\"><a href=\"https:\/\/api.whatsapp.com\/send\/?phone=595994750178&amp;text=Hello%2C+I+would+like+to+book+a+transfer&amp;type=phone_number&amp;app_absent=0\" class=\"uagb-infobox-cta-link wp-block-button__link\" target=\"_blank\" rel=\"noopener noreferrer\" onclick=\"return true;\"><span class=\"uagb-inline-editing\">BOOK YOUR TRANSFER WITH US<\/span><\/a><\/div><\/div><\/div>\n<\/div><\/div>\n\n\n\n<p><\/p>\n\n\n\n<p><\/p>\n\n\n\n<div class=\"wp-block-uagb-container uagb-block-be8c9955 alignfull uagb-is-root-container\"><div class=\"uagb-container-inner-blocks-wrap\">\n<div class=\"wp-block-uagb-advanced-heading uagb-block-b6eb6c32\"><h2 class=\"uagb-heading-text\">Sobre esta rota<\/h2><\/div>\n\n\n\n<p class=\"has-text-align-center has-black-color has-text-color has-link-color has-medium-font-size wp-elements-8b65af0b5ce7478d84ff93d4287bf788\"><strong>Qual \u00e9 a dist\u00e2ncia entre Assun\u00e7\u00e3o e Encarnaci\u00f3n?<\/strong><\/p>\n\n\n\n<div class=\"wp-block-uagb-icon-list uagb-block-7ae6477a\"><div class=\"uagb-icon-list__wrap\">\n<div class=\"wp-block-uagb-icon-list-child uagb-block-1adac143\"><span class=\"uagb-icon-list__source-wrap\"><svg xmlns=\"https:\/\/www.w3.org\/2000\/svg\" viewbox=\"0 0 512 512\"><path d=\"M256 0C114.6 0 0 114.6 0 256c0 141.4 114.6 256 256 256s256-114.6 256-256C512 114.6 397.4 0 256 0zM406.6 278.6l-103.1 103.1c-12.5 12.5-32.75 12.5-45.25 0s-12.5-32.75 0-45.25L306.8 288H128C110.3 288 96 273.7 96 256s14.31-32 32-32h178.8l-49.38-49.38c-12.5-12.5-12.5-32.75 0-45.25s32.75-12.5 45.25 0l103.1 103.1C414.6 241.3 416 251.1 416 256C416 260.9 414.6 270.7 406.6 278.6z\"><\/path><\/svg><\/span><span class=\"uagb-icon-list__label\">A dist\u00e2ncia entre Assun\u00e7\u00e3o e Encarnaci\u00f3n \u00e9 de aproximadamente <strong>370 km<\/strong>.<\/span><\/div>\n\n\n\n<div class=\"wp-block-uagb-icon-list-child uagb-block-8d82e81a\"><span class=\"uagb-icon-list__source-wrap\"><svg xmlns=\"https:\/\/www.w3.org\/2000\/svg\" viewbox=\"0 0 512 512\"><path d=\"M256 0C114.6 0 0 114.6 0 256c0 141.4 114.6 256 256 256s256-114.6 256-256C512 114.6 397.4 0 256 0zM406.6 278.6l-103.1 103.1c-12.5 12.5-32.75 12.5-45.25 0s-12.5-32.75 0-45.25L306.8 288H128C110.3 288 96 273.7 96 256s14.31-32 32-32h178.8l-49.38-49.38c-12.5-12.5-12.5-32.75 0-45.25s32.75-12.5 45.25 0l103.1 103.1C414.6 241.3 416 251.1 416 256C416 260.9 414.6 270.7 406.6 278.6z\"><\/path><\/svg><\/span><span class=\"uagb-icon-list__label\">A rota segue a <strong>Rota 1<\/strong>, passando pela regi\u00e3o sul do Paraguai.<\/span><\/div>\n\n\n\n<div class=\"wp-block-uagb-icon-list-child uagb-block-8f5e8bc9\"><span class=\"uagb-icon-list__source-wrap\"><svg xmlns=\"https:\/\/www.w3.org\/2000\/svg\" viewbox=\"0 0 512 512\"><path d=\"M256 0C114.6 0 0 114.6 0 256c0 141.4 114.6 256 256 256s256-114.6 256-256C512 114.6 397.4 0 256 0zM406.6 278.6l-103.1 103.1c-12.5 12.5-32.75 12.5-45.25 0s-12.5-32.75 0-45.25L306.8 288H128C110.3 288 96 273.7 96 256s14.31-32 32-32h178.8l-49.38-49.38c-12.5-12.5-12.5-32.75 0-45.25s32.75-12.5 45.25 0l103.1 103.1C414.6 241.3 416 251.1 416 256C416 260.9 414.6 270.7 406.6 278.6z\"><\/path><\/svg><\/span><span class=\"uagb-icon-list__label\">Encarnaci\u00f3n \u00e9 conhecida como a &#8220;P\u00e9rola do Sul&#8221;, famosa pelas praias e pelo carnaval.<\/span><\/div>\n\n\n\n<div class=\"wp-block-uagb-icon-list-child uagb-block-2b954a99\"><span class=\"uagb-icon-list__source-wrap\"><svg xmlns=\"https:\/\/www.w3.org\/2000\/svg\" viewbox=\"0 0 512 512\"><path d=\"M256 0C114.6 0 0 114.6 0 256c0 141.4 114.6 256 256 256s256-114.6 256-256C512 114.6 397.4 0 256 0zM406.6 278.6l-103.1 103.1c-12.5 12.5-32.75 12.5-45.25 0s-12.5-32.75 0-45.25L306.8 288H128C110.3 288 96 273.7 96 256s14.31-32 32-32h178.8l-49.38-49.38c-12.5-12.5-12.5-32.75 0-45.25s32.75-12.5 45.25 0l103.1 103.1C414.6 241.3 416 251.1 416 256C416 260.9 414.6 270.7 406.6 278.6z\"><\/path><\/svg><\/span><span class=\"uagb-icon-list__label\">Fica na fronteira com <strong>Posadas, na Argentina<\/strong>, do outro lado do rio Paran\u00e1.<\/span><\/div>\n<\/div><\/div>\n\n\n\n<p class=\"has-text-align-center has-black-color has-text-color has-link-color has-medium-font-size wp-elements-5cc03acb8183125a5de551a63cb81a5c\"><strong>Quanto tempo voc\u00ea leva para dirigir?<\/strong><\/p>\n\n\n\n<div class=\"wp-block-uagb-icon-list uagb-block-1d3df12a\"><div class=\"uagb-icon-list__wrap\">\n<div class=\"wp-block-uagb-icon-list-child uagb-block-7f4ad018\"><span class=\"uagb-icon-list__source-wrap\"><svg xmlns=\"https:\/\/www.w3.org\/2000\/svg\" viewbox=\"0 0 512 512\"><path d=\"M256 0C114.6 0 0 114.6 0 256c0 141.4 114.6 256 256 256s256-114.6 256-256C512 114.6 397.4 0 256 0zM406.6 278.6l-103.1 103.1c-12.5 12.5-32.75 12.5-45.25 0s-12.5-32.75 0-45.25L306.8 288H128C110.3 288 96 273.7 96 256s14.31-32 32-32h178.8l-49.38-49.38c-12.5-12.5-12.5-32.75 0-45.25s32.75-12.5 45.25 0l103.1 103.1C414.6 241.3 416 251.1 416 256C416 260.9 414.6 270.7 406.6 278.6z\"><\/path><\/svg><\/span><span class=\"uagb-icon-list__label\"><strong>Tempo estimado:<\/strong> 4,5 a 5 horas em condi\u00e7\u00f5es normais.<\/span><\/div>\n\n\n\n<div class=\"wp-block-uagb-icon-list-child uagb-block-6a38f51b\"><span class=\"uagb-icon-list__source-wrap\"><svg xmlns=\"https:\/\/www.w3.org\/2000\/svg\" viewbox=\"0 0 512 512\"><path d=\"M256 0C114.6 0 0 114.6 0 256c0 141.4 114.6 256 256 256s256-114.6 256-256C512 114.6 397.4 0 256 0zM406.6 278.6l-103.1 103.1c-12.5 12.5-32.75 12.5-45.25 0s-12.5-32.75 0-45.25L306.8 288H128C110.3 288 96 273.7 96 256s14.31-32 32-32h178.8l-49.38-49.38c-12.5-12.5-12.5-32.75 0-45.25s32.75-12.5 45.25 0l103.1 103.1C414.6 241.3 416 251.1 416 256C416 260.9 414.6 270.7 406.6 278.6z\"><\/path><\/svg><\/span><span class=\"uagb-icon-list__label\"><strong>Tr\u00e1fego nos finais de semana:<\/strong> mais intenso nos finais de semana de pico do ver\u00e3o e do carnaval.<\/span><\/div>\n\n\n\n<div class=\"wp-block-uagb-icon-list-child uagb-block-4ea7d9df\"><span class=\"uagb-icon-list__source-wrap\"><svg xmlns=\"https:\/\/www.w3.org\/2000\/svg\" viewbox=\"0 0 512 512\"><path d=\"M256 0C114.6 0 0 114.6 0 256c0 141.4 114.6 256 256 256s256-114.6 256-256C512 114.6 397.4 0 256 0zM406.6 278.6l-103.1 103.1c-12.5 12.5-32.75 12.5-45.25 0s-12.5-32.75 0-45.25L306.8 288H128C110.3 288 96 273.7 96 256s14.31-32 32-32h178.8l-49.38-49.38c-12.5-12.5-12.5-32.75 0-45.25s32.75-12.5 45.25 0l103.1 103.1C414.6 241.3 416 251.1 416 256C416 260.9 414.6 270.7 406.6 278.6z\"><\/path><\/svg><\/span><span class=\"uagb-icon-list__label\"><strong>Estrada:<\/strong> A Rota 1 \u00e9 pavimentada em toda a extens\u00e3o.<\/span><\/div>\n\n\n\n<div class=\"wp-block-uagb-icon-list-child uagb-block-91fa09ac\"><span class=\"uagb-icon-list__source-wrap\"><svg xmlns=\"https:\/\/www.w3.org\/2000\/svg\" viewbox=\"0 0 512 512\"><path d=\"M256 0C114.6 0 0 114.6 0 256c0 141.4 114.6 256 256 256s256-114.6 256-256C512 114.6 397.4 0 256 0zM406.6 278.6l-103.1 103.1c-12.5 12.5-32.75 12.5-45.25 0s-12.5-32.75 0-45.25L306.8 288H128C110.3 288 96 273.7 96 256s14.31-32 32-32h178.8l-49.38-49.38c-12.5-12.5-12.5-32.75 0-45.25s32.75-12.5 45.25 0l103.1 103.1C414.6 241.3 416 251.1 416 256C416 260.9 414.6 270.7 406.6 278.6z\"><\/path><\/svg><\/span><span class=\"uagb-icon-list__label\"><strong>Parada opcional:<\/strong> Coronel Bogado ou as miss\u00f5es jesu\u00edtas de Santa Mar\u00eda.<\/span><\/div>\n\n\n\n<div class=\"wp-block-uagb-icon-list-child uagb-block-93d4dcc7\"><span class=\"uagb-icon-list__source-wrap\"><svg xmlns=\"https:\/\/www.w3.org\/2000\/svg\" viewbox=\"0 0 512 512\"><path d=\"M256 0C114.6 0 0 114.6 0 256c0 141.4 114.6 256 256 256s256-114.6 256-256C512 114.6 397.4 0 256 0zM406.6 278.6l-103.1 103.1c-12.5 12.5-32.75 12.5-45.25 0s-12.5-32.75 0-45.25L306.8 288H128C110.3 288 96 273.7 96 256s14.31-32 32-32h178.8l-49.38-49.38c-12.5-12.5-12.5-32.75 0-45.25s32.75-12.5 45.25 0l103.1 103.1C414.6 241.3 416 251.1 416 256C416 260.9 414.6 270.7 406.6 278.6z\"><\/path><\/svg><\/span><span class=\"uagb-icon-list__label\"><strong>Observa\u00e7\u00e3o sobre a fronteira:<\/strong> se voc\u00ea continuar at\u00e9 Posadas, Argentina, acrescente o tempo de travessia da fronteira.<\/span><\/div>\n\n\n\n<div class=\"wp-block-uagb-icon-list-child uagb-block-b7253419\"><span class=\"uagb-icon-list__source-wrap\"><svg xmlns=\"https:\/\/www.w3.org\/2000\/svg\" viewbox=\"0 0 512 512\"><path d=\"M256 0C114.6 0 0 114.6 0 256c0 141.4 114.6 256 256 256s256-114.6 256-256C512 114.6 397.4 0 256 0zM406.6 278.6l-103.1 103.1c-12.5 12.5-32.75 12.5-45.25 0s-12.5-32.75 0-45.25L306.8 288H128C110.3 288 96 273.7 96 256s14.31-32 32-32h178.8l-49.38-49.38c-12.5-12.5-12.5-32.75 0-45.25s32.75-12.5 45.25 0l103.1 103.1C414.6 241.3 416 251.1 416 256C416 260.9 414.6 270.7 406.6 278.6z\"><\/path><\/svg><\/span><span class=\"uagb-icon-list__label\">Dist\u00e2ncia total de carro de Assun\u00e7\u00e3o a Encarnaci\u00f3n: ~370 km em um sentido.<\/span><\/div>\n<\/div><\/div>\n<\/div><\/div>\n\n\n\n<div class=\"wp-block-uagb-container uagb-block-bb041ae5 alignfull uagb-is-root-container\"><div class=\"uagb-container-inner-blocks-wrap\">\n<div class=\"wp-block-uagb-info-box uagb-block-467524e0 uagb-infobox__content-wrap  uagb-infobox-icon-above-title uagb-infobox-image-valign-top\"><div class=\"uagb-ifb-content\"><div class=\"uagb-ifb-title-wrap\"><h5 class=\"uagb-ifb-title\"><strong>Por <\/strong>que escolher um traslado particular conosco?<\/h5><\/div><p class=\"uagb-ifb-desc\"><strong>A melhor maneira de ir de Assun\u00e7\u00e3o a Encarnaci\u00f3n<\/strong><br><br>N\u00e3o h\u00e1 \u00f4nibus noturno &#8211; viaje \u00e0 luz do dia, chegue descansado.<br>Traga equipamentos de praia, pranchas de surfe ou itens volumosos sem restri\u00e7\u00f5es.<br>Defina sua pr\u00f3pria partida: de manh\u00e3 cedo ou ao meio-dia &#8211; voc\u00ea decide.<br>Pare em locais de miss\u00f5es jesu\u00edtas ao longo da Rota 1, se voc\u00ea quiser.<br><br><strong>Projetado para fam\u00edlias, casais e grupos que valorizam o conforto em vez do pre\u00e7o.<\/strong><\/p><\/div><\/div>\n\n\n\n<div class=\"wp-block-uagb-info-box uagb-block-717cbbac uagb-infobox__content-wrap  uagb-infobox-icon-above-title uagb-infobox-image-valign-top\"><div class=\"uagb-ifb-content\"><div class=\"uagb-ifb-title-wrap\"><h5 class=\"uagb-ifb-title\"><strong>\ud83c\udfc6 <\/strong>Nossa experi\u00eancia<br\/><em>Paraguay Transfers on This Route<\/em><\/h5><\/div><p class=\"uagb-ifb-desc\">Motoristas profissionais com centenas de viagens na Rota 7.<br\/>Frota dispon\u00edvel: <strong>sedan, SUV e van<\/strong>, dependendo do tamanho do grupo.<br\/>Coordena\u00e7\u00e3o 100% via <strong>WhatsApp<\/strong> &#8211; simples, r\u00e1pida, sem necessidade de aplicativos.<br\/>Aten\u00e7\u00e3o personalizada desde a reserva at\u00e9 a entrega.<br\/> Servi\u00e7o<strong>porta a porta<\/strong>: buscamos voc\u00ea em seu endere\u00e7o em Assun\u00e7\u00e3o.<br\/>Sa\u00eddas pontuais e comunica\u00e7\u00e3o em tempo real durante toda a viagem.<\/p><div class=\"uagb-ifb-button-wrapper wp-block-button\"><a href=\"https:\/\/api.whatsapp.com\/send\/?phone=595994750178&amp;text=Hello%2C+I+would+like+to+book+a+transfer&amp;type=phone_number&amp;app_absent=0\" class=\"uagb-infobox-cta-link wp-block-button__link\" target=\"_blank\" rel=\"noopener noreferrer\" onclick=\"return true;\"><span class=\"uagb-inline-editing\">\ud83d\udce9 OBTENHA SUA COTA\u00c7\u00c3O PERSONALIZADA<\/span><\/a><\/div><\/div><\/div>\n<\/div><\/div>\n\n\n\n<p><\/p>\n","protected":false},"excerpt":{"rendered":"<p>Sobre esta rota Qual \u00e9 a dist\u00e2ncia entre Assun\u00e7\u00e3o e Encarnaci\u00f3n? Quanto tempo voc\u00ea leva para dirigir?<\/p>\n","protected":false},"author":1,"featured_media":3088,"parent":0,"menu_order":0,"comment_status":"closed","ping_status":"closed","template":"","meta":{"_uag_custom_page_level_css":"","site-sidebar-layout":"no-sidebar","site-content-layout":"page-builder","ast-global-header-display":"","ast-main-header-display":"","ast-hfb-above-header-display":"","ast-hfb-below-header-display":"","ast-hfb-mobile-header-display":"","site-post-title":"disabled","ast-breadcrumbs-content":"","ast-featured-img":"disabled","footer-sml-layout":"","theme-transparent-header-meta":"disabled","adv-header-id-meta":"","stick-header-meta":"","header-above-stick-meta":"","header-main-stick-meta":"","header-below-stick-meta":"","footnotes":""},"class_list":["post-4778","page","type-page","status-publish","has-post-thumbnail","hentry"],"yoast_head":"<!-- This site is optimized with the Yoast SEO plugin v27.5 - https:\/\/yoast.com\/product\/yoast-seo-wordpress\/ -->\n<title>Dist\u00e2ncia de Assun\u00e7\u00e3o a Encarnaci\u00f3n: Tempo de viagem<\/title>\n<meta name=\"description\" content=\"A dist\u00e2ncia de Assun\u00e7\u00e3o a Encarnaci\u00f3n \u00e9 de aproximadamente 370 km - cerca de 5 a 6 horas de carro. Voc\u00ea pode viajar com um traslado particular.\" \/>\n<meta name=\"robots\" content=\"index, follow, max-snippet:-1, max-image-preview:large, max-video-preview:-1\" \/>\n<link rel=\"canonical\" href=\"https:\/\/paraguaytransfers.com\/pt-br\/distancia-de-assuncao-a-encarnacion\/\" \/>\n<meta property=\"og:locale\" content=\"pt_BR\" \/>\n<meta property=\"og:type\" content=\"article\" \/>\n<meta property=\"og:title\" content=\"Dist\u00e2ncia de Assun\u00e7\u00e3o a Encarnaci\u00f3n: Tempo de viagem\" \/>\n<meta property=\"og:description\" content=\"A dist\u00e2ncia de Assun\u00e7\u00e3o a Encarnaci\u00f3n \u00e9 de aproximadamente 370 km - cerca de 5 a 6 horas de carro. Voc\u00ea pode viajar com um traslado particular.\" \/>\n<meta property=\"og:url\" content=\"https:\/\/paraguaytransfers.com\/pt-br\/distancia-de-assuncao-a-encarnacion\/\" \/>\n<meta property=\"og:site_name\" content=\"Paraguay Transfers\" \/>\n<meta property=\"article:publisher\" content=\"https:\/\/www.facebook.com\/quebrachoexport\" \/>\n<meta property=\"article:modified_time\" content=\"2026-04-22T10:21:23+00:00\" \/>\n<meta property=\"og:image\" content=\"https:\/\/paraguaytransfers.com\/wp-content\/uploads\/2025\/10\/paraguay-transfer-1-1024x683.png\" \/>\n\t<meta property=\"og:image:width\" content=\"1024\" \/>\n\t<meta property=\"og:image:height\" content=\"683\" \/>\n\t<meta property=\"og:image:type\" content=\"image\/png\" \/>\n<meta name=\"twitter:card\" content=\"summary_large_image\" \/>\n<meta name=\"twitter:label1\" content=\"Est. tempo de leitura\" \/>\n\t<meta name=\"twitter:data1\" content=\"2 minutos\" \/>\n<script type=\"application\/ld+json\" class=\"yoast-schema-graph\">{\"@context\":\"https:\\\/\\\/schema.org\",\"@graph\":[{\"@type\":\"WebPage\",\"@id\":\"https:\\\/\\\/paraguaytransfers.com\\\/pt-br\\\/distancia-de-assuncao-a-encarnacion\\\/\",\"url\":\"https:\\\/\\\/paraguaytransfers.com\\\/pt-br\\\/distancia-de-assuncao-a-encarnacion\\\/\",\"name\":\"Dist\u00e2ncia de Assun\u00e7\u00e3o a Encarnaci\u00f3n: Tempo de viagem\",\"isPartOf\":{\"@id\":\"https:\\\/\\\/paraguaytransfers.com\\\/pt-br\\\/#website\"},\"primaryImageOfPage\":{\"@id\":\"https:\\\/\\\/paraguaytransfers.com\\\/pt-br\\\/distancia-de-assuncao-a-encarnacion\\\/#primaryimage\"},\"image\":{\"@id\":\"https:\\\/\\\/paraguaytransfers.com\\\/pt-br\\\/distancia-de-assuncao-a-encarnacion\\\/#primaryimage\"},\"thumbnailUrl\":\"https:\\\/\\\/paraguaytransfers.com\\\/wp-content\\\/uploads\\\/2025\\\/10\\\/paraguay-transfer-1.png\",\"datePublished\":\"2026-04-20T17:41:32+00:00\",\"dateModified\":\"2026-04-22T10:21:23+00:00\",\"description\":\"A dist\u00e2ncia de Assun\u00e7\u00e3o a Encarnaci\u00f3n \u00e9 de aproximadamente 370 km - cerca de 5 a 6 horas de carro. Voc\u00ea pode viajar com um traslado particular.\",\"breadcrumb\":{\"@id\":\"https:\\\/\\\/paraguaytransfers.com\\\/pt-br\\\/distancia-de-assuncao-a-encarnacion\\\/#breadcrumb\"},\"inLanguage\":\"pt-BR\",\"potentialAction\":[{\"@type\":\"ReadAction\",\"target\":[\"https:\\\/\\\/paraguaytransfers.com\\\/pt-br\\\/distancia-de-assuncao-a-encarnacion\\\/\"]}]},{\"@type\":\"ImageObject\",\"inLanguage\":\"pt-BR\",\"@id\":\"https:\\\/\\\/paraguaytransfers.com\\\/pt-br\\\/distancia-de-assuncao-a-encarnacion\\\/#primaryimage\",\"url\":\"https:\\\/\\\/paraguaytransfers.com\\\/wp-content\\\/uploads\\\/2025\\\/10\\\/paraguay-transfer-1.png\",\"contentUrl\":\"https:\\\/\\\/paraguaytransfers.com\\\/wp-content\\\/uploads\\\/2025\\\/10\\\/paraguay-transfer-1.png\",\"width\":1536,\"height\":1024,\"caption\":\"Paraguay Private Transfers\"},{\"@type\":\"BreadcrumbList\",\"@id\":\"https:\\\/\\\/paraguaytransfers.com\\\/pt-br\\\/distancia-de-assuncao-a-encarnacion\\\/#breadcrumb\",\"itemListElement\":[{\"@type\":\"ListItem\",\"position\":1,\"name\":\"Home\",\"item\":\"https:\\\/\\\/paraguaytransfers.com\\\/pt-br\\\/\"},{\"@type\":\"ListItem\",\"position\":2,\"name\":\"Dist\u00e2ncia de Assun\u00e7\u00e3o a Encarnaci\u00f3n\"}]},{\"@type\":\"WebSite\",\"@id\":\"https:\\\/\\\/paraguaytransfers.com\\\/pt-br\\\/#website\",\"url\":\"https:\\\/\\\/paraguaytransfers.com\\\/pt-br\\\/\",\"name\":\"Paraguay Transfers\",\"description\":\"\",\"publisher\":{\"@id\":\"https:\\\/\\\/paraguaytransfers.com\\\/pt-br\\\/#organization\"},\"potentialAction\":[{\"@type\":\"SearchAction\",\"target\":{\"@type\":\"EntryPoint\",\"urlTemplate\":\"https:\\\/\\\/paraguaytransfers.com\\\/pt-br\\\/?s={search_term_string}\"},\"query-input\":{\"@type\":\"PropertyValueSpecification\",\"valueRequired\":true,\"valueName\":\"search_term_string\"}}],\"inLanguage\":\"pt-BR\"},{\"@type\":\"Organization\",\"@id\":\"https:\\\/\\\/paraguaytransfers.com\\\/pt-br\\\/#organization\",\"name\":\"Paraguay Transfers\",\"url\":\"https:\\\/\\\/paraguaytransfers.com\\\/pt-br\\\/\",\"logo\":{\"@type\":\"ImageObject\",\"inLanguage\":\"pt-BR\",\"@id\":\"https:\\\/\\\/paraguaytransfers.com\\\/pt-br\\\/#\\\/schema\\\/logo\\\/image\\\/\",\"url\":\"https:\\\/\\\/paraguaytransfers.com\\\/wp-content\\\/uploads\\\/2025\\\/10\\\/cropped-logoPT_4.png\",\"contentUrl\":\"https:\\\/\\\/paraguaytransfers.com\\\/wp-content\\\/uploads\\\/2025\\\/10\\\/cropped-logoPT_4.png\",\"width\":416,\"height\":143,\"caption\":\"Paraguay Transfers\"},\"image\":{\"@id\":\"https:\\\/\\\/paraguaytransfers.com\\\/pt-br\\\/#\\\/schema\\\/logo\\\/image\\\/\"},\"sameAs\":[\"https:\\\/\\\/www.facebook.com\\\/quebrachoexport\",\"https:\\\/\\\/www.linkedin.com\\\/company\\\/93223467\"]}]}<\/script>\n<!-- \/ Yoast SEO plugin. -->","yoast_head_json":{"title":"Dist\u00e2ncia de Assun\u00e7\u00e3o a Encarnaci\u00f3n: Tempo de viagem","description":"A dist\u00e2ncia de Assun\u00e7\u00e3o a Encarnaci\u00f3n \u00e9 de aproximadamente 370 km - cerca de 5 a 6 horas de carro. Voc\u00ea pode viajar com um traslado particular.","robots":{"index":"index","follow":"follow","max-snippet":"max-snippet:-1","max-image-preview":"max-image-preview:large","max-video-preview":"max-video-preview:-1"},"canonical":"https:\/\/paraguaytransfers.com\/pt-br\/distancia-de-assuncao-a-encarnacion\/","og_locale":"pt_BR","og_type":"article","og_title":"Dist\u00e2ncia de Assun\u00e7\u00e3o a Encarnaci\u00f3n: Tempo de viagem","og_description":"A dist\u00e2ncia de Assun\u00e7\u00e3o a Encarnaci\u00f3n \u00e9 de aproximadamente 370 km - cerca de 5 a 6 horas de carro. Voc\u00ea pode viajar com um traslado particular.","og_url":"https:\/\/paraguaytransfers.com\/pt-br\/distancia-de-assuncao-a-encarnacion\/","og_site_name":"Paraguay Transfers","article_publisher":"https:\/\/www.facebook.com\/quebrachoexport","article_modified_time":"2026-04-22T10:21:23+00:00","og_image":[{"width":1024,"height":683,"url":"https:\/\/paraguaytransfers.com\/wp-content\/uploads\/2025\/10\/paraguay-transfer-1-1024x683.png","type":"image\/png"}],"twitter_card":"summary_large_image","twitter_misc":{"Est. tempo de leitura":"2 minutos"},"schema":{"@context":"https:\/\/schema.org","@graph":[{"@type":"WebPage","@id":"https:\/\/paraguaytransfers.com\/pt-br\/distancia-de-assuncao-a-encarnacion\/","url":"https:\/\/paraguaytransfers.com\/pt-br\/distancia-de-assuncao-a-encarnacion\/","name":"Dist\u00e2ncia de Assun\u00e7\u00e3o a Encarnaci\u00f3n: Tempo de viagem","isPartOf":{"@id":"https:\/\/paraguaytransfers.com\/pt-br\/#website"},"primaryImageOfPage":{"@id":"https:\/\/paraguaytransfers.com\/pt-br\/distancia-de-assuncao-a-encarnacion\/#primaryimage"},"image":{"@id":"https:\/\/paraguaytransfers.com\/pt-br\/distancia-de-assuncao-a-encarnacion\/#primaryimage"},"thumbnailUrl":"https:\/\/paraguaytransfers.com\/wp-content\/uploads\/2025\/10\/paraguay-transfer-1.png","datePublished":"2026-04-20T17:41:32+00:00","dateModified":"2026-04-22T10:21:23+00:00","description":"A dist\u00e2ncia de Assun\u00e7\u00e3o a Encarnaci\u00f3n \u00e9 de aproximadamente 370 km - cerca de 5 a 6 horas de carro. Voc\u00ea pode viajar com um traslado particular.","breadcrumb":{"@id":"https:\/\/paraguaytransfers.com\/pt-br\/distancia-de-assuncao-a-encarnacion\/#breadcrumb"},"inLanguage":"pt-BR","potentialAction":[{"@type":"ReadAction","target":["https:\/\/paraguaytransfers.com\/pt-br\/distancia-de-assuncao-a-encarnacion\/"]}]},{"@type":"ImageObject","inLanguage":"pt-BR","@id":"https:\/\/paraguaytransfers.com\/pt-br\/distancia-de-assuncao-a-encarnacion\/#primaryimage","url":"https:\/\/paraguaytransfers.com\/wp-content\/uploads\/2025\/10\/paraguay-transfer-1.png","contentUrl":"https:\/\/paraguaytransfers.com\/wp-content\/uploads\/2025\/10\/paraguay-transfer-1.png","width":1536,"height":1024,"caption":"Paraguay Private Transfers"},{"@type":"BreadcrumbList","@id":"https:\/\/paraguaytransfers.com\/pt-br\/distancia-de-assuncao-a-encarnacion\/#breadcrumb","itemListElement":[{"@type":"ListItem","position":1,"name":"Home","item":"https:\/\/paraguaytransfers.com\/pt-br\/"},{"@type":"ListItem","position":2,"name":"Dist\u00e2ncia de Assun\u00e7\u00e3o a Encarnaci\u00f3n"}]},{"@type":"WebSite","@id":"https:\/\/paraguaytransfers.com\/pt-br\/#website","url":"https:\/\/paraguaytransfers.com\/pt-br\/","name":"Paraguay Transfers","description":"","publisher":{"@id":"https:\/\/paraguaytransfers.com\/pt-br\/#organization"},"potentialAction":[{"@type":"SearchAction","target":{"@type":"EntryPoint","urlTemplate":"https:\/\/paraguaytransfers.com\/pt-br\/?s={search_term_string}"},"query-input":{"@type":"PropertyValueSpecification","valueRequired":true,"valueName":"search_term_string"}}],"inLanguage":"pt-BR"},{"@type":"Organization","@id":"https:\/\/paraguaytransfers.com\/pt-br\/#organization","name":"Paraguay Transfers","url":"https:\/\/paraguaytransfers.com\/pt-br\/","logo":{"@type":"ImageObject","inLanguage":"pt-BR","@id":"https:\/\/paraguaytransfers.com\/pt-br\/#\/schema\/logo\/image\/","url":"https:\/\/paraguaytransfers.com\/wp-content\/uploads\/2025\/10\/cropped-logoPT_4.png","contentUrl":"https:\/\/paraguaytransfers.com\/wp-content\/uploads\/2025\/10\/cropped-logoPT_4.png","width":416,"height":143,"caption":"Paraguay Transfers"},"image":{"@id":"https:\/\/paraguaytransfers.com\/pt-br\/#\/schema\/logo\/image\/"},"sameAs":["https:\/\/www.facebook.com\/quebrachoexport","https:\/\/www.linkedin.com\/company\/93223467"]}]}},"uagb_featured_image_src":{"full":["https:\/\/paraguaytransfers.com\/wp-content\/uploads\/2025\/10\/paraguay-transfer-1.png",1536,1024,false],"thumbnail":["https:\/\/paraguaytransfers.com\/wp-content\/uploads\/2025\/10\/paraguay-transfer-1-150x150.png",150,150,true],"medium":["https:\/\/paraguaytransfers.com\/wp-content\/uploads\/2025\/10\/paraguay-transfer-1-300x200.png",300,200,true],"medium_large":["https:\/\/paraguaytransfers.com\/wp-content\/uploads\/2025\/10\/paraguay-transfer-1-768x512.png",768,512,true],"large":["https:\/\/paraguaytransfers.com\/wp-content\/uploads\/2025\/10\/paraguay-transfer-1-1024x683.png",1024,683,true],"1536x1536":["https:\/\/paraguaytransfers.com\/wp-content\/uploads\/2025\/10\/paraguay-transfer-1.png",1536,1024,false],"2048x2048":["https:\/\/paraguaytransfers.com\/wp-content\/uploads\/2025\/10\/paraguay-transfer-1.png",1536,1024,false]},"uagb_author_info":{"display_name":"admin","author_link":"https:\/\/paraguaytransfers.com\/pt-br\/author\/admin\/"},"uagb_comment_info":0,"uagb_excerpt":"Sobre esta rota Qual \u00e9 a dist\u00e2ncia entre Assun\u00e7\u00e3o e Encarnaci\u00f3n? Quanto tempo voc\u00ea leva para dirigir?","_links":{"self":[{"href":"https:\/\/paraguaytransfers.com\/pt-br\/wp-json\/wp\/v2\/pages\/4778","targetHints":{"allow":["GET"]}}],"collection":[{"href":"https:\/\/paraguaytransfers.com\/pt-br\/wp-json\/wp\/v2\/pages"}],"about":[{"href":"https:\/\/paraguaytransfers.com\/pt-br\/wp-json\/wp\/v2\/types\/page"}],"author":[{"embeddable":true,"href":"https:\/\/paraguaytransfers.com\/pt-br\/wp-json\/wp\/v2\/users\/1"}],"replies":[{"embeddable":true,"href":"https:\/\/paraguaytransfers.com\/pt-br\/wp-json\/wp\/v2\/comments?post=4778"}],"version-history":[{"count":4,"href":"https:\/\/paraguaytransfers.com\/pt-br\/wp-json\/wp\/v2\/pages\/4778\/revisions"}],"predecessor-version":[{"id":4848,"href":"https:\/\/paraguaytransfers.com\/pt-br\/wp-json\/wp\/v2\/pages\/4778\/revisions\/4848"}],"wp:featuredmedia":[{"embeddable":true,"href":"https:\/\/paraguaytransfers.com\/pt-br\/wp-json\/wp\/v2\/media\/3088"}],"wp:attachment":[{"href":"https:\/\/paraguaytransfers.com\/pt-br\/wp-json\/wp\/v2\/media?parent=4778"}],"curies":[{"name":"wp","href":"https:\/\/api.w.org\/{rel}","templated":true}]}}