{"id":4824,"date":"2026-04-21T12:00:36","date_gmt":"2026-04-21T12:00:36","guid":{"rendered":"https:\/\/paraguaytransfers.com\/?page_id=4824"},"modified":"2026-04-22T10:22:36","modified_gmt":"2026-04-22T10:22:36","slug":"distancia-de-assuncao-a-formosa","status":"publish","type":"page","link":"https:\/\/paraguaytransfers.com\/pt-br\/distancia-de-assuncao-a-formosa\/","title":{"rendered":"Dist\u00e2ncia de Assun\u00e7\u00e3o a Formosa"},"content":{"rendered":"\n<div class=\"wp-block-uagb-container uagb-block-1f87dc6d alignfull uagb-is-root-container\"><div class=\"uagb-container-inner-blocks-wrap\">\n<div class=\"wp-block-uagb-info-box uagb-block-67c67dbc uagb-infobox__content-wrap  uagb-infobox-icon-above-title uagb-infobox-image-valign-top\"><div class=\"uagb-ifb-content\"><div class=\"uagb-ifb-title-wrap\"><h1 class=\"uagb-ifb-title\">Dist\u00e2ncia de Asunci\u00f3n<br\/>para <em><em>Formosa<\/em><\/em><\/h1><\/div><p class=\"uagb-ifb-desc\">Qual a dist\u00e2ncia, a dura\u00e7\u00e3o e como chegar l\u00e1<\/p><div class=\"uagb-ifb-button-wrapper wp-block-button\"><a href=\"https:\/\/api.whatsapp.com\/send\/?phone=595994750178&amp;text=Hello%2C+I+would+like+to+book+a+transfer&amp;type=phone_number&amp;app_absent=0\" class=\"uagb-infobox-cta-link wp-block-button__link\" target=\"_blank\" rel=\"noopener noreferrer\" onclick=\"return true;\"><span class=\"uagb-inline-editing\">RESERVE SEU TRASLADO CONOSCO<\/span><\/a><\/div><\/div><\/div>\n<\/div><\/div>\n\n<p><\/p>\n\n<p><\/p>\n\n<div class=\"wp-block-uagb-container uagb-block-be8c9955 alignfull uagb-is-root-container\"><div class=\"uagb-container-inner-blocks-wrap\">\n<div class=\"wp-block-uagb-advanced-heading uagb-block-b6eb6c32\"><h2 class=\"uagb-heading-text\">Sobre esta rota<\/h2><\/div>\n\n\n\n<p class=\"has-text-align-center has-black-color has-text-color has-link-color has-medium-font-size wp-elements-58d61d4ecd5e17d55a0c085489b9af82\"><strong>Qual \u00e9 a dist\u00e2ncia entre Assun\u00e7\u00e3o e Formosa?<\/strong><\/p>\n\n\n\n<div class=\"wp-block-uagb-icon-list uagb-block-7ae6477a\"><div class=\"uagb-icon-list__wrap\">\n<div class=\"wp-block-uagb-icon-list-child uagb-block-1adac143\"><span class=\"uagb-icon-list__source-wrap\"><svg xmlns=\"https:\/\/www.w3.org\/2000\/svg\" viewbox=\"0 0 512 512\"><path d=\"M256 0C114.6 0 0 114.6 0 256c0 141.4 114.6 256 256 256s256-114.6 256-256C512 114.6 397.4 0 256 0zM406.6 278.6l-103.1 103.1c-12.5 12.5-32.75 12.5-45.25 0s-12.5-32.75 0-45.25L306.8 288H128C110.3 288 96 273.7 96 256s14.31-32 32-32h178.8l-49.38-49.38c-12.5-12.5-12.5-32.75 0-45.25s32.75-12.5 45.25 0l103.1 103.1C414.6 241.3 416 251.1 416 256C416 260.9 414.6 270.7 406.6 278.6z\"><\/path><\/svg><\/span><span class=\"uagb-icon-list__label\">A dist\u00e2ncia entre Assun\u00e7\u00e3o e Formosa \u00e9 de aproximadamente <strong>160 km<\/strong>.<\/span><\/div>\n\n\n\n<div class=\"wp-block-uagb-icon-list-child uagb-block-8d82e81a\"><span class=\"uagb-icon-list__source-wrap\"><svg xmlns=\"https:\/\/www.w3.org\/2000\/svg\" viewbox=\"0 0 512 512\"><path d=\"M256 0C114.6 0 0 114.6 0 256c0 141.4 114.6 256 256 256s256-114.6 256-256C512 114.6 397.4 0 256 0zM406.6 278.6l-103.1 103.1c-12.5 12.5-32.75 12.5-45.25 0s-12.5-32.75 0-45.25L306.8 288H128C110.3 288 96 273.7 96 256s14.31-32 32-32h178.8l-49.38-49.38c-12.5-12.5-12.5-32.75 0-45.25s32.75-12.5 45.25 0l103.1 103.1C414.6 241.3 416 251.1 416 256C416 260.9 414.6 270.7 406.6 278.6z\"><\/path><\/svg><\/span><span class=\"uagb-icon-list__label\">Voc\u00ea precisa atravessar um <strong>rio ou uma ponte<\/strong> para entrar na Argentina, dependendo do ponto de fronteira utilizado.<\/span><\/div>\n\n\n\n<div class=\"wp-block-uagb-icon-list-child uagb-block-8f5e8bc9\"><span class=\"uagb-icon-list__source-wrap\"><svg xmlns=\"https:\/\/www.w3.org\/2000\/svg\" viewbox=\"0 0 512 512\"><path d=\"M256 0C114.6 0 0 114.6 0 256c0 141.4 114.6 256 256 256s256-114.6 256-256C512 114.6 397.4 0 256 0zM406.6 278.6l-103.1 103.1c-12.5 12.5-32.75 12.5-45.25 0s-12.5-32.75 0-45.25L306.8 288H128C110.3 288 96 273.7 96 256s14.31-32 32-32h178.8l-49.38-49.38c-12.5-12.5-12.5-32.75 0-45.25s32.75-12.5 45.25 0l103.1 103.1C414.6 241.3 416 251.1 416 256C416 260.9 414.6 270.7 406.6 278.6z\"><\/path><\/svg><\/span><span class=\"uagb-icon-list__label\">Formosa \u00e9 a capital da prov\u00edncia argentina de mesmo nome.<\/span><\/div>\n\n\n\n<div class=\"wp-block-uagb-icon-list-child uagb-block-2b954a99\"><span class=\"uagb-icon-list__source-wrap\"><svg xmlns=\"https:\/\/www.w3.org\/2000\/svg\" viewbox=\"0 0 512 512\"><path d=\"M256 0C114.6 0 0 114.6 0 256c0 141.4 114.6 256 256 256s256-114.6 256-256C512 114.6 397.4 0 256 0zM406.6 278.6l-103.1 103.1c-12.5 12.5-32.75 12.5-45.25 0s-12.5-32.75 0-45.25L306.8 288H128C110.3 288 96 273.7 96 256s14.31-32 32-32h178.8l-49.38-49.38c-12.5-12.5-12.5-32.75 0-45.25s32.75-12.5 45.25 0l103.1 103.1C414.6 241.3 416 251.1 416 256C416 260.9 414.6 270.7 406.6 278.6z\"><\/path><\/svg><\/span><span class=\"uagb-icon-list__label\">Uma das <strong>travessias internacionais mais pr\u00f3ximas<\/strong> dispon\u00edveis a partir de Assun\u00e7\u00e3o.<\/span><\/div>\n\n\n\n<div class=\"wp-block-uagb-icon-list-child uagb-block-99dcf45a\"><span class=\"uagb-icon-list__source-wrap\"><svg xmlns=\"https:\/\/www.w3.org\/2000\/svg\" viewbox=\"0 0 512 512\"><path d=\"M256 0C114.6 0 0 114.6 0 256c0 141.4 114.6 256 256 256s256-114.6 256-256C512 114.6 397.4 0 256 0zM406.6 278.6l-103.1 103.1c-12.5 12.5-32.75 12.5-45.25 0s-12.5-32.75 0-45.25L306.8 288H128C110.3 288 96 273.7 96 256s14.31-32 32-32h178.8l-49.38-49.38c-12.5-12.5-12.5-32.75 0-45.25s32.75-12.5 45.25 0l103.1 103.1C414.6 241.3 416 251.1 416 256C416 260.9 414.6 270.7 406.6 278.6z\"><\/path><\/svg><\/span><span class=\"uagb-icon-list__label\">Frequentemente percorrida por residentes com la\u00e7os familiares ou comerciais em ambos os lados da fronteira.<\/span><\/div>\n<\/div><\/div>\n\n\n\n<p class=\"has-text-align-center has-black-color has-text-color has-link-color has-medium-font-size wp-elements-818ecac46b57762e1e57b6bfd3d1888b\"><strong>Quanto tempo voc\u00ea leva para dirigir?<\/strong><\/p>\n\n\n\n<div class=\"wp-block-uagb-icon-list uagb-block-1d3df12a\"><div class=\"uagb-icon-list__wrap\">\n<div class=\"wp-block-uagb-icon-list-child uagb-block-7f4ad018\"><span class=\"uagb-icon-list__source-wrap\"><svg xmlns=\"https:\/\/www.w3.org\/2000\/svg\" viewbox=\"0 0 512 512\"><path d=\"M256 0C114.6 0 0 114.6 0 256c0 141.4 114.6 256 256 256s256-114.6 256-256C512 114.6 397.4 0 256 0zM406.6 278.6l-103.1 103.1c-12.5 12.5-32.75 12.5-45.25 0s-12.5-32.75 0-45.25L306.8 288H128C110.3 288 96 273.7 96 256s14.31-32 32-32h178.8l-49.38-49.38c-12.5-12.5-12.5-32.75 0-45.25s32.75-12.5 45.25 0l103.1 103.1C414.6 241.3 416 251.1 416 256C416 260.9 414.6 270.7 406.6 278.6z\"><\/path><\/svg><\/span><span class=\"uagb-icon-list__label\"><strong>Tempo estimado:<\/strong> 2,5 a 3,5 horas, incluindo as formalidades na fronteira.<\/span><\/div>\n\n\n\n<div class=\"wp-block-uagb-icon-list-child uagb-block-6a38f51b\"><span class=\"uagb-icon-list__source-wrap\"><svg xmlns=\"https:\/\/www.w3.org\/2000\/svg\" viewbox=\"0 0 512 512\"><path d=\"M256 0C114.6 0 0 114.6 0 256c0 141.4 114.6 256 256 256s256-114.6 256-256C512 114.6 397.4 0 256 0zM406.6 278.6l-103.1 103.1c-12.5 12.5-32.75 12.5-45.25 0s-12.5-32.75 0-45.25L306.8 288H128C110.3 288 96 273.7 96 256s14.31-32 32-32h178.8l-49.38-49.38c-12.5-12.5-12.5-32.75 0-45.25s32.75-12.5 45.25 0l103.1 103.1C414.6 241.3 416 251.1 416 256C416 260.9 414.6 270.7 406.6 278.6z\"><\/path><\/svg><\/span><span class=\"uagb-icon-list__label\"><strong>Espera na fronteira:<\/strong> varia de acordo com a hora do dia e o fluxo de passageiros.<\/span><\/div>\n\n\n\n<div class=\"wp-block-uagb-icon-list-child uagb-block-4ea7d9df\"><span class=\"uagb-icon-list__source-wrap\"><svg xmlns=\"https:\/\/www.w3.org\/2000\/svg\" viewbox=\"0 0 512 512\"><path d=\"M256 0C114.6 0 0 114.6 0 256c0 141.4 114.6 256 256 256s256-114.6 256-256C512 114.6 397.4 0 256 0zM406.6 278.6l-103.1 103.1c-12.5 12.5-32.75 12.5-45.25 0s-12.5-32.75 0-45.25L306.8 288H128C110.3 288 96 273.7 96 256s14.31-32 32-32h178.8l-49.38-49.38c-12.5-12.5-12.5-32.75 0-45.25s32.75-12.5 45.25 0l103.1 103.1C414.6 241.3 416 251.1 416 256C416 260.9 414.6 270.7 406.6 278.6z\"><\/path><\/svg><\/span><span class=\"uagb-icon-list__label\"><strong>Tr\u00e2nsito em Assun\u00e7\u00e3o:<\/strong> pode levar de 20 a 30 minutos a mais no hor\u00e1rio de pico.<\/span><\/div>\n\n\n\n<div class=\"wp-block-uagb-icon-list-child uagb-block-91fa09ac\"><span class=\"uagb-icon-list__source-wrap\"><svg xmlns=\"https:\/\/www.w3.org\/2000\/svg\" viewbox=\"0 0 512 512\"><path d=\"M256 0C114.6 0 0 114.6 0 256c0 141.4 114.6 256 256 256s256-114.6 256-256C512 114.6 397.4 0 256 0zM406.6 278.6l-103.1 103.1c-12.5 12.5-32.75 12.5-45.25 0s-12.5-32.75 0-45.25L306.8 288H128C110.3 288 96 273.7 96 256s14.31-32 32-32h178.8l-49.38-49.38c-12.5-12.5-12.5-32.75 0-45.25s32.75-12.5 45.25 0l103.1 103.1C414.6 241.3 416 251.1 416 256C416 260.9 414.6 270.7 406.6 278.6z\"><\/path><\/svg><\/span><span class=\"uagb-icon-list__label\"><strong>Documenta\u00e7\u00e3o:<\/strong> o motorista conhece perfeitamente o procedimento de travessia.<\/span><\/div>\n\n\n\n<div class=\"wp-block-uagb-icon-list-child uagb-block-93d4dcc7\"><span class=\"uagb-icon-list__source-wrap\"><svg xmlns=\"https:\/\/www.w3.org\/2000\/svg\" viewbox=\"0 0 512 512\"><path d=\"M256 0C114.6 0 0 114.6 0 256c0 141.4 114.6 256 256 256s256-114.6 256-256C512 114.6 397.4 0 256 0zM406.6 278.6l-103.1 103.1c-12.5 12.5-32.75 12.5-45.25 0s-12.5-32.75 0-45.25L306.8 288H128C110.3 288 96 273.7 96 256s14.31-32 32-32h178.8l-49.38-49.38c-12.5-12.5-12.5-32.75 0-45.25s32.75-12.5 45.25 0l103.1 103.1C414.6 241.3 416 251.1 416 256C416 260.9 414.6 270.7 406.6 278.6z\"><\/path><\/svg><\/span><span class=\"uagb-icon-list__label\"><strong>Melhor hor\u00e1rio para atravessar:<\/strong> de manh\u00e3 cedo para que voc\u00ea tenha menos tempo de espera.<\/span><\/div>\n\n\n\n<div class=\"wp-block-uagb-icon-list-child uagb-block-b7253419\"><span class=\"uagb-icon-list__source-wrap\"><svg xmlns=\"https:\/\/www.w3.org\/2000\/svg\" viewbox=\"0 0 512 512\"><path d=\"M256 0C114.6 0 0 114.6 0 256c0 141.4 114.6 256 256 256s256-114.6 256-256C512 114.6 397.4 0 256 0zM406.6 278.6l-103.1 103.1c-12.5 12.5-32.75 12.5-45.25 0s-12.5-32.75 0-45.25L306.8 288H128C110.3 288 96 273.7 96 256s14.31-32 32-32h178.8l-49.38-49.38c-12.5-12.5-12.5-32.75 0-45.25s32.75-12.5 45.25 0l103.1 103.1C414.6 241.3 416 251.1 416 256C416 260.9 414.6 270.7 406.6 278.6z\"><\/path><\/svg><\/span><span class=\"uagb-icon-list__label\">Dist\u00e2ncia total de carro de Assun\u00e7\u00e3o a Formosa: <strong>~160 km de<\/strong> ida.<\/span><\/div>\n<\/div><\/div>\n<\/div><\/div>\n\n<div class=\"wp-block-uagb-container uagb-block-bb041ae5 alignfull uagb-is-root-container\"><div class=\"uagb-container-inner-blocks-wrap\">\n<div class=\"wp-block-uagb-info-box uagb-block-467524e0 uagb-infobox__content-wrap  uagb-infobox-icon-above-title uagb-infobox-image-valign-top\"><div class=\"uagb-ifb-content\"><div class=\"uagb-ifb-title-wrap\"><h5 class=\"uagb-ifb-title\"><strong>Por <\/strong>que escolher um traslado particular conosco?<\/h5><\/div><p class=\"uagb-ifb-desc\"><strong>A melhor maneira de ir de Assun\u00e7\u00e3o a Formosa<\/strong><br\/><strong><br\/><\/strong>O motorista guia voc\u00ea pela passagem da fronteira &#8211; sem confus\u00e3o, sem estresse.<br\/>Sem troca de ve\u00edculos ou espera em terminais de \u00f4nibus p\u00fablicos.<br\/>Partida no hor\u00e1rio que se encaixa no seu compromisso, reuni\u00e3o ou voo.<br\/>Porta a porta: do seu endere\u00e7o em Assun\u00e7\u00e3o direto para Formosa.<br\/>Ideal para viagens m\u00e9dicas, visitas familiares ou viagens de neg\u00f3cios.<br\/>Traga a quantidade de bagagem que voc\u00ea precisar &#8211; sem restri\u00e7\u00f5es.<\/p><\/div><\/div>\n\n\n\n<div class=\"wp-block-uagb-info-box uagb-block-717cbbac uagb-infobox__content-wrap  uagb-infobox-icon-above-title uagb-infobox-image-valign-top\"><div class=\"uagb-ifb-content\"><div class=\"uagb-ifb-title-wrap\"><h5 class=\"uagb-ifb-title\"><strong>\ud83c\udfc6 <\/strong>Nossa experi\u00eancia<br\/><em>Paraguay Transfers on This Route<\/em><\/h5><\/div><p class=\"uagb-ifb-desc\">Motoristas profissionais com centenas de viagens na Rota 7.<br\/>Frota dispon\u00edvel: <strong>sedan, SUV e van<\/strong>, dependendo do tamanho do grupo.<br\/>Coordena\u00e7\u00e3o 100% via <strong>WhatsApp<\/strong> &#8211; simples, r\u00e1pida, sem necessidade de aplicativos.<br\/>Aten\u00e7\u00e3o personalizada desde a reserva at\u00e9 a entrega.<br\/> Servi\u00e7o<strong>porta a porta<\/strong>: buscamos voc\u00ea em seu endere\u00e7o em Assun\u00e7\u00e3o.<br\/>Sa\u00eddas pontuais e comunica\u00e7\u00e3o em tempo real durante toda a viagem.<\/p><div class=\"uagb-ifb-button-wrapper wp-block-button\"><a href=\"https:\/\/api.whatsapp.com\/send\/?phone=595994750178&amp;text=Hello%2C+I+would+like+to+book+a+transfer&amp;type=phone_number&amp;app_absent=0\" class=\"uagb-infobox-cta-link wp-block-button__link\" target=\"_blank\" rel=\"noopener noreferrer\" onclick=\"return true;\"><span class=\"uagb-inline-editing\">\ud83d\udce9 OBTENHA SUA COTA\u00c7\u00c3O PERSONALIZADA<\/span><\/a><\/div><\/div><\/div>\n<\/div><\/div>\n\n<p><\/p>\n","protected":false},"excerpt":{"rendered":"<p>Sobre esta rota Qual \u00e9 a dist\u00e2ncia entre Assun\u00e7\u00e3o e Formosa? Quanto tempo voc\u00ea leva para dirigir?<\/p>\n","protected":false},"author":1,"featured_media":3088,"parent":0,"menu_order":0,"comment_status":"closed","ping_status":"closed","template":"","meta":{"_uag_custom_page_level_css":"","site-sidebar-layout":"no-sidebar","site-content-layout":"page-builder","ast-global-header-display":"","ast-main-header-display":"","ast-hfb-above-header-display":"","ast-hfb-below-header-display":"","ast-hfb-mobile-header-display":"","site-post-title":"disabled","ast-breadcrumbs-content":"","ast-featured-img":"disabled","footer-sml-layout":"","theme-transparent-header-meta":"disabled","adv-header-id-meta":"","stick-header-meta":"","header-above-stick-meta":"","header-main-stick-meta":"","header-below-stick-meta":"","footnotes":""},"class_list":["post-4824","page","type-page","status-publish","has-post-thumbnail","hentry"],"yoast_head":"<!-- This site is optimized with the Yoast SEO plugin v27.5 - https:\/\/yoast.com\/product\/yoast-seo-wordpress\/ -->\n<title>Dist\u00e2ncia de Assun\u00e7\u00e3o a Formosa: tempo de viagem e traslado particular<\/title>\n<meta name=\"description\" content=\"A dist\u00e2ncia de Assun\u00e7\u00e3o a Formosa \u00e9 de aproximadamente 160 km - cerca de 2,5 a 3,5 horas, incluindo a travessia da fronteira. Viaje de porta em porta conosco.\" \/>\n<meta name=\"robots\" content=\"index, follow, max-snippet:-1, max-image-preview:large, max-video-preview:-1\" \/>\n<link rel=\"canonical\" href=\"https:\/\/paraguaytransfers.com\/pt-br\/distancia-de-assuncao-a-formosa\/\" \/>\n<meta property=\"og:locale\" content=\"pt_BR\" \/>\n<meta property=\"og:type\" content=\"article\" \/>\n<meta property=\"og:title\" content=\"Dist\u00e2ncia de Assun\u00e7\u00e3o a Formosa: tempo de viagem e traslado particular\" \/>\n<meta property=\"og:description\" content=\"A dist\u00e2ncia de Assun\u00e7\u00e3o a Formosa \u00e9 de aproximadamente 160 km - cerca de 2,5 a 3,5 horas, incluindo a travessia da fronteira. Viaje de porta em porta conosco.\" \/>\n<meta property=\"og:url\" content=\"https:\/\/paraguaytransfers.com\/pt-br\/distancia-de-assuncao-a-formosa\/\" \/>\n<meta property=\"og:site_name\" content=\"Paraguay Transfers\" \/>\n<meta property=\"article:publisher\" content=\"https:\/\/www.facebook.com\/quebrachoexport\" \/>\n<meta property=\"article:modified_time\" content=\"2026-04-22T10:22:36+00:00\" \/>\n<meta property=\"og:image\" content=\"https:\/\/paraguaytransfers.com\/wp-content\/uploads\/2025\/10\/paraguay-transfer-1-1024x683.png\" \/>\n\t<meta property=\"og:image:width\" content=\"1024\" \/>\n\t<meta property=\"og:image:height\" content=\"683\" \/>\n\t<meta property=\"og:image:type\" content=\"image\/png\" \/>\n<meta name=\"twitter:card\" content=\"summary_large_image\" \/>\n<meta name=\"twitter:label1\" content=\"Est. tempo de leitura\" \/>\n\t<meta name=\"twitter:data1\" content=\"1 minuto\" \/>\n<script type=\"application\/ld+json\" class=\"yoast-schema-graph\">{\"@context\":\"https:\\\/\\\/schema.org\",\"@graph\":[{\"@type\":\"WebPage\",\"@id\":\"https:\\\/\\\/paraguaytransfers.com\\\/pt-br\\\/distancia-de-assuncao-a-formosa\\\/\",\"url\":\"https:\\\/\\\/paraguaytransfers.com\\\/pt-br\\\/distancia-de-assuncao-a-formosa\\\/\",\"name\":\"Dist\u00e2ncia de Assun\u00e7\u00e3o a Formosa: tempo de viagem e traslado particular\",\"isPartOf\":{\"@id\":\"https:\\\/\\\/paraguaytransfers.com\\\/pt-br\\\/#website\"},\"primaryImageOfPage\":{\"@id\":\"https:\\\/\\\/paraguaytransfers.com\\\/pt-br\\\/distancia-de-assuncao-a-formosa\\\/#primaryimage\"},\"image\":{\"@id\":\"https:\\\/\\\/paraguaytransfers.com\\\/pt-br\\\/distancia-de-assuncao-a-formosa\\\/#primaryimage\"},\"thumbnailUrl\":\"https:\\\/\\\/paraguaytransfers.com\\\/wp-content\\\/uploads\\\/2025\\\/10\\\/paraguay-transfer-1.png\",\"datePublished\":\"2026-04-21T12:00:36+00:00\",\"dateModified\":\"2026-04-22T10:22:36+00:00\",\"description\":\"A dist\u00e2ncia de Assun\u00e7\u00e3o a Formosa \u00e9 de aproximadamente 160 km - cerca de 2,5 a 3,5 horas, incluindo a travessia da fronteira. Viaje de porta em porta conosco.\",\"breadcrumb\":{\"@id\":\"https:\\\/\\\/paraguaytransfers.com\\\/pt-br\\\/distancia-de-assuncao-a-formosa\\\/#breadcrumb\"},\"inLanguage\":\"pt-BR\",\"potentialAction\":[{\"@type\":\"ReadAction\",\"target\":[\"https:\\\/\\\/paraguaytransfers.com\\\/pt-br\\\/distancia-de-assuncao-a-formosa\\\/\"]}]},{\"@type\":\"ImageObject\",\"inLanguage\":\"pt-BR\",\"@id\":\"https:\\\/\\\/paraguaytransfers.com\\\/pt-br\\\/distancia-de-assuncao-a-formosa\\\/#primaryimage\",\"url\":\"https:\\\/\\\/paraguaytransfers.com\\\/wp-content\\\/uploads\\\/2025\\\/10\\\/paraguay-transfer-1.png\",\"contentUrl\":\"https:\\\/\\\/paraguaytransfers.com\\\/wp-content\\\/uploads\\\/2025\\\/10\\\/paraguay-transfer-1.png\",\"width\":1536,\"height\":1024,\"caption\":\"Paraguay Private Transfers\"},{\"@type\":\"BreadcrumbList\",\"@id\":\"https:\\\/\\\/paraguaytransfers.com\\\/pt-br\\\/distancia-de-assuncao-a-formosa\\\/#breadcrumb\",\"itemListElement\":[{\"@type\":\"ListItem\",\"position\":1,\"name\":\"Home\",\"item\":\"https:\\\/\\\/paraguaytransfers.com\\\/pt-br\\\/\"},{\"@type\":\"ListItem\",\"position\":2,\"name\":\"Dist\u00e2ncia de Assun\u00e7\u00e3o a Formosa\"}]},{\"@type\":\"WebSite\",\"@id\":\"https:\\\/\\\/paraguaytransfers.com\\\/pt-br\\\/#website\",\"url\":\"https:\\\/\\\/paraguaytransfers.com\\\/pt-br\\\/\",\"name\":\"Paraguay Transfers\",\"description\":\"\",\"publisher\":{\"@id\":\"https:\\\/\\\/paraguaytransfers.com\\\/pt-br\\\/#organization\"},\"potentialAction\":[{\"@type\":\"SearchAction\",\"target\":{\"@type\":\"EntryPoint\",\"urlTemplate\":\"https:\\\/\\\/paraguaytransfers.com\\\/pt-br\\\/?s={search_term_string}\"},\"query-input\":{\"@type\":\"PropertyValueSpecification\",\"valueRequired\":true,\"valueName\":\"search_term_string\"}}],\"inLanguage\":\"pt-BR\"},{\"@type\":\"Organization\",\"@id\":\"https:\\\/\\\/paraguaytransfers.com\\\/pt-br\\\/#organization\",\"name\":\"Paraguay Transfers\",\"url\":\"https:\\\/\\\/paraguaytransfers.com\\\/pt-br\\\/\",\"logo\":{\"@type\":\"ImageObject\",\"inLanguage\":\"pt-BR\",\"@id\":\"https:\\\/\\\/paraguaytransfers.com\\\/pt-br\\\/#\\\/schema\\\/logo\\\/image\\\/\",\"url\":\"https:\\\/\\\/paraguaytransfers.com\\\/wp-content\\\/uploads\\\/2025\\\/10\\\/cropped-logoPT_4.png\",\"contentUrl\":\"https:\\\/\\\/paraguaytransfers.com\\\/wp-content\\\/uploads\\\/2025\\\/10\\\/cropped-logoPT_4.png\",\"width\":416,\"height\":143,\"caption\":\"Paraguay Transfers\"},\"image\":{\"@id\":\"https:\\\/\\\/paraguaytransfers.com\\\/pt-br\\\/#\\\/schema\\\/logo\\\/image\\\/\"},\"sameAs\":[\"https:\\\/\\\/www.facebook.com\\\/quebrachoexport\",\"https:\\\/\\\/www.linkedin.com\\\/company\\\/93223467\"]}]}<\/script>\n<!-- \/ Yoast SEO plugin. -->","yoast_head_json":{"title":"Dist\u00e2ncia de Assun\u00e7\u00e3o a Formosa: tempo de viagem e traslado particular","description":"A dist\u00e2ncia de Assun\u00e7\u00e3o a Formosa \u00e9 de aproximadamente 160 km - cerca de 2,5 a 3,5 horas, incluindo a travessia da fronteira. Viaje de porta em porta conosco.","robots":{"index":"index","follow":"follow","max-snippet":"max-snippet:-1","max-image-preview":"max-image-preview:large","max-video-preview":"max-video-preview:-1"},"canonical":"https:\/\/paraguaytransfers.com\/pt-br\/distancia-de-assuncao-a-formosa\/","og_locale":"pt_BR","og_type":"article","og_title":"Dist\u00e2ncia de Assun\u00e7\u00e3o a Formosa: tempo de viagem e traslado particular","og_description":"A dist\u00e2ncia de Assun\u00e7\u00e3o a Formosa \u00e9 de aproximadamente 160 km - cerca de 2,5 a 3,5 horas, incluindo a travessia da fronteira. Viaje de porta em porta conosco.","og_url":"https:\/\/paraguaytransfers.com\/pt-br\/distancia-de-assuncao-a-formosa\/","og_site_name":"Paraguay Transfers","article_publisher":"https:\/\/www.facebook.com\/quebrachoexport","article_modified_time":"2026-04-22T10:22:36+00:00","og_image":[{"width":1024,"height":683,"url":"https:\/\/paraguaytransfers.com\/wp-content\/uploads\/2025\/10\/paraguay-transfer-1-1024x683.png","type":"image\/png"}],"twitter_card":"summary_large_image","twitter_misc":{"Est. tempo de leitura":"1 minuto"},"schema":{"@context":"https:\/\/schema.org","@graph":[{"@type":"WebPage","@id":"https:\/\/paraguaytransfers.com\/pt-br\/distancia-de-assuncao-a-formosa\/","url":"https:\/\/paraguaytransfers.com\/pt-br\/distancia-de-assuncao-a-formosa\/","name":"Dist\u00e2ncia de Assun\u00e7\u00e3o a Formosa: tempo de viagem e traslado particular","isPartOf":{"@id":"https:\/\/paraguaytransfers.com\/pt-br\/#website"},"primaryImageOfPage":{"@id":"https:\/\/paraguaytransfers.com\/pt-br\/distancia-de-assuncao-a-formosa\/#primaryimage"},"image":{"@id":"https:\/\/paraguaytransfers.com\/pt-br\/distancia-de-assuncao-a-formosa\/#primaryimage"},"thumbnailUrl":"https:\/\/paraguaytransfers.com\/wp-content\/uploads\/2025\/10\/paraguay-transfer-1.png","datePublished":"2026-04-21T12:00:36+00:00","dateModified":"2026-04-22T10:22:36+00:00","description":"A dist\u00e2ncia de Assun\u00e7\u00e3o a Formosa \u00e9 de aproximadamente 160 km - cerca de 2,5 a 3,5 horas, incluindo a travessia da fronteira. Viaje de porta em porta conosco.","breadcrumb":{"@id":"https:\/\/paraguaytransfers.com\/pt-br\/distancia-de-assuncao-a-formosa\/#breadcrumb"},"inLanguage":"pt-BR","potentialAction":[{"@type":"ReadAction","target":["https:\/\/paraguaytransfers.com\/pt-br\/distancia-de-assuncao-a-formosa\/"]}]},{"@type":"ImageObject","inLanguage":"pt-BR","@id":"https:\/\/paraguaytransfers.com\/pt-br\/distancia-de-assuncao-a-formosa\/#primaryimage","url":"https:\/\/paraguaytransfers.com\/wp-content\/uploads\/2025\/10\/paraguay-transfer-1.png","contentUrl":"https:\/\/paraguaytransfers.com\/wp-content\/uploads\/2025\/10\/paraguay-transfer-1.png","width":1536,"height":1024,"caption":"Paraguay Private Transfers"},{"@type":"BreadcrumbList","@id":"https:\/\/paraguaytransfers.com\/pt-br\/distancia-de-assuncao-a-formosa\/#breadcrumb","itemListElement":[{"@type":"ListItem","position":1,"name":"Home","item":"https:\/\/paraguaytransfers.com\/pt-br\/"},{"@type":"ListItem","position":2,"name":"Dist\u00e2ncia de Assun\u00e7\u00e3o a Formosa"}]},{"@type":"WebSite","@id":"https:\/\/paraguaytransfers.com\/pt-br\/#website","url":"https:\/\/paraguaytransfers.com\/pt-br\/","name":"Paraguay Transfers","description":"","publisher":{"@id":"https:\/\/paraguaytransfers.com\/pt-br\/#organization"},"potentialAction":[{"@type":"SearchAction","target":{"@type":"EntryPoint","urlTemplate":"https:\/\/paraguaytransfers.com\/pt-br\/?s={search_term_string}"},"query-input":{"@type":"PropertyValueSpecification","valueRequired":true,"valueName":"search_term_string"}}],"inLanguage":"pt-BR"},{"@type":"Organization","@id":"https:\/\/paraguaytransfers.com\/pt-br\/#organization","name":"Paraguay Transfers","url":"https:\/\/paraguaytransfers.com\/pt-br\/","logo":{"@type":"ImageObject","inLanguage":"pt-BR","@id":"https:\/\/paraguaytransfers.com\/pt-br\/#\/schema\/logo\/image\/","url":"https:\/\/paraguaytransfers.com\/wp-content\/uploads\/2025\/10\/cropped-logoPT_4.png","contentUrl":"https:\/\/paraguaytransfers.com\/wp-content\/uploads\/2025\/10\/cropped-logoPT_4.png","width":416,"height":143,"caption":"Paraguay Transfers"},"image":{"@id":"https:\/\/paraguaytransfers.com\/pt-br\/#\/schema\/logo\/image\/"},"sameAs":["https:\/\/www.facebook.com\/quebrachoexport","https:\/\/www.linkedin.com\/company\/93223467"]}]}},"uagb_featured_image_src":{"full":["https:\/\/paraguaytransfers.com\/wp-content\/uploads\/2025\/10\/paraguay-transfer-1.png",1536,1024,false],"thumbnail":["https:\/\/paraguaytransfers.com\/wp-content\/uploads\/2025\/10\/paraguay-transfer-1-150x150.png",150,150,true],"medium":["https:\/\/paraguaytransfers.com\/wp-content\/uploads\/2025\/10\/paraguay-transfer-1-300x200.png",300,200,true],"medium_large":["https:\/\/paraguaytransfers.com\/wp-content\/uploads\/2025\/10\/paraguay-transfer-1-768x512.png",768,512,true],"large":["https:\/\/paraguaytransfers.com\/wp-content\/uploads\/2025\/10\/paraguay-transfer-1-1024x683.png",1024,683,true],"1536x1536":["https:\/\/paraguaytransfers.com\/wp-content\/uploads\/2025\/10\/paraguay-transfer-1.png",1536,1024,false],"2048x2048":["https:\/\/paraguaytransfers.com\/wp-content\/uploads\/2025\/10\/paraguay-transfer-1.png",1536,1024,false]},"uagb_author_info":{"display_name":"admin","author_link":"https:\/\/paraguaytransfers.com\/pt-br\/author\/admin\/"},"uagb_comment_info":0,"uagb_excerpt":"Sobre esta rota Qual \u00e9 a dist\u00e2ncia entre Assun\u00e7\u00e3o e Formosa? Quanto tempo voc\u00ea leva para dirigir?","_links":{"self":[{"href":"https:\/\/paraguaytransfers.com\/pt-br\/wp-json\/wp\/v2\/pages\/4824","targetHints":{"allow":["GET"]}}],"collection":[{"href":"https:\/\/paraguaytransfers.com\/pt-br\/wp-json\/wp\/v2\/pages"}],"about":[{"href":"https:\/\/paraguaytransfers.com\/pt-br\/wp-json\/wp\/v2\/types\/page"}],"author":[{"embeddable":true,"href":"https:\/\/paraguaytransfers.com\/pt-br\/wp-json\/wp\/v2\/users\/1"}],"replies":[{"embeddable":true,"href":"https:\/\/paraguaytransfers.com\/pt-br\/wp-json\/wp\/v2\/comments?post=4824"}],"version-history":[{"count":6,"href":"https:\/\/paraguaytransfers.com\/pt-br\/wp-json\/wp\/v2\/pages\/4824\/revisions"}],"predecessor-version":[{"id":4851,"href":"https:\/\/paraguaytransfers.com\/pt-br\/wp-json\/wp\/v2\/pages\/4824\/revisions\/4851"}],"wp:featuredmedia":[{"embeddable":true,"href":"https:\/\/paraguaytransfers.com\/pt-br\/wp-json\/wp\/v2\/media\/3088"}],"wp:attachment":[{"href":"https:\/\/paraguaytransfers.com\/pt-br\/wp-json\/wp\/v2\/media?parent=4824"}],"curies":[{"name":"wp","href":"https:\/\/api.w.org\/{rel}","templated":true}]}}